{"id":115,"date":"2021-07-11T20:57:36","date_gmt":"2021-07-11T18:57:36","guid":{"rendered":"https:\/\/www.granalacant.com\/de\/?page_id=115"},"modified":"2021-09-01T20:07:56","modified_gmt":"2021-09-01T18:07:56","slug":"ferienhaus-mieten-gran-alacant","status":"publish","type":"page","link":"https:\/\/www.granalacant.com\/de\/ferienhaus-mieten-gran-alacant\/","title":{"rendered":"Urlaub am Strand: Ferienhaus in Gran Alacant mieten"},"content":{"rendered":"<p>Das Mietangebot in<strong> Gran Alacant<\/strong> ist riesig. Im Prinzip besteht der Ort zu <strong>90% aus Ferienimmobilien<\/strong>. Die Lage zum Meer, das milde mediterrane Klima, die bestehende Infrastruktur sowie die N\u00e4he zum 4. gr\u00f6\u00dften Flughafen in Spanien, dem Airport Alicante sowie zur wundersch\u00f6nen Altstadt von Alicante sind nur einige Punkte, welche Gran Alacant zu einem <strong>erstklassigen Urlaubsgebiet<\/strong> macht. Offiziell gibt es laut der <a href=\"http:\/\/www.turisme.gva.es\/opencms\/opencms\/turisme\/es\/index.jsp\" target=\"_blank\" rel=\"noopener\">Tourismusbeh\u00f6rde<\/a> in Santa Pola (Gran Alacant ist ein Stadtteil von Santa Pola) insgesamt 2.344 gemeldete Wohnungseinheiten, die zur Vermietung zugelassen sind (Stand 07\/2021).<\/p>\n<p>Gerade f\u00fcr Familien, welche etwas mehr Platz ben\u00f6tigen eine eigene Versorgung w\u00fcnschen und nach einem Ferienhaus suchen, bietet Gran Alacant immer ausreichend Angebot, auch in der Hochsaison! Sie sollten wissen, dass die meisten H\u00e4user in sogenannten <strong>Urbanisationen<\/strong> liegen, welche eingez\u00e4unt sind und in der Regel einen Gemeinschaftspool bieten. Die eingez\u00e4unten Gebiete sind meist nur mit einem Schl\u00fcssel oder Chip zu betreten. Die Areale bieten so eine gewisse Intimit\u00e4t und zugleich Freiraum f\u00fcr Kinder sich innerhalb der Urbanisation zu bewegen ohne \u00fcber irgendwelche Stra\u00dfen laufen zu m\u00fcssen.<\/p>\n<p><img decoding=\"async\" loading=\"lazy\" class=\"alignnone wp-image-116 size-full\" src=\"https:\/\/www.granalacant.com\/de\/wp-content\/uploads\/2021\/07\/airbnb-gran-alacant.jpg\" alt=\"Vermietungen in Gran Alacant - Ferienh\u00e4user und Ferienwohnungen in Gran Alacant\" width=\"800\" height=\"587\" srcset=\"https:\/\/www.granalacant.com\/de\/wp-content\/uploads\/2021\/07\/airbnb-gran-alacant.jpg 800w, https:\/\/www.granalacant.com\/de\/wp-content\/uploads\/2021\/07\/airbnb-gran-alacant-300x220.jpg 300w, https:\/\/www.granalacant.com\/de\/wp-content\/uploads\/2021\/07\/airbnb-gran-alacant-768x564.jpg 768w\" sizes=\"(max-width: 800px) 100vw, 800px\" \/><br \/>\n<em>Mehr als 1.000 Objekte wurden in Gran Alacant allein im letzten Jahr \u00fcber Airbnb vermietet.\u00a0<\/em><\/p>\n<h3><strong>Tipps &amp; Fragen, bevor Sie ein Ferienhaus in Gran Alacant mieten<\/strong><\/h3>\n<p>Die Ferienh\u00e4user sind meist Reihenh\u00e4user und zwischen 70 bis 120 m\u00b2 gro\u00df. Achten Sie auf folgende Dinge beim Mieten eines Ferienhauses in Gran Alacant:<\/p>\n<ul>\n<li>Ist im Haus eine <strong>Klimaanlage<\/strong> vorhanden, wenn ja in welchen R\u00e4umen. Wurde die Funktion getestet?<\/li>\n<li>Gibt es eine Dachterrasse (auch Solarium genannt) ? So etwas haben sehr viele H\u00e4user in Gran Alacant.<\/li>\n<li><strong>Wie weit ist es zum Strand Carabassi<\/strong>, wird ein Auto ben\u00f6tigt oder kann man es erlaufen. (Vorsicht: Gran Alacant liegt am Berg, auch wenn das Meer vor der T\u00fcr scheint, liegt bei einigen Objekten eine un\u00fcberwindbare Klippe dazwischen)<\/li>\n<li>Ist eine <strong>Garage<\/strong> im Mietpreis des Ferienobjekt enthalten? Gerade in der Hochsaison, wenn es sehr hei\u00df ist und man einen Mietwagen und das eigene Auto dabei hat, wird man eine Tiefgarage lieben!<\/li>\n<li><strong>Wie viele Schl\u00fcssel<\/strong> gibt es zum Mietobjekt. Gerade, wenn Sie als Familie mit Kindern verreisen, sollten die Kinder zumindest Schl\u00fcssel oder Chips zu den Poolanlagen bekommen. Diese sind meist separat eingez\u00e4unt.<\/li>\n<li>Was kostet die <strong>Endreinigung<\/strong>? In Zeiten von Corona, kann diese teurer ausfallen.<\/li>\n<li>Wir <strong>Strom und Wasser<\/strong> getrennt zum Mietpreis abgerechnet. Es gibt zum Teil Klauseln in den Mietvertr\u00e4gen, die nur eine bestimmte Menge Strom und Wasser beinhalten. Fragen Sie danach.<\/li>\n<li>Wen kann man im <strong>Notfall<\/strong> erreichen?<\/li>\n<li>Gibt es einen <strong>Shuttle- oder Transfer-Service<\/strong> vom Flughafen zum Ferienhaus und wieder retour?<\/li>\n<li>Gibt es im Haus <strong>Strand-Equipement<\/strong> (Sand-Spielzeug, Sonnenschirm etc.) &#8211; das kann Geld sparen, sonst m\u00fcssen man am Strand sich einen leihen oder einen kaufen und nach dem Aufenthalt anschlie\u00dfend entsorgen, weil zu sperrig.<\/li>\n<li>Wie l\u00e4uft die <strong>Schl\u00fcssel\u00fcbergabe<\/strong> ab? Meist gibt es einen Keyholder, eine Person, die vor Ort ist und bei der man den Schl\u00fcssel \u00fcbernehmen kann. Immer h\u00e4ufiger gibt es auch elektronische \u00dcbergabeboxen, bei denen Sie einen Code vom Vermieter bekommen mit dem Sie die Box \/ Safe f\u00fcr den Schl\u00fcssel \u00f6ffnen k\u00f6nnen. Fragen Sie nach dem Ablauf.<\/li>\n<li>Wenn Sie in der Nebensaison reisen, fragen Sie nach einer M\u00f6glichkeit zum heizen, die meisten Ferienh\u00e4user sind ohne <strong>Heizung<\/strong> ausger\u00fcstet. Mit mobilen Elektroheizstrahlern kann Abhilfe geschaffen werden. Ein <strong>Kamin<\/strong> w\u00e4re in den fr\u00fchen Monaten und ab November ein wahrer Zugewinn. Sofern vorhanden, fragen Sie, ob Kaminholz vorhanden ist?<\/li>\n<li>Gibt es einen oder mehrere Gemeinschaftspools? Oder hat Haus einen eigenen Pool? Wenn ja wie gro\u00df ist dieser? Es gibt in Port Mari (etwas weiter vom Strand entfernt, Richtung Gran Alacant Einkaufszentrum \/ N-332) einige H\u00e4user mit eigenem <strong>Pool<\/strong>. Allerdings zum Teil sehr klein, sodass die Pools nur zur Abk\u00fchlung, nicht zum Schwimmen geeignet sind. Fragen Sie auch, wann die letzte Pool-Wartung war und ober Pool gechlort oder mit Salzwasser \/ Chlor arbeitet.<\/li>\n<\/ul>\n<p>Die M\u00fcllentsorgung ist in Gran Alacant so geregelt, dass auf jeden gr\u00f6\u00dferen Stra\u00dfe Container f\u00fcr Restm\u00fcll (schwarze Tonne), Plastik (gelbe Tonne) und Papier (blaue Tonne) stehen, bei denen man den M\u00fcll entsorgen kann. Gr\u00f6\u00dfere Dinge wie Matratzen oder \u00c4hnliches k\u00f6nnen dort auch abgestellt werden. Bitte werfen Sie Essensabf\u00e4lle immer in die Tonne und stellen Sie die S\u00e4cke nicht daneben, dass lockt nur Ungeziefer (Kakerlaken und anderes Getier) an!<\/p>\n<h3><strong>Wie findet man das beste Ferienhaus in Gran Alacant zur Miete?<\/strong><\/h3>\n<p>Wenn Sie sich f\u00fcr ein geografisches Gebiet festgelegt haben, suchen Sie nach dem Namen der Urbanisation (wir helfen Ihnen auch dabei &#8211; <a href=\"mailto:info@granalacant.com\">info@granalacant.com<\/a>) und anschlie\u00dfend gezielt nach Ferienh\u00e4usern, die sie in dieser Urbanisation mieten m\u00f6chten. Viele gute Objekte werden Sie auf den gro\u00dfen Portalen nicht finden. Die dortigen Provisionen von bis zu 50% vom Vermietungspreis schrecken viele Vermieter ab und lassen Sie auf kleiner unbekannte Portale oder private und lokale Vermittler ausweichen. Bedenken Sie, richtig gute Objekte m\u00fcssen sich nicht um jeden Preis vermarkten, diese Geheimtipps bekommen Sie meist nur in den lokalen Communitys, Facebook- &amp; Whatsapp-Gruppen oder wenn Sie einen Vermittler oder eine Vermittlungsagentur einschalten.<\/p>\n","protected":false},"excerpt":{"rendered":"<p>Das Mietangebot in Gran Alacant ist riesig. Im Prinzip besteht der Ort zu 90% aus Ferienimmobilien. Die Lage zum Meer, das milde mediterrane Klima, die&hellip;<\/p>\n","protected":false},"author":1,"featured_media":0,"parent":0,"menu_order":0,"comment_status":"closed","ping_status":"closed","template":"","meta":{"_seopress_robots_primary_cat":""},"_links":{"self":[{"href":"https:\/\/www.granalacant.com\/de\/wp-json\/wp\/v2\/pages\/115"}],"collection":[{"href":"https:\/\/www.granalacant.com\/de\/wp-json\/wp\/v2\/pages"}],"about":[{"href":"https:\/\/www.granalacant.com\/de\/wp-json\/wp\/v2\/types\/page"}],"author":[{"embeddable":true,"href":"https:\/\/www.granalacant.com\/de\/wp-json\/wp\/v2\/users\/1"}],"replies":[{"embeddable":true,"href":"https:\/\/www.granalacant.com\/de\/wp-json\/wp\/v2\/comments?post=115"}],"version-history":[{"count":6,"href":"https:\/\/www.granalacant.com\/de\/wp-json\/wp\/v2\/pages\/115\/revisions"}],"predecessor-version":[{"id":151,"href":"https:\/\/www.granalacant.com\/de\/wp-json\/wp\/v2\/pages\/115\/revisions\/151"}],"wp:attachment":[{"href":"https:\/\/www.granalacant.com\/de\/wp-json\/wp\/v2\/media?parent=115"}],"curies":[{"name":"wp","href":"https:\/\/api.w.org\/{rel}","templated":true}]}}