{"id":303,"date":"2022-06-22T20:07:18","date_gmt":"2022-06-22T18:07:18","guid":{"rendered":"https:\/\/www.granalacant.com\/de\/?page_id=303"},"modified":"2023-01-21T17:25:17","modified_gmt":"2023-01-21T15:25:17","slug":"costa-hispania","status":"publish","type":"page","link":"https:\/\/www.granalacant.com\/de\/costa-hispania\/","title":{"rendered":"Ferien in Strandn\u00e4he: Costa Hispania"},"content":{"rendered":"<p><strong>Costa Hispania<\/strong> ist eine Urbanisation im Osten von Gran Alacant entlang der Avenida del Carabasi und besteht aus 410 Einheiten, die zwischen 1988 und 2001 in drei Bauphasen entstanden sind. Costa Hispania bietet seinen Besuchern und Bewohnern eine in Gran Alacant einzigartige biologische Vielfalt mit Wasseranlagen, Spielpl\u00e4tzen, vier Gemeinschaftspools, einem Tennisplatz, einem Fu\u00dfball-Feld, Tiefgaragen, einem Au\u00dfenparkplatz, einem Gemeinschaftshaus sowie einem gleichnamigen Restaurant. Laut der <a href=\"https:\/\/www.turisme.gva.es\/datosabiertos\/recursos-turisticos\/viviendas-turisticas\/\" target=\"_blank\" rel=\"noopener\">valencianischen Tourismusbeh\u00f6rde<\/a> sind in der Urbanisation 78 der 410 Einheiten als Touristische H\u00e4user lizensiert (Stand: 2022). Dazu kommt noch eine unbekannte Zahl an H\u00e4usern, welche \u00fcber Vermietungsagenturen angeboten werden.\u00a0 Die meisten H\u00e4user werden nur in der Ferienzeit bewohnt. Einige wenige H\u00e4user sind auch in den Wintermonaten bewohnt. Der \u00fcberwiegende Anteil der Bewohner sind Spanier. Wie fast \u00fcberall in Gran Alacant leben hier auch viele Europ\u00e4er (einschlie\u00dflich der Briten) aus anderen Staaten.<\/p>\n<p><img decoding=\"async\" loading=\"lazy\" class=\"alignnone wp-image-307 size-full\" src=\"https:\/\/www.granalacant.com\/de\/wp-content\/uploads\/2022\/06\/costa-hispania-gran-alacant-water.png\" alt=\"Costa Hispania\" width=\"500\" height=\"349\" srcset=\"https:\/\/www.granalacant.com\/de\/wp-content\/uploads\/2022\/06\/costa-hispania-gran-alacant-water.png 500w, https:\/\/www.granalacant.com\/de\/wp-content\/uploads\/2022\/06\/costa-hispania-gran-alacant-water-300x209.png 300w\" sizes=\"(max-width: 500px) 100vw, 500px\" \/><\/p>\n<p>Die Urbanisation ist komplett eingez\u00e4unt und man gelangt nur mit einem Schl\u00fcssel oder PIN Code auf das Gel\u00e4nde bzw. in die Garagen. Die Schlie\u00dfanlage ist mit Zugangs-Chips ausgestattet. Ebenso k\u00f6nnen die Pools und Tennispl\u00e4tze nur mit einem Zugangs-Chip besucht werden. Die Anlage verf\u00fcgt \u00fcber einen Haupteingang und mehrere Eingangstore (Gate A to N). Entlang der Anlage auf der Stra\u00dfe Av. del Carabasi sowie Av. Polonia befinden sich Parkm\u00f6glichkeiten.<\/p>\n<p>Bei den H\u00e4usern auf der Anlage handelt es sich meist um Reihenh\u00e4user mit einer Dachterrasse. Die H\u00e4user, welche Richtung Strand gelegen sind haben je nach Lage auch einen Meerblick. Im Nordwesten, au\u00dferhalb der eingez\u00e4unten Urbanisation, befinden sich einige Bars und Restaurants.<\/p>\n<p><img decoding=\"async\" loading=\"lazy\" class=\"alignnone wp-image-308 size-full\" src=\"https:\/\/www.granalacant.com\/de\/wp-content\/uploads\/2022\/06\/costa-hispania-gran-alacant-600.png\" alt=\"Costa Hispania\" width=\"600\" height=\"502\" srcset=\"https:\/\/www.granalacant.com\/de\/wp-content\/uploads\/2022\/06\/costa-hispania-gran-alacant-600.png 600w, https:\/\/www.granalacant.com\/de\/wp-content\/uploads\/2022\/06\/costa-hispania-gran-alacant-600-300x251.png 300w\" sizes=\"(max-width: 600px) 100vw, 600px\" \/><\/p>\n<p>Die Urbanisation Costa Hispania zeichnet sich durch die biologische Vielfalt innerhalb der Urbanisation, die N\u00e4he zum Strand (nur wenige Minuten zu Fu\u00df), die N\u00e4he zum Naturschutzgebiet Clot de Galvany (perfekt zum Joggen) sowie zu den nahegelegenen Restaurants und Bars aus.<\/p>\n<p>Nachteilig sind, das schlechte Mobilfunknetz sowie die Ger\u00e4usche der Stra\u00dfe sowie die M\u00fccken (je nach Jahreszeit), aufgrund der N\u00e4he zum Clot de Galvany. An sehr hei\u00dfen Tagen und je nach Windrichtung wurde vereinzelt berichtet, dass man den Geruch der Kl\u00e4ranlage im S\u00fcdosten wahrnehmen kann.<\/p>\n<p><img decoding=\"async\" loading=\"lazy\" class=\"alignnone wp-image-306 size-full\" src=\"https:\/\/www.granalacant.com\/de\/wp-content\/uploads\/2022\/06\/costa-hispania-gran-alacant-playground.png\" alt=\"Costa Hispania\" width=\"500\" height=\"691\" srcset=\"https:\/\/www.granalacant.com\/de\/wp-content\/uploads\/2022\/06\/costa-hispania-gran-alacant-playground.png 500w, https:\/\/www.granalacant.com\/de\/wp-content\/uploads\/2022\/06\/costa-hispania-gran-alacant-playground-217x300.png 217w\" sizes=\"(max-width: 500px) 100vw, 500px\" \/><\/p>\n<p>Adresse:<br \/>\nAv. del Carabasi 1, 03130 Santa Pola \/ Gran Alacant<\/p>\n<p>Instagram: <a href=\"https:\/\/www.instagram.com\/explore\/locations\/324554804\/costa-hispania?hl=de\" target=\"_blank\" rel=\"noopener\">Costa Hispania<\/a><\/p>\n<p>Google: <a href=\"https:\/\/local.google.com\/place?id=17036438600919226666&amp;use=posts\">Costa Hispania<\/a><\/p>\n<p>Bitte beachten Sie, dass die Angabe einer Geb\u00e4udenummer zus\u00e4tzlich zur Adresse notwendig ist, wenn Sie Post an die Adresse senden wollen.<\/p>\n<h3 id=\"rent\">Vermietungen von Ferienh\u00e4usern in der Costa Hispania<\/h3>\n<p>Nachfolgend finden Sie einige (keine vollst\u00e4ndige Liste) <strong>Vermietungsangebote<\/strong> in dieser Urbanisation &#8211; bitte beachten Sie die geltenden Vorschriften in Bezug auf Covid19 und den geltenden Corona-Vorschriften:<\/p>\n<ul>\n<li><a href=\"https:\/\/casa-sugo-alicante.jimdofree.com\/\" target=\"_blank\" rel=\"noopener\">Susanne &#8211; Haus 109 &amp; 190 &#8211; auch \u00fcber den Winter g\u00fcnstig zu vermieten!<\/a><\/li>\n<li><a href=\"https:\/\/www.airbnb.de\/rooms\/34838155\" target=\"_blank\" rel=\"nofollow noopener\">Alina<\/a><\/li>\n<li><a href=\"https:\/\/villa-del-clot.hotel-in-valencia.com\/\" target=\"_blank\" rel=\"nofollow noopener\">Villa del Clot<\/a><\/li>\n<li><a href=\"https:\/\/www.booking.com\/hotel\/es\/costa-hispania.de.html\" target=\"_blank\" rel=\"nofollow noopener\">Lynn<\/a><\/li>\n<li><a href=\"https:\/\/www.booking.com\/hotel\/es\/costahispania-308.de.html\" target=\"_blank\" rel=\"nofollow noopener\">Costahispania 308<\/a><\/li>\n<li><a href=\"https:\/\/www.booking.com\/hotel\/es\/costa-hispania-i-172-gran-alacant.de.html\" target=\"_blank\" rel=\"nofollow noopener\">Costa Hispania I &#8211; 172<\/a><\/li>\n<\/ul>\n","protected":false},"excerpt":{"rendered":"<p>Costa Hispania ist eine Urbanisation im Osten von Gran Alacant entlang der Avenida del Carabasi und besteht aus 410 Einheiten, die zwischen 1988 und 2001&hellip;<\/p>\n","protected":false},"author":1,"featured_media":0,"parent":0,"menu_order":0,"comment_status":"closed","ping_status":"closed","template":"","meta":{"_seopress_robots_primary_cat":""},"_links":{"self":[{"href":"https:\/\/www.granalacant.com\/de\/wp-json\/wp\/v2\/pages\/303"}],"collection":[{"href":"https:\/\/www.granalacant.com\/de\/wp-json\/wp\/v2\/pages"}],"about":[{"href":"https:\/\/www.granalacant.com\/de\/wp-json\/wp\/v2\/types\/page"}],"author":[{"embeddable":true,"href":"https:\/\/www.granalacant.com\/de\/wp-json\/wp\/v2\/users\/1"}],"replies":[{"embeddable":true,"href":"https:\/\/www.granalacant.com\/de\/wp-json\/wp\/v2\/comments?post=303"}],"version-history":[{"count":13,"href":"https:\/\/www.granalacant.com\/de\/wp-json\/wp\/v2\/pages\/303\/revisions"}],"predecessor-version":[{"id":364,"href":"https:\/\/www.granalacant.com\/de\/wp-json\/wp\/v2\/pages\/303\/revisions\/364"}],"wp:attachment":[{"href":"https:\/\/www.granalacant.com\/de\/wp-json\/wp\/v2\/media?parent=303"}],"curies":[{"name":"wp","href":"https:\/\/api.w.org\/{rel}","templated":true}]}}