{"id":45,"date":"2021-05-26T18:15:58","date_gmt":"2021-05-26T16:15:58","guid":{"rendered":"https:\/\/www.granalacant.com\/?page_id=94"},"modified":"2021-11-02T11:05:52","modified_gmt":"2021-11-02T09:05:52","slug":"wetter-gran-alacant","status":"publish","type":"page","link":"https:\/\/www.granalacant.com\/de\/wetter-gran-alacant\/","title":{"rendered":"Webcam &#038; Wetter \u2600\ufe0f in Gran Alacant"},"content":{"rendered":"<p>Gran Alacant Wetterbericht &amp;\u00a0 4 Tage Wettervorhersage f\u00fcr Gran Alacant \/ Costa Blanca (ES):<\/p>\n<!DOCTYPE html PUBLIC \"-\/\/W3C\/\/DTD XHTML 1.0 Transitional\/\/EN\" \"http:\/\/www.w3.org\/TR\/xhtml1\/DTD\/xhtml1-transitional.dtd\">\r\n<html xmlns=\"http:\/\/www.w3.org\/1999\/xhtml\" lang=\"en\" xml:lang=\"en\"><head>\r\n\t<meta name=\"description\" content=\"Santa Pola (Alacant\/Alicante)\" \/>\r\n\t<meta name=\"keywords\" content=\"Agencia,State,Meteorology,Spain,Agencia,Estatal,The Weather,Weather,Santa,Pola\" \/>\r\n\t<meta name=\"author\" content=\"Agencia Estatal de Meteorolog?a\" \/>\r\n\t\r\n\t<meta name=\"title\" content=\"Santa Pola (Alacant\/Alicante) - State Meteorological Agency - AEMET - Spanish Government\" \/>\r\n\t<meta name=\"DC.title\" content=\"Santa Pola (Alacant\/Alicante) - State Meteorological Agency - AEMET - Spanish Government\" \/>\r\n\t<meta name=\"distribution\" content=\"global\" \/>\r\n\t\r\n\t<meta name=\"lang\" content=\"en\" \/>\r\n\t<meta name=\"language\" content=\"en\" \/>\r\n\t\r\n\t<meta http-equiv=\"Content-Type\" content=\"text\/html; charset=ISO-8859-15\" \/>\r\n\t\r\n\t<title>Santa Pola (Alacant\/Alicante) - State Meteorological Agency - AEMET - Spanish Government<\/title>\r\n\t\r\n\t<script type=\"text\/javascript\" src=\"\/ruxitagentjs_ICA7NVfqrux_10333260303165926.js\" data-dtconfig=\"app=ea7c4b59f27d43eb|cuc=v6ogc8fs|owasp=1|mel=100000|expw=1|featureHash=ICA7NVfqrux|dpvc=1|lastModification=1773853456989|tp=500,50,0|rdnt=1|uxrgce=1|srbbv=2|agentUri=\/ruxitagentjs_ICA7NVfqrux_10333260303165926.js|reportUrl=\/rb_bf68775ubu|rid=RID_1554891822|rpid=749664003|domain=aemet.es\"><\/script><link rel=\"stylesheet\" type=\"text\/css\" media=\"screen\" href=\"\/css\/estilos_202602231302.css\" \/>\r\n\t<link rel=\"stylesheet\" type=\"text\/css\" media=\"print\" href=\"\/css\/printer_friendly_202602231302.css\" \/>\r\n\t\r\n\t<style>\r\n\t\t.contenedor-tablas-widget {\r\n\t\t\tmargin: 0 auto;\r\n\t  \t\toverflow-x: auto; \r\n\t  \t\twidth: 100%;\r\n\t\t}\r\n\t\t\r\n\t\t.table_widget {\r\n\t\t\twidth: 100%;\r\n\t\t\tborder-collapse: collapse;\r\n\t\t\tmin-width: inherit;\r\n\t\t}\r\n\t<\/style>\r\n<\/head>\r\n<body class=\"redondear_widget fondo_transparente\">\r\n\r\n<div class=\"contenedor-tablas-widget\">\r\n\r\n\t<table id=\"table_widget\" class=\"redondear_widget table_widget\" style=\"padding: 2px;margin: 0 auto;border: 2px solid #4f86d9;background-color: #ffffff;font-size: 16px;\" summary=\"This table shows the local weather forecast forSanta Pola, data in detail are shown for the next days\"  cellspacing=\"2\">\r\n\t\t\t <thead>\r\n\t\t\t \t<tr class=\"cursor_pointer\" onclick=\"javascript:window.open('https:\/\/www.aemet.es\/en\/eltiempo\/prediccion\/municipios\/santa-pola-id03121');return false;\">\t\t \t\t\r\n\t\t\t\t \t\t<th class=\"redondeado_esq_superior padding_top_bottom_5px white_color\" style=\"background-color: #4f86d9;\" colspan=\"7\">\r\n\t\t\t\t \t\t\t<a href=\"https:\/\/www.aemet.es\/en\/eltiempo\/prediccion\/municipios\/santa-pola-id03121\" target=\"_blank\" class=\"white_color font_bold\">The weather&nbsp;Santa Pola<\/a><\/th>\r\n\t\t\t\t \t<\/tr>\r\n\t\t\t\t<tr>\r\n\t\t\t\t \t<th class=\"columna_0 white_color\" style=\"background-color: #95b6e9;\" title=\"So:day 05\" abbr=\"So:.\" colspan=\"1\" >So: 05<\/th>\t\t\t\t\t\t\t\t\t\t\t\t\t \t\t\r\n\t\t\t\t\t\t<th class=\"columna_1 white_color\" style=\"background-color: #95b6e9;\" title=\"Mo:day 06\" abbr=\"Mo:.\" colspan=\"2\" >Mo: 06<\/th>\t\t\t\t\t\t\t\t\t\t\t\t\t \t\t\r\n\t\t\t\t\t\t<th class=\"columna_2 white_color\" style=\"background-color: #95b6e9;\" title=\"Di:sday 07\" abbr=\"Di:.\" colspan=\"2\" >Di: 07<\/th>\t\t\t\t\t\t\t\t\t\t\t\t\t \t\t\r\n\t\t\t\t\t\t<th class=\"columna_3 white_color\" style=\"background-color: #95b6e9;\" title=\"Mi:nesday 08\" abbr=\"Mi:.\" colspan=\"2\" >Mi: 08<\/th>\t\t\t\t\t\t\t\t\t\t\t\t\t \t\t\r\n\t\t\t\t\t\t<\/tr>\r\n\t\t\t\t<tr>\t\t\t\t\r\n\t\t\t\t\t<th class=\"columna_0 white_color no_wrap\" style=\"background-color: #4f86d9;\">12-24<\/th> \t\r\n\t\t\t\t\t \t\t\t\t<th class=\"columna_1 white_color no_wrap\" style=\"background-color: #4f86d9;\">00-12<\/th> \t\t\r\n\t\t\t\t\t \t\t\t<th class=\"columna_1 white_color no_wrap\" style=\"background-color: #4f86d9;\">12-24<\/th> \t\t\r\n\t\t\t\t\t \t\t\t<th class=\"columna_2 white_color no_wrap\" style=\"background-color: #4f86d9;\">00-12<\/th> \t\t\r\n\t\t\t\t\t \t\t\t<th class=\"columna_2 white_color no_wrap\" style=\"background-color: #4f86d9;\">12-24<\/th> \t\t\r\n\t\t\t\t\t \t\t\t<th class=\"columna_3 white_color no_wrap\" style=\"background-color: #4f86d9;\">00-12<\/th> \t\t\r\n\t\t\t\t\t \t\t\t<th class=\"columna_3 white_color no_wrap\" style=\"background-color: #4f86d9;\">12-24<\/th> \t\t\r\n\t\t\t\t\t \t\t\t<\/tr>\r\n\t\t\t<\/thead>\r\n\t\t\t<tfoot>\r\n\t\t\t    <tr>\r\n\t\t\t      <td colspan=\"7\">\r\n\t\t\t\t\t<div class=\"texto_pie_widget paddingtop3px float_left\">\r\n\t\t\t\t\t\t<a href=\"https:\/\/www.aemet.es\/en\/eltiempo\/prediccion\/municipios\/santa-pola-id03121\" target=\"_blank\" title=\"State Meteorological Agency\">&copy; AEMET<\/a><\/div>\t\t\t\t\t      \r\n\t\t\t      <\/td>\r\n\t\t\t    <\/tr>\r\n\t\t\t<\/tfoot>\t\t\r\n\t\t\t<tbody>\r\n\t\t\t\t<tr class=\"estado_cielo\" style=\"background-color: #95b6e9;\">\r\n\t\t\t\t\t\t<td style=\"background:steelblue;\" class=\"columna_0 alinear_texto_centro\"><img src=\"https:\/\/www.aemet.es\/imagenes\/png\/estado_cielo\/11.png\" style=\"width:35px;\" title=\"Sky condition:&nbsp;Cloudless sky\" alt=\"Sky condition:&nbsp;Cloudless sky\" \/><\/td>\t\t\r\n\t\t\t\t\t\t \t\t\t<td style=\"background:steelblue;\" class=\"columna_1 alinear_texto_centro\"><img src=\"https:\/\/www.aemet.es\/imagenes\/png\/estado_cielo\/12.png\" style=\"width:35px;\" title=\"Sky condition:&nbsp;Partly cloudy\" alt=\"Sky condition:&nbsp;Partly cloudy\" \/><\/td>\t\t\r\n\t\t\t\t\t\t \t\t\t<td style=\"background:steelblue;\" class=\"columna_1 alinear_texto_centro\"><img src=\"https:\/\/www.aemet.es\/imagenes\/png\/estado_cielo\/11.png\" style=\"width:35px;\" title=\"Sky condition:&nbsp;Cloudless sky\" alt=\"Sky condition:&nbsp;Cloudless sky\" \/><\/td>\t\t\r\n\t\t\t\t\t\t \t\t\t<td style=\"background:steelblue;\" class=\"columna_2 alinear_texto_centro\"><img src=\"https:\/\/www.aemet.es\/imagenes\/png\/estado_cielo\/17.png\" style=\"width:35px;\" title=\"Sky condition:&nbsp;High clouds \" alt=\"Sky condition:&nbsp;High clouds \" \/><\/td>\t\t\r\n\t\t\t\t\t\t \t\t\t<td style=\"background:steelblue;\" class=\"columna_2 alinear_texto_centro\"><img src=\"https:\/\/www.aemet.es\/imagenes\/png\/estado_cielo\/17.png\" style=\"width:35px;\" title=\"Sky condition:&nbsp;High clouds \" alt=\"Sky condition:&nbsp;High clouds \" \/><\/td>\t\t\r\n\t\t\t\t\t\t \t\t\t<td style=\"background:steelblue;\" class=\"columna_3 alinear_texto_centro\"><img src=\"https:\/\/www.aemet.es\/imagenes\/png\/estado_cielo\/14.png\" style=\"width:35px;\" title=\"Sky condition:&nbsp;Cloudy\" alt=\"Sky condition:&nbsp;Cloudy\" \/><\/td>\t\t\r\n\t\t\t\t\t\t \t\t\t<td style=\"background:steelblue;\" class=\"columna_3 alinear_texto_centro\"><img src=\"https:\/\/www.aemet.es\/imagenes\/png\/estado_cielo\/12.png\" style=\"width:35px;\" title=\"Sky condition:&nbsp;Partly cloudy\" alt=\"Sky condition:&nbsp;Partly cloudy\" \/><\/td>\t\t\r\n\t\t\t\t\t\t \t\t\t<\/tr>\r\n\t\t\t\t<tr class=\"temp\">\r\n\t\t\t\t\t\t<td style=\"background:steelblue;\" class=\"columna_0 alinear_texto_centro celda_temp_widget no_wrap\" ><span title=\"Minimum temperature:&nbsp;10&nbsp;&#176;C\" class=\"texto_azul\">10<\/span>&nbsp;\/&nbsp;<span title=\"Maximum temperature:&nbsp;19&nbsp;&#176;C\" class=\"texto_rojo\">19&nbsp;<\/span><\/td>\r\n\t\t\t\t\t\t\t\t\t<td style=\"background:steelblue;\" class=\"columna_1 alinear_texto_centro celda_temp_widget no_wrap\" colspan=\"2\"><span title=\"Minimum temperature:&nbsp;13&nbsp;&#176;C\" class=\"texto_azul\">13<\/span>&nbsp;\/&nbsp;<span title=\"Maximum temperature:&nbsp;19&nbsp;&#176;C\" class=\"texto_rojo\">19&nbsp;<\/span><\/td>\t\t\t\t\t\t\r\n\t\t\t\t\t\t\t\t\t<td style=\"background:steelblue;\" class=\"columna_2 alinear_texto_centro celda_temp_widget no_wrap\" colspan=\"2\"><span title=\"Minimum temperature:&nbsp;11&nbsp;&#176;C\" class=\"texto_azul\">11<\/span>&nbsp;\/&nbsp;<span title=\"Maximum temperature:&nbsp;19&nbsp;&#176;C\" class=\"texto_rojo\">19&nbsp;<\/span><\/td>\t\t\t\t\t\t\r\n\t\t\t\t\t\t\t\t\t<td style=\"background:steelblue;\" class=\"columna_3 alinear_texto_centro celda_temp_widget no_wrap\" colspan=\"2\"><span title=\"Minimum temperature:&nbsp;14&nbsp;&#176;C\" class=\"texto_azul\">14<\/span>&nbsp;\/&nbsp;<span title=\"Maximum temperature:&nbsp;20&nbsp;&#176;C\" class=\"texto_rojo\">20&nbsp;<\/span><\/td>\t\t\t\t\t\t\r\n\t\t\t\t\t\t\t\t\t<\/tr>\r\n\t\t\t\t<tr class=\"prob_prec\">\r\n\t\t\t\t\t\t<td title=\"Rainfall probability:&nbsp;0%\" class=\"columna_0 alinear_texto_centro\" >0%&nbsp;<\/td>\t \t\t\r\n\t\t\t\t\t \t\t\t<td title=\"Rainfall probability:&nbsp;0%\" class=\"columna_1 alinear_texto_centro\" >0%&nbsp;<\/td>\t \t\t\r\n\t\t\t\t\t \t\t\t<td title=\"Rainfall probability:&nbsp;0%\" class=\"columna_1 alinear_texto_centro\" >0%&nbsp;<\/td>\t \t\t\r\n\t\t\t\t\t \t\t\t<td title=\"Rainfall probability:&nbsp;0%\" class=\"columna_2 alinear_texto_centro\" >0%&nbsp;<\/td>\t \t\t\r\n\t\t\t\t\t \t\t\t<td title=\"Rainfall probability:&nbsp;0%\" class=\"columna_2 alinear_texto_centro\" >0%&nbsp;<\/td>\t \t\t\r\n\t\t\t\t\t \t\t\t<td title=\"Rainfall probability:&nbsp;0%\" class=\"columna_3 alinear_texto_centro\" >0%&nbsp;<\/td>\t \t\t\r\n\t\t\t\t\t \t\t\t<td title=\"Rainfall probability:&nbsp;5%\" class=\"columna_3 alinear_texto_centro\" >5%&nbsp;<\/td>\t \t\t\r\n\t\t\t\t\t \t\t\t<\/tr>\r\n\t\t\t\t<\/tbody>\r\n\t\t<\/table>\r\n\t<\/div>\n<p>Die Wettervorhersage des staatlichen Wetterinstituts in Spanien f\u00fcr Gran Alacant \/ Santa Pola ist eine der genauesten die man online Abfragen kann. Die Wetterstation befindet sich direkt am Flughafen Alicante, etwa 10 Minuten von Gran Alacant entfernt. Um das Wetter f\u00fcr heute in einer st\u00fcndlichen \u00dcbersicht zu \u00fcberpr\u00fcfen, klicken Sie einfach <a href=\"http:\/\/www.aemet.es\/en\/eltiempo\/prediccion\/municipios\/horas\/santa-pola-id03121\">hier<\/a>.<\/p>\n<h3>Aktuelle Wassertemperaturen und Vorhersagen f\u00fcr den Strand von Gran Alacant\u00a0 (Playa del Carabass\u00ed &amp; Playa Cerca de Los Arenales)<\/h3>\n<ul><li>Heute, den 05.04.2026 betr\u00e4gt die Wassertemperatur im Meer <b>15 C\u00b0<\/b>.<\/li><li>Am 06.04.2026 soll die Wassertemperatur im Meer <b>16 C\u00b0<\/b> betragen.<\/li><li>Am 07.04.2026 soll die Wassertemperatur im Meer <b>15 C\u00b0<\/b> betragen.<\/li><\/ul>\n<p>Die aktuelle Farbe der Fahne am Gran Alacant Strand finden Sie <a href=\"https:\/\/www.granalacant.com\/de\/playa-del-carabassi\/\"><mark>hier<\/mark><\/a>. Sofern diese rot ist, darf man nicht ins Wasser!<\/p>\n<h3>WeatherCloud &#8211; Wetterstationen in Gran Alacant und Umgebung<\/h3>\n<p><img decoding=\"async\" loading=\"lazy\" class=\"alignnone size-medium wp-image-215\" src=\"https:\/\/www.granalacant.com\/wp-content\/uploads\/2021\/06\/local-weather-stations-gran-alacant-300x261.jpg\" alt=\"Wetterstationen in Gran Alacant\" width=\"300\" height=\"261\" \/><\/p>\n<ol>\n<li>Diese private Wetterstation erfasst die Daten (u.a. auch Luftdruck, Luftfeuchtigkeit und Windgeschwindigkeiten) in Gran Alacant &#8211; im Viertel Don Pueblo @ <strong>oben auf dem Berg<\/strong>:<br \/>\n<a href=\"https:\/\/app.weathercloud.net\/d4957070083\"><img decoding=\"async\" src=\"https:\/\/app.weathercloud.net\/device\/sticker\/4957070083\" \/><\/a><\/li>\n<li>Eine weitere Wetterstation befindet sich <strong>unten am Strand<\/strong> in Los Arenales del Sol:<br \/>\n<a href=\"https:\/\/app.weathercloud.net\/d5401284707\"><img decoding=\"async\" src=\"https:\/\/app.weathercloud.net\/device\/sticker\/5401284707\" \/><\/a><\/li>\n<\/ol>\n<h3>Gran Alacant Klimatabelle<\/h3>\n<p><img decoding=\"async\" loading=\"lazy\" class=\"alignleft wp-image-100 size-full\" src=\"https:\/\/www.granalacant.com\/wp-content\/uploads\/2021\/05\/climate-graph-gran-alacant.jpg\" alt=\"Klimatabelle f\u00fcr Gran Alacant\" width=\"677\" height=\"604\" \/><\/p>\n<h3>Gran Alacant Webcam \/ Live-Bild\/ WetterCam (Strand von Los Arenales del Sol \/ Playa del Carabass\u00ed)<\/h3>\n<p><a href=\"https:\/\/www.algarapictures.com\/webcam\" target=\"_blank\" rel=\"nofollow noopener\"><img decoding=\"async\" loading=\"lazy\" class=\"alignnone wp-image-276 size-full\" src=\"https:\/\/www.granalacant.com\/wp-content\/uploads\/2021\/07\/webcam-gran-alacant-beach-los-arenales.jpg\" alt=\"Webcam Gran Alacant BEach Los Arenales\" width=\"798\" height=\"496\" \/><\/a><\/p>\n<h3>Gran Alacant aktuelle Wind und Windstr\u00f6mungskarte<\/h3>\n<p><iframe loading=\"lazy\" src=\"https:\/\/embed.windy.com\/embed2.html?lat=38.246&amp;lon=-0.536&amp;detailLat=38.246&amp;detailLon=-0.536&amp;width=650&amp;height=450&amp;zoom=9&amp;level=surface&amp;overlay=wind&amp;product=ecmwf&amp;menu=&amp;message=&amp;marker=&amp;calendar=now&amp;pressure=&amp;type=map&amp;location=coordinates&amp;detail=&amp;metricWind=default&amp;metricTemp=default&amp;radarRange=-1\" width=\"650\" height=\"450\" frameborder=\"0\"><\/iframe><\/p>\n<h3>Gran Alacant Wind Statistik<\/h3>\n<p><script src=\"https:\/\/de.windfinder.com\/widget\/statistics\/js\/gran_alacant_santa_pola?unit_wind=kmh&#038;unit_temperature=c\"><\/script><noscript><a rel=\"nofollow\" href=\"https:\/\/www.windfinder.com\/statistics\/gran_alacant_santa_pola?utm_source=statistics&#038;utm_medium=web&#038;utm_campaign=homepageweather&#038;utm_content=noscript-statistics\">Wind forecast for Gran Alacant\/Santa Pola<\/a> provided by <a rel=\"nofollow\" href=\"https:\/\/www.windfinder.com?utm_source=statistics&#038;utm_medium=web&#038;utm_campaign=homepageweather&#038;utm_content=noscript-logo\">windfinder.com<\/a><\/noscript><\/p>\n<h3>Wind-Daten &amp; Wettervorhersage f\u00fcr Gran Alacant in Spanien<\/h3>\n<p><script src=\"https:\/\/de.windfinder.com\/widget\/forecast\/js\/gran_alacant_santa_pola?unit_wave=m&#038;unit_rain=mm&#038;unit_temperature=c&#038;unit_wind=kmh&#038;days=4&#038;show_day=0\"><\/script><\/p>\n<h3>Erdbeben Karte f\u00fcr die Region Alicante<\/h3>\n<p>Sollte es in der Region, um Gran Alacant mal ein Erdbeben geben, was grunds\u00e4tzlich nicht ungew\u00f6hnlich f\u00fcr die Lage der Region ist, dann k\u00f6nnen Sie unter folgendem <a href=\"http:\/\/www.ign.es\/web\/resources\/sismologia\/tproximos\/prox.html\" target=\"_blank\" rel=\"noopener\">Link<\/a> die aktuellsten Infos zu den Beben in der Gegend in Erfahrung bringen. Auf der Karte k\u00f6nnen Sie in die Region Alicante zoomen, oben rechts k\u00f6nnen Sie zwischen den vergangenen Tagen w\u00e4hlen &#8211; es stehen 3, 10 und 30 Tage zur Auswahl. Ein Klick auf einen der Punkte bringt Sie zu weiteren Details zum Erdbeben. Sollte ein blauer Stern blicken, ist das Erdbeben zur Stunde aktiv. Die Daten werden vom Instituto Geogr\u00e1fico Nacional zur Verf\u00fcgung gestellt.<\/p>\n<p><a href=\"http:\/\/www.ign.es\/web\/resources\/sismologia\/tproximos\/prox.html\"><img decoding=\"async\" loading=\"lazy\" class=\"alignnone wp-image-112 size-full\" src=\"https:\/\/www.granalacant.com\/de\/wp-content\/uploads\/2021\/07\/erdbeben-gran-alacant.jpg\" alt=\"Erdbeben Gran Alacant \/ Alicante\" width=\"799\" height=\"335\" srcset=\"https:\/\/www.granalacant.com\/de\/wp-content\/uploads\/2021\/07\/erdbeben-gran-alacant.jpg 799w, https:\/\/www.granalacant.com\/de\/wp-content\/uploads\/2021\/07\/erdbeben-gran-alacant-300x126.jpg 300w, https:\/\/www.granalacant.com\/de\/wp-content\/uploads\/2021\/07\/erdbeben-gran-alacant-768x322.jpg 768w\" sizes=\"(max-width: 799px) 100vw, 799px\" \/><\/a><\/p>\n<h3>Karte f\u00fcr das Risiko einer \u00dcberflutung<\/h3>\n<p>Das Institut Cartogr\u00e0fic Valenci\u00e0 stellt eine Karte zur Verf\u00fcgung, bei der verschiedene Szenarien einer \u00dcberflutung sichtbar werden. Gran Alacant ist hierbei nahezu unbetroffen, da der Ort durch seine geografische Lage und H\u00f6he nicht f\u00fcr \u00dcberflutungen gef\u00e4hrdet ist. Lediglich der Strand von Gran Alacant kann, wie in der nachfolgenden Grafik (blau eingef\u00e4rbt) bei den berechneten Szenarien der Instituts \u00fcberflutet werden:<\/p>\n<p><img decoding=\"async\" loading=\"lazy\" class=\"alignnone wp-image-227 size-full\" src=\"https:\/\/www.granalacant.com\/de\/wp-content\/uploads\/2021\/09\/gran-alacant-impactes-inundacio.jpg\" alt=\"\u00dcberflutung Gran Alacant\" width=\"805\" height=\"696\" srcset=\"https:\/\/www.granalacant.com\/de\/wp-content\/uploads\/2021\/09\/gran-alacant-impactes-inundacio.jpg 805w, https:\/\/www.granalacant.com\/de\/wp-content\/uploads\/2021\/09\/gran-alacant-impactes-inundacio-300x259.jpg 300w, https:\/\/www.granalacant.com\/de\/wp-content\/uploads\/2021\/09\/gran-alacant-impactes-inundacio-768x664.jpg 768w\" sizes=\"(max-width: 805px) 100vw, 805px\" \/><\/p>\n<p>Im nahegelegenen Santa Pola sieht es hingegen wesentlich schlimmer aus. Dort k\u00f6nnen gro\u00dfe Teile des Hafens \u00fcber die Innenstadt und der Bereich der Salinen komplett von den Fluten getroffen werden &#8211; sehen Sie sich dazu die Karte des Instituts an (Klick auf die Karte):<\/p>\n<p><a href=\"https:\/\/idevapi.gva.es\/visors\/adapta-costes\/\" target=\"_blank\" rel=\"noopener\"><img decoding=\"async\" loading=\"lazy\" class=\"alignnone wp-image-228 size-full\" src=\"https:\/\/www.granalacant.com\/de\/wp-content\/uploads\/2021\/09\/santa-pola-impactes-inundacio.jpg\" alt=\"Santa Pola Impacts\" width=\"1043\" height=\"664\" srcset=\"https:\/\/www.granalacant.com\/de\/wp-content\/uploads\/2021\/09\/santa-pola-impactes-inundacio.jpg 1043w, https:\/\/www.granalacant.com\/de\/wp-content\/uploads\/2021\/09\/santa-pola-impactes-inundacio-300x191.jpg 300w, https:\/\/www.granalacant.com\/de\/wp-content\/uploads\/2021\/09\/santa-pola-impactes-inundacio-1024x652.jpg 1024w, https:\/\/www.granalacant.com\/de\/wp-content\/uploads\/2021\/09\/santa-pola-impactes-inundacio-768x489.jpg 768w\" sizes=\"(max-width: 1043px) 100vw, 1043px\" \/><\/a><\/p>\n","protected":false},"excerpt":{"rendered":"<p>Gran Alacant Wetterbericht &amp;\u00a0 4 Tage Wettervorhersage f\u00fcr Gran Alacant \/ Costa Blanca (ES): Die Wettervorhersage des staatlichen Wetterinstituts in Spanien f\u00fcr Gran Alacant \/&hellip;<\/p>\n","protected":false},"author":2,"featured_media":0,"parent":0,"menu_order":0,"comment_status":"closed","ping_status":"closed","template":"","meta":{"_seopress_robots_primary_cat":""},"_links":{"self":[{"href":"https:\/\/www.granalacant.com\/de\/wp-json\/wp\/v2\/pages\/45"}],"collection":[{"href":"https:\/\/www.granalacant.com\/de\/wp-json\/wp\/v2\/pages"}],"about":[{"href":"https:\/\/www.granalacant.com\/de\/wp-json\/wp\/v2\/types\/page"}],"author":[{"embeddable":true,"href":"https:\/\/www.granalacant.com\/de\/wp-json\/wp\/v2\/users\/2"}],"replies":[{"embeddable":true,"href":"https:\/\/www.granalacant.com\/de\/wp-json\/wp\/v2\/comments?post=45"}],"version-history":[{"count":28,"href":"https:\/\/www.granalacant.com\/de\/wp-json\/wp\/v2\/pages\/45\/revisions"}],"predecessor-version":[{"id":235,"href":"https:\/\/www.granalacant.com\/de\/wp-json\/wp\/v2\/pages\/45\/revisions\/235"}],"wp:attachment":[{"href":"https:\/\/www.granalacant.com\/de\/wp-json\/wp\/v2\/media?parent=45"}],"curies":[{"name":"wp","href":"https:\/\/api.w.org\/{rel}","templated":true}]}}