{"id":74,"date":"2021-06-20T21:19:21","date_gmt":"2021-06-20T19:19:21","guid":{"rendered":"https:\/\/www.granalacant.com\/?page_id=237"},"modified":"2021-07-17T15:16:12","modified_gmt":"2021-07-17T13:16:12","slug":"immobilien-gran-alacant","status":"publish","type":"page","link":"https:\/\/www.granalacant.com\/de\/immobilien-gran-alacant\/","title":{"rendered":"Immobilien in Gran Alacant &#x1f3e0;&#xfe0f;"},"content":{"rendered":"<p>Immobilien und Wohneigentum spielen in Gran Alacant eine bedeutende wirtschaftliche Rolle. Durch das schnelle Wachstum des Stadtteils seit den 90er Jahren, bei dem \u00fcber 10.000 neue Wohnungseinheiten in mehr als 40 Urbanisationen, vorwiegend Ferienh\u00e4user und Ferienwohnungen zwischen 60 und 120 m\u00b2 verkauft wurden kann man sich ausrechnen, dass allein der Verkauf von Neubauten im Durchschnitt bei ca. 400 Einheiten pro Jahr in den letzten 20 Jahren liegen muss. Dazu kommt, dass eine Ferienimmobile typischerweise nur f\u00fcr eine Dauer von ca. 5 bis 10 Jahren behalten wird, bevor diese wieder verkauft wird. Man kann demnach gesch\u00e4tzt von rund 700 Objektk\u00e4ufen- und Verk\u00e4ufen j\u00e4hrlich in Gran Alacant ausgehen. In 2021 wurden in der Region Alicante 31,5% aller Immobiliengesch\u00e4fte mit Ausl\u00e4ndern get\u00e4tigt. Dieser Anteil liegt in Gran Alacant sicherlich noch deutlich h\u00f6her, weil sich hier gr\u00f6\u00dften Teil nur Ferienh\u00e4user und Ferienappartements befinden. Generell rangiert laut dem Colegio de Registradores (offizielles Portal der spanischen Immobilienwirtschaft) die Provinz Alicante auf dem 3ten Platz in Spanien, wenn es um die Anzahl an K\u00e4ufen und Verk\u00e4ufen von Immobilien geht.<\/p>\n<p><strong>Gran Alacant w\u00e4chst weiter!<\/strong><br \/>\nAktuell sind laut den Pl\u00e4nen im Katasteramt Baugebiete in Gran Alacant ausgezeichnet, welche auf Basis der Fl\u00e4che auf ein Volumen von ca. 3.000 neuen H\u00e4usern allein im Bereich Crete \/ Richtung Alicante und gut 2.000 Neubauten oben auf dem Berg in der N\u00e4he von Altomar und in Richtung Santa Pola im Raum Olivio de Oro (Stand: 2021) schlie\u00dfen lassen! Die Fl\u00e4chen sind zu Teil noch auf dem freien Immobilienmarkt zu erhalten. Unter <a href=\"https:\/\/www.landex.es\/house\/3186424-terreno-en-venta-en-el-gran-alacant-de-18513-m2-4855000eur-1964\/\" target=\"_blank\" rel=\"noopener\">Landex.es<\/a> wurde z.B. Bauland von 18.500m\u00b2 f\u00fcr ca. 4,8 Millionen EUR (ca. 260 EUR \/ m\u00b2) angeboten.<\/p>\n<p>Sofern die Zinsen der Banken auf dem derzeit niedrigen Niveau stehen und die Hypotheken damit erschwinglich bleiben, steht dem weiteren Wachstum an der Costa Blanca nichts im Wege.<\/p>\n<p>Mit dem schnellen Wachstum und der hohen Anzahl an ausl\u00e4ndischen Investoren ergeben sich f\u00fcr den Immobiliensektor in Gran Alacant auch besondere Bedingungen f\u00fcr den Kauf und Verkauf von Immobilien. Viele ausl\u00e4ndische Hausbesitzer und Wohnungseigent\u00fcmer nutzen Immobilienagenturen, welche die Heimatsprache des Besitzers gut sprechen oder aus dem Heimatland stammen. Aufgrund dessen, dass in Gran Alacant sehr viele Skandinavier und Briten Eigentum besitzen sind Immobilienmakler, deren Hauptsitz in diesen nordischen L\u00e4ndern liegt stark am Verkauf der verf\u00fcgbaren Immobilien in Gran Alacant beteiligt. Daneben gibt es in Gran Alacant nat\u00fcrlich auch Immobilienagenten, die mit lokalen B\u00fcros oder einer Au\u00dfenstelle ihrer Muttergesellschaft direkt in Gran Alacant ans\u00e4\u00dfig sind.<\/p>\n<p>Diese Agenturen k\u00fcmmern sich in der Regel um alle Formalit\u00e4ten, die mit dem Immobilienkauf zusammenh\u00e4ngen und vermitteln in der Regel auch Firmen f\u00fcr die Rechtsberatung und notarielle Kaufabwicklung sowie An- und Ummeldung von Wasser, Strom und Gas. Ausl\u00e4nder, die nicht in Spanien gemeldet sind, ben\u00f6tigen zudem noch eine spanische NIE Nummer, welche man \u00fcber das spanische Konsulat im jeweiligen Land beantragen kann.<\/p>\n<p>Eine \u00dcbersicht der wichtigsten Immobilien-Makler und der lokalen Immobilienagenturen in Gran Alacant haben wir Ihnen in dieser Liste zusammengestellt. Die meisten Neubauten, Erstbez\u00fcge und neuen Baugebiete in Gran Alacant werden von den folgenden Firmen und Bautr\u00e4gern MASA (z.B. Vision), TM Grupo (z.B. Novamar), ASA Grupo (z.B. Bahia), Nara (z.B. Sukah), Taylor Wimpey und Espacio (z.B. Merdian) in Gran Alacant gebaut oder vermarktet.<\/p>\n<p><strong>Kaufen in Gran Alacant?<\/strong><br \/>\nWenn Sie in Gran Alacant ein Haus oder eine Wohnung kaufen m\u00f6chten, w\u00e4hlen Sie zwischen den folgenden Immobilienangeboten:<\/p>\n<p>&#8211; <a href=\"https:\/\/www.granalacant.com\/de\/haus-kaufen-in-gran-alacant\/\">H\u00e4user kaufen in Gran Alacant<\/a><br \/>\n&#8211; Wohnung kaufen in Gran Alacant<\/p>\n<p><strong>Mieten oder Vermietungen in Gran Alacant?<\/strong><br \/>\nSofern Sie eine Ferienimmobilie mieten m\u00f6chten w\u00e4hlen Sie zwischen den folgenden Optionen:<\/p>\n<p>&#8211; <a href=\"https:\/\/www.granalacant.com\/de\/ferienhaus-mieten-gran-alacant\/\">Ferienh\u00e4user mieten in Gran Alacant<\/a><br \/>\n&#8211; Ferienwohnung mieten in Gran Alacant<\/p>\n<p><strong>Hausbesitzer &#8211; Sie wollen in Gran Alacant verkaufen?<\/strong><\/p>\n<p>Wenn Sie als Besitzer einer Immobilie in Gran Alacant ein Haus oder eine Wohnung verkaufen m\u00f6chten und einen Immobilienmakler suchen, w\u00e4hlen Sie eine dieser Optionen:<\/p>\n<p>&#8211; Haus verkaufen in Gran Alacant<br \/>\n&#8211; Wohnung verkaufen in Gran Alacant<\/p>\n<p>Wenn Sie Anregungen oder Tipps zu neuen Baugebieten in Gran Alacant oder neuen Immobilienangeboten haben, senden Sie uns eine E-Mail an <a href=\"mailto:info@granalacant.com\">info@granalacant.com<\/a><\/p>\n","protected":false},"excerpt":{"rendered":"<p>Immobilien und Wohneigentum spielen in Gran Alacant eine bedeutende wirtschaftliche Rolle. Durch das schnelle Wachstum des Stadtteils seit den 90er Jahren, bei dem \u00fcber 10.000&hellip;<\/p>\n","protected":false},"author":2,"featured_media":0,"parent":0,"menu_order":0,"comment_status":"closed","ping_status":"closed","template":"","meta":{"_seopress_robots_primary_cat":""},"_links":{"self":[{"href":"https:\/\/www.granalacant.com\/de\/wp-json\/wp\/v2\/pages\/74"}],"collection":[{"href":"https:\/\/www.granalacant.com\/de\/wp-json\/wp\/v2\/pages"}],"about":[{"href":"https:\/\/www.granalacant.com\/de\/wp-json\/wp\/v2\/types\/page"}],"author":[{"embeddable":true,"href":"https:\/\/www.granalacant.com\/de\/wp-json\/wp\/v2\/users\/2"}],"replies":[{"embeddable":true,"href":"https:\/\/www.granalacant.com\/de\/wp-json\/wp\/v2\/comments?post=74"}],"version-history":[{"count":5,"href":"https:\/\/www.granalacant.com\/de\/wp-json\/wp\/v2\/pages\/74\/revisions"}],"predecessor-version":[{"id":141,"href":"https:\/\/www.granalacant.com\/de\/wp-json\/wp\/v2\/pages\/74\/revisions\/141"}],"wp:attachment":[{"href":"https:\/\/www.granalacant.com\/de\/wp-json\/wp\/v2\/media?parent=74"}],"curies":[{"name":"wp","href":"https:\/\/api.w.org\/{rel}","templated":true}]}}