{"id":79,"date":"2021-06-24T19:07:59","date_gmt":"2021-06-24T17:07:59","guid":{"rendered":"https:\/\/www.granalacant.com\/de\/?page_id=79"},"modified":"2023-04-12T23:13:24","modified_gmt":"2023-04-12T21:13:24","slug":"haus-kaufen-in-gran-alacant","status":"publish","type":"page","link":"https:\/\/www.granalacant.com\/de\/haus-kaufen-in-gran-alacant\/","title":{"rendered":"Leben an der K\u00fcste: Haus kaufen \ud83c\udfe0\ufe0f in Gran Alacant &#8211; Region Alicante"},"content":{"rendered":"<p>Wer in Gran Alacant ein Haus kaufen will, sucht in der Regel ein typisches Ferienhaus. Hier in Gran Alacant gibt es in erster Linie <strong>Reihenh\u00e4user<\/strong>. Diese Reihenh\u00e4user sind meist zwischen <strong>2000 und 2010 erbaut<\/strong> und pr\u00e4gen zum Teil Ortsbild von Gran Alacant. Viele <a href=\"https:\/\/www.granalacant.com\/de\/history\/\">Urbanisationen<\/a> bestehen ausschlie\u00dflich aus diesen Reihenh\u00e4usern. Dazu z\u00e4hlen die Viertel Costa Hispania, Gran Vista, Montefaro oder Sierra Mar. Die Reihenh\u00e4uschen sind in der Regel zwischen <strong>70 und 120 m\u00b2<\/strong> gro\u00df und verf\u00fcgen sehr oft \u00fcber eine Dachterrasse (Solarium hier genannt). Im Gebiet von Monte y Mar (n\u00e4he dem Gabe Markt \/ GA Center) gibt es auch einige freistehende Einfamilienh\u00e4user sowie Doppelhaush\u00e4lften, meist mit kleinen runden Erkern und mediterranen Kuppelanbauten.<\/p>\n<p>Die Qualit\u00e4t schwankt je nach Baujahr und Bautr\u00e4ger &#8211; die salzige Meeresluft, der Sahara-Sand der sich \u00fcberall absetzt und nat\u00fcrlich die Abnutzung durch Vermietung und Bewohnung der Immobile k\u00f6nnen den Zustand stark beeinflussen.<\/p>\n<p><img decoding=\"async\" loading=\"lazy\" class=\"wp-image-581 size-full aligncenter\" src=\"https:\/\/www.granalacant.com\/wp-content\/uploads\/2022\/09\/masa-costruction.png\" alt=\"Masa Construction Gran Alacant\" width=\"600\" height=\"384\" \/><\/p>\n<p><strong>Haus mit Pool oder Gemeinschaftspool?<\/strong><\/p>\n<p>In Monte y Mar (in der Umgebung C. Holanda, C. Luexemburgo) und San Sebastian haben fast alle H\u00e4user auch einen <strong>privaten Pool<\/strong>, w\u00e4hrend die anderen Viertel in Gran Alacant durch einen oder mehrere <strong>Gemeinschaftspools<\/strong> innerhalb einer meist geschlossenen Urbanisation gepr\u00e4gt sind.<\/p>\n<p>Der Vorteil eines Hauses ist die Privatsph\u00e4re. Man muss sich den Eingang Haus nicht mit anderen teilen. Da es sich meist um Ferienimmobilien mittleren Standards handelt sind jedoch die W\u00e4nde bei einem typischen Reihenmittelhaus zum Nachbarn auch hellh\u00f6rig (a.R. Trittschalld\u00e4mmung kennt man in Spanien nicht wirklich) und durch die Bauweise von doppelz\u00fcgigen Reihenhaus-Linien hat man oft an drei Seiten einen Nachbarn, wenn man nicht zuf\u00e4llig ein Reihenendhaus sein eigen nennt.<\/p>\n<p><strong>Ein Haus in der N\u00e4he vom Strand?<\/strong><\/p>\n<p>Wirklich nah am Strand liegt in Gran Alacant nur die Urbanisation Costa Hispania und Novamar\u00a0 5 und 6 und Novabeach. Mit strandnah sind ca. 10 bis 15 Minuten zu Fu\u00df gemeint.<\/p>\n<p>Nat\u00fcrlich kann man auch 30 Minuten zu Fu\u00df auf sich nehmen &#8211; allerdings m\u00fcssen zu den Wohngebieten in Richtung Novabeach und Gran Vista gute 100 H\u00f6henmeter \u00fcberwunden werden, was jeden Spaziergang bei sommerlichen Temperaturen zur sportlichen Herausforderung werden l\u00e4sst. Die meisten Urlauber nutzen das Auto oder ein anderes Transportmittel um zum Strand zu gelangen.<\/p>\n<p><strong>Ein Haus mit Meerblick kaufen?<\/strong><\/p>\n<p>Wenn Sie ein Haus mit Meerblick kaufen wollen, dann sind die k\u00fcstennahen Urbanisationen wie Panorama, Carabasi, El Faro, Olivio de Oro\u00a0 und Panorama Sea View zu nennen. Von hier aus hat man einen traumhaften Blick \u00fcber die Mittelmeer-Bucht von Alicante und kann atemberaubende Sonnenaufg\u00e4nge \u00fcber der Costa Blanca live mitverfolgen. Durch die Hanglage bieten viele H\u00e4user auch von Ihrer Dachterrasse aus einen Blick aufs Meer. H\u00e4user in Richtung der N-332 \/ GA Center hingegen m\u00fcssen ohne Meerblick auskommen. Untersch\u00e4tzen Sie nicht den Wind, der bei den H\u00e4usern oben auf dem ca. 100m hohen Berg die Steilk\u00fcste aufsteigt. Wer sich davon ein Bild machen m\u00f6chte, besucht einfach den nahegelegenen Leuchtturm. Die dortige Besucheranlage vermittelt die extremen Aufwinde sehr gut \ud83d\ude09<\/p>\n<p><strong>Voraussetzung f\u00fcr einen Hauskauf in der Provinz Alicante<\/strong><\/p>\n<p>Wenn Sie als Nicht-Spanier (Ausl\u00e4nder) ein Haus in Gran Alacant kaufen wollen, ben\u00f6tigen Sie f\u00fcr die Abwicklung des Kaufvertrags eine sogenannte NIE-Nummer. Das ist wie eine Personenidentifikationsnummer f\u00fcr den spanischen Staat, welche f\u00fcr die Eintragung im Grundbuch aber auch f\u00fcr die Grundsteuer, Immobiliensteuer und Verm\u00f6genssteuer ben\u00f6tigt wird. Sie bekommen diese NIE Nummer bei zum Beispiel bei Ihrem lokalen Spanischen Konsulat oder der Botschaft in Alicante. Meist ist das die erste H\u00fcrde, welche einen &#8222;schnellen&#8220; Hauskauf f\u00fcr Erstk\u00e4ufer ausbremst. Denn die Beantragung und Erteilung dauert schon mal gut und gerne 4 bis 8 Wochen. Schneller geht es mit einigen Services, bei denen man bis zu 1.500 EUR bezahlen kann, um den Prozess zu beschleunigen. Allerdings ist dabei Vorsicht geboten, da hochsensible Dokumente (wie Ihr Pass \/ Ausweis) durch die Gegend geschickt werden m\u00fcssen.<\/p>\n<p><strong>Die besten Immobilienportale f\u00fcr Gran Alacant &amp; Alicante<\/strong><\/p>\n<p>Die besten Angebote, um ein Haus in Gran Alacant zu kaufen finden Sie in den Portalen <a href=\"https:\/\/www.idealista.com\/de\/venta-viviendas\/gran-alacant-alicante\/\" target=\"_blank\" rel=\"noopener\">Idealista<\/a>, <a href=\"https:\/\/www.fotocasa.es\/en\/buy\/homes\/santa-pola\/gran-alacant\/l\" target=\"_blank\" rel=\"noopener\">Fotocasa<\/a>, <a href=\"https:\/\/www.thinkspain.com\/de\/immobilien-kaufen\/gran-alacant\" target=\"_blank\" rel=\"noopener\">Thinkspain<\/a>, Immobilienscout24,\u00a0 <a href=\"https:\/\/deutsch.habitaclia.com\/hauser-bezirk_gran_alacant-santa_pola.htm\" target=\"_blank\" rel=\"noopener\">Habitaclia<\/a> oder bei den \u00f6rtlichen Immobilienmaklern. Als Geheimtipp unter Spaniern gilt auch die Plattform <a href=\"https:\/\/www.yaencontre.com\/venta\/casas\/santa-pola\/distrito-gran-alacant\" target=\"_blank\" rel=\"noopener\">Yaencontre<\/a>, welche einige Expos\u00e9s zeigt, die wo anders nicht zu finden sind. Schn\u00e4ppchenh\u00e4user \u00fcber Zwangsversteigerungen gibt es auch in Spanien &#8211; ein Blick in das offizielle <a href=\"https:\/\/subastas.boe.es\/\" target=\"_blank\" rel=\"noopener\">Auktionsportal<\/a> kann sich ggf. lohnen.<\/p>\n<p><strong>Immobiliensuche f\u00fcr Gran Alacant &#8211; die Immobilienlandkarte<\/strong><\/p>\n<p>Finden Sie in der nachfolgenden Karte eine Auswahl (46) an aktuellen Immobilienangeboten in Gran Alacant. Die Inserate wurden f\u00fcr Sie aus den relevanten Immobilienportalen vorselektiert &#8211; zahlreiche &#8222;Pseudo-Angebote&#8220;, doppelte Angebote oder Immobilien an Standorten an denen es gar keine H\u00e4user gibt oder au\u00dferhalb von Gran Alacant erscheinen wurden bereits so gut wie m\u00f6glich rausgefiltert:<\/p>\n\n            \n            \n            \n            <a name='map2'><\/a>\n            <div class='wpgmza-marker-listing-category-filter' data-map-id='2' id='wpgmza_filter_2' style='text-align:left; margin-bottom:0px;'><span>Filter nach <\/span><select mid=\"2\" id=\"wpgmza_filter_select\" name=\"wpgmza_filter_select\"><option value=\"0\">Alles<\/option><option value=\"3\">&nbsp;Bis 100.000 EUR<\/option><option value=\"4\">&nbsp;100.000 EUR bis 150.000 EUR<\/option><option value=\"5\">&nbsp;150.000 EUR bis 200.000 EUR<\/option><option value=\"6\">&nbsp;200.000 EUR bis 250.000 EUR<\/option><option value=\"7\">&nbsp;250.000 EUR bis 300.000 EUR<\/option><option value=\"8\">&nbsp;300.000 EUR bis 500.000 EUR<\/option><option value=\"9\">&nbsp;\u00fcber 500.000 EUR<\/option><option value=\"2\">&nbsp;H\u00e4user zu verkaufen<\/option><option value=\"10\">&nbsp;Neu hinzugef\u00fcgte Objekte (100)<\/option><option value=\"1\">&nbsp;Wohnungen zu verkaufen<\/option><\/select><\/div>\n            \n            \n            \n            <div class=\"wpgmza_map \"  id=\"wpgmza_map_2\" style=\"display:block; overflow:auto; width:100%; height:600px; float:left;\" data-settings='{\"id\":\"2\",\"map_title\":\"Gran Alacant Immobilien\",\"map_width\":\"100\",\"map_height\":\"600\",\"map_start_lat\":\"38.23136816285687\",\"map_start_lng\":\"-0.5281222596977475\",\"map_start_location\":\"45.950464398418106,-109.81550500000003\",\"map_start_zoom\":\"14\",\"default_marker\":\"{\\\"url\\\":\\\"https:\\\/\\\/www.granalacant.com\\\/de\\\/wp-content\\\/uploads\\\/2021\\\/08\\\/6128ca8d9496d2.81812398-1.png\\\",\\\"retina\\\":true}\",\"type\":\"1\",\"alignment\":\"4\",\"directions_enabled\":\"0\",\"styling_enabled\":\"0\",\"styling_json\":\"\",\"active\":\"0\",\"kml\":\"\",\"bicycle\":\"0\",\"traffic\":\"0\",\"dbox\":\"1\",\"dbox_width\":\"\",\"listmarkers\":\"0\",\"listmarkers_advanced\":\"0\",\"filterbycat\":\"1\",\"ugm_enabled\":\"1\",\"ugm_category_enabled\":\"1\",\"fusion\":\"\",\"map_width_type\":\"%\",\"map_height_type\":\"px\",\"mass_marker_support\":\"1\",\"ugm_access\":\"1\",\"order_markers_by\":\"1\",\"order_markers_choice\":\"1\",\"show_user_location\":\"0\",\"default_to\":\"\",\"other_settings\":{\"map_type\":1,\"sl_stroke_color\":\"#000000\",\"sl_fill_color\":\"#000000\",\"sl_stroke_opacity\":\"\",\"sl_fill_opacity\":\"\",\"transport_layer\":false,\"action\":\"wpgmza_save_map\",\"redirect_to\":\"\\\/de\\\/wp-admin\\\/admin-post.php\",\"map_id\":\"2\",\"http_referer\":\"\\\/de\\\/wp-admin\\\/admin.php?page=wp-google-maps-menu&amp;amp;override=1&amp;amp;action=edit&amp;amp;map_id=1\",\"wpgmza_id\":\"1\",\"wpgmza_start_location\":\"38.23136816285687,-0.5281222596977475\",\"wpgmza_start_zoom\":\"14\",\"store_locator_enabled\":false,\"store_locator_search_area\":\"radial\",\"wpgmza_store_locator_radius_style\":\"legacy\",\"wpgmza_store_locator_default_radius\":\"10\",\"store_locator_auto_area_max_zoom\":\"\",\"store_locator_distance\":false,\"wpgmza_store_locator_position\":false,\"store_locator_show_distance\":false,\"store_locator_category\":false,\"wpgmza_store_locator_use_their_location\":true,\"wpgmza_store_locator_bounce\":false,\"wpgmza_sl_animation\":\"0\",\"wpgmza_store_locator_hide_before_search\":false,\"store_locator_query_string\":\"\",\"store_locator_default_address\":\"\",\"store_locator_name_search\":false,\"store_locator_name_string\":\"\",\"store_locator_not_found_message\":\"\",\"wpgmza_map_align\":\"1\",\"jump_to_nearest_marker_on_initialization\":false,\"automatically_pan_to_users_location\":false,\"override_users_location_zoom_level\":false,\"override_users_location_zoom_levels\":\"\",\"show_distance_from_location\":false,\"map_max_zoom\":\"21\",\"map_min_zoom\":\"0\",\"click_open_link\":true,\"fit_maps_bounds_to_markers\":false,\"fit_maps_bounds_to_markers_after_filtering\":false,\"hide_point_of_interest\":false,\"wpgmza_zoom_on_marker_click\":false,\"wpgmza_zoom_on_marker_click_slider\":\"\",\"close_infowindow_on_map_click\":true,\"disable_lightbox_images\":false,\"use_Raw_Jpeg_Coordinates\":false,\"polygon_labels\":false,\"disable_polygon_info_windows\":false,\"enable_marker_ratings\":false,\"only_load_markers_within_viewport\":false,\"iw_primary_color\":\"#fff\",\"iw_accent_color\":\"#blue\",\"iw_text_color\":\"#black\",\"wpgmza_listmarkers_by\":\"0\",\"wpgmza_marker_listing_position\":false,\"zoom_level_on_marker_listing_override\":false,\"zoom_level_on_marker_listing_click\":\"\",\"datatable_no_result_message\":\"\",\"remove_search_box_datables\":false,\"dataTable_pagination_style\":\"default\",\"datatable_search_string\":\"\",\"datatable_result_start\":\"\",\"datatable_result_of\":\"\",\"datatable_result_to\":\"\",\"datatable_result_total\":\"\",\"datatable_result_show\":\"\",\"datatable_result_entries\":\"\",\"wpgmza_savemap\":\"Karte speichern \\u00bb\",\"wpgmza_dbox_width_type\":\"%\",\"default_from\":\"\",\"directions_behaviour\":\"default\",\"force_google_directions_app\":false,\"directions_route_origin_icon\":\"https:\\\/\\\/www.granalacant.com\\\/de\\\/wp-content\\\/plugins\\\/wp-google-maps\\\/images\\\/spotlight-poi2.png\",\"directions_origin_retina\":false,\"directions_route_destination_icon\":\"https:\\\/\\\/www.granalacant.com\\\/de\\\/wp-content\\\/plugins\\\/wp-google-maps\\\/images\\\/spotlight-poi2.png\",\"directions_destination_retina\":false,\"directions_route_stroke_color\":\"#4f8df5\",\"directions_route_stroke_weight\":\"4\",\"directions_route_stroke_opacity\":\"0.8\",\"directions_fit_bounds_to_route\":false,\"wpgmza_store_locator_restrict\":\"es\",\"upload_default_sl_marker\":\"\",\"upload_default_sl_marker_retina\":false,\"retina\":true,\"upload_default_ul_marker\":\"\",\"upload_default_ul_marker_retina\":false,\"enable_advanced_custom_fields_integration\":false,\"enable_toolset_woocommerce_integration\":false,\"wpgmza_iw_type\":\"0\",\"shortcodeAttributes\":{\"id\":\"2\"},\"directions_box_style\":\"default\",\"wpgmza_ugm_upload_images\":1,\"wpgmza_ugm_link_enabled\":\"1\",\"wpgmza_ugm_desc_enabled\":\"1\",\"wpgmza_ugm_form_header\":\"F\\u00fcgen Sie Ihre Immobilie hinzu!\",\"wpgmza_ugm_form_title\":\"Bezeichnung der Immobilie\",\"wpgmza_ugm_form_title_ph\":\"zum Beispiel: Haus \\\/ Wohnung in Gran Alacant\",\"wpgmza_ugm_form_address\":\"\",\"wpgmza_ugm_form_address_ph\":\"Standort-Koordinaten z.B. 38.22010, -0.518344\",\"wpgmza_ugm_form_address_help\":\"oder w\\u00e4hlen Sie einfach den genauen Standort mit einem Rechtsklick (Desktop) oder einem Klick (am Smartphone) in der Karte aus!\",\"wpgmza_ugm_form_desc\":\"Kurze Beschreibung des Standorts\",\"wpgmza_ugm_form_link\":\"ggf. Link zur Immobilie oder zum Immobilienportal\",\"wpgmza_ugm_form_link_ph\":\"z.B: https:\\\/\\\/www.immobilienscout24.de\\\/inserat\\\/325237\",\"wpgmza_ugm_form_image\":\"\",\"wpgmza_ugm_form_category\":\"Kategorie der Immobilie\",\"zoom_after_ugm_submission\":\"1\",\"enable_filter_custom_field_1\":false,\"wpgmza_theme_data\":\"\",\"wpgmza_push_in_map\":false,\"wpgmza_push_in_map_placement\":\"2\",\"wpgmza_push_in_map_width\":\"\",\"wpgmza_push_in_map_height\":\"\"}}' data-map-id='2' data-shortcode-attributes='{\"id\":\"2\"}'> <\/div>\n            \n               \n        <h2 style=\"clear:both;\">F\u00fcgen Sie Ihre Immobilie hinzu!<\/h2> <form action='https:\/\/www.granalacant.com\/de\/wp-admin\/admin-post.php' method=\"POST\"  name=\"wpgmaps_ugm\" class=\"wpgmaps_user_form\" enctype=\"multipart\/form-data\">\n\t\t\t\t\t\t<input type='hidden' name='action' value='wpgmza_ugm_process_post'\/>\n\t\t\t\t\t\t<input type='hidden' name='redirect_to' value='\/de\/wp-json\/wp\/v2\/pages\/79'\/>\n\t\t     <input type=\"hidden\" name=\"wpgmza_ugm_map_id\" id=\"wpgmza_ugm_map_id\" value=\"2\" \/>     <input type=\"hidden\" name=\"wpgmza_ugm_lat\" id=\"wpgmza_ugm_lat\" value=\"\" \/>     <input type=\"hidden\" name=\"wpgmza_ugm_lng\" id=\"wpgmza_ugm_lng\" value=\"\" \/>     <input type=\"hidden\" name=\"wpgmza_approval\" id=\"wpgmza_approval\" value=\"1\" \/>     <table class='wpgmza_table' style='border:0 !important; width:100%;'>         <tr class='wpgmza-title'>             <td valign=\"top\">Bezeichnung der Immobilie<\/td>             <td><input id='wpgmza_ugm_add_title' name='wpgmza_ugm_add_title' type='text' size='35' maxlength='200' value='' placeholder='zum Beispiel: Haus \/ Wohnung in Gran Alacant' \/><\/td>         <\/tr>         <tr class='wpgmza-address'>             <td valign=\"top\">Marker-Adresse oder GPS Koordinaten<\/td>             <td>                 <input id='wpgmza_ugm_add_address_2' name='wpgmza_ugm_add_address' type='text' size='35' maxlength='200' value='' placeholder='Standort-Koordinaten z.B. 38.22010, -0.518344' \/>                 <p class='desc'>oder w\u00e4hlen Sie einfach den genauen Standort mit einem Rechtsklick (Desktop) oder einem Klick (am Smartphone) in der Karte aus!<\/p>             <\/td>         <\/tr>         <tr class='wpgmza-description'>             <td valign=\"top\">Kurze Beschreibung des Standorts<\/td>             <td><textarea id='wpgmza_ugm_add_desc' name='wpgmza_ugm_add_desc'  rows='3' cols='37'><\/textarea> <\/td>         <\/tr>         <tr class='wpgmza-link'>             <td valign=\"top\">ggf. Link zur Immobilie oder zum Immobilienportal<\/td>             <td><input id='wpgmza_ugm_add_link' name='wpgmza_ugm_add_link' type='url' size='35' maxlength='2083' value='' placeholder='z.B: https:\/\/www.immobilienscout24.de\/inserat\/325237' \/> <\/td>         <\/tr>         <tr class='wpgmza-image'>             <td valign=\"top\">Bild<\/td>             <td><input type='file' id='wpgmza_ugm_add_file' name='wpgmza_ugm_add_file' \/><\/td>         <\/tr>         <tr class='wpgmza-categories'>             <td valign=\"top\">Kategorie der Immobilie<\/td><td><select mid=\"2\" id=\"wpgmza_category\" name=\"wpgmza_category\"><option value=\"0\">Alles<\/option><option value=\"3\">&nbsp;Bis 100.000 EUR<\/option><option value=\"4\">&nbsp;100.000 EUR bis 150.000 EUR<\/option><option value=\"5\">&nbsp;150.000 EUR bis 200.000 EUR<\/option><option value=\"6\">&nbsp;200.000 EUR bis 250.000 EUR<\/option><option value=\"7\">&nbsp;250.000 EUR bis 300.000 EUR<\/option><option value=\"8\">&nbsp;300.000 EUR bis 500.000 EUR<\/option><option value=\"9\">&nbsp;\u00fcber 500.000 EUR<\/option><option value=\"2\">&nbsp;H\u00e4user zu verkaufen<\/option><option value=\"10\">&nbsp;Neu hinzugef\u00fcgte Objekte (100)<\/option><option value=\"1\">&nbsp;Wohnungen zu verkaufen<\/option><\/select><\/td>         <\/tr><tr data-custom-field-id=\"1\">\n\t\t\t\t\t<td>\n\t\t\t\t\t\tOptional: Preis\n\t\t\t\t\t<\/td>\n\t\t\t\t\t<td>\n\t\t\t\t\t\t<input placeholder=\"Optional: Preis\" data-custom-field-name=\"Optional: Preis\" name=\"wpgmza-custom-field-1\"  100000=\"100000\"\/>\n\t\t\t\t\t<\/td>\n\t\t\t\t<\/tr><tr><td>Datenschutz \/ Rechtliches<\/td><td><input type=\"checkbox\" name=\"wpgmza_ugm_gdpr_consent\" required> Mit dem Hinzuf\u00fcgen eines Standorts versichern Sie, dass wir von GranAlcanat.com die Informationen hier auf der Seite verwenden d\u00fcrfen. Mit dem Hochladen von Bildmaterial zu einem Standort versichern Sie, dass Sie selbst die Rechte an dem Bild besitzen, keine Rechte Dritter verletzen und uns die Nutzung uneingeschr\u00e4nkt auf unserer Webseite und unseren Druckerzeugnissen erlauben. Jeder Eintrag wird <b>vor Ver\u00f6ffentlichung gepr\u00fcft<\/b>. Wir behalten uns das Recht vor eingereichte Beitr\u00e4ge nicht anzuzeigen. Vielen Dank f\u00fcr Ihren Eintrag!<\/td><\/tr>         <tr>             <td valign=\"top\"><\/td>             <td><input id='wpgmza_ugm_spm' name='wpgmza_ugm_spm' type='checkbox' value='1'  \/> Bitte best\u00e4tigen Sie durch Ankreuzen dieser Box, dass Sie ein Mensch und kein Computer sind. <\/td>         <\/tr>         <tr>             <td valign=\"top\"><\/td>             <td><input type=\"button\" id=\"wpgmza_ugm_addmarker\" name=\"wpgmza_ugm_addmarker\" value=\"Eintrag hinzuf\u00fcgen\" \/><span id=\"wpgmza_ugm_addmarker_loading\"  style=\"display:none;\">Hinzuf\u00fcgen...<\/span><\/td>         <\/tr>     <\/table>    <\/form>\n<p><strong>Sie ben\u00f6tigen Hilfe beim Erwerb, Verkauf oder dem Erstellen eines Expos\u00e9 f\u00fcr einer Immobilie?<\/strong><\/p>\n<p>Schreiben Sie uns eine <a href=\"mailto:info@granalacant.com\">E-Mail<\/a> oder nehmen Sie Kontakt auf, vielleicht k\u00f6nnen wir Ihnen unverbindlich weiterhelfen.<\/p>\n<p><strong>Die 10 bekanntesten* Immobilienmakler \/ Immobilienagenturen in Gran Alacant sind:<\/strong><\/p>\n<ol>\n<li>Top Alacant<\/li>\n<li>Gran Alacant Properties<\/li>\n<li>GA Homefinders<\/li>\n<li>Carabassi Casas<\/li>\n<li>Lexington Realty<\/li>\n<li>Remax (Carlo La Marca, spricht auch Deutsch)<\/li>\n<li>Novadesta<\/li>\n<li>Victoria<\/li>\n<li>Gran Alacant Estate Agency<\/li>\n<li>At Home<\/li>\n<\/ol>\n<p>*Die Top 10 wurde anhand von Relevanzfaktoren wie den gelisteten Inseraten \/ Expos\u00e9s, der Wahrnehmung im Ort selbst, sowie der Pr\u00e4senz in den lokalen und regionalen Medien und bei Google Deutschland gemessen.<\/p>\n","protected":false},"excerpt":{"rendered":"<p>Wer in Gran Alacant ein Haus kaufen will, sucht in der Regel ein typisches Ferienhaus. Hier in Gran Alacant gibt es in erster Linie Reihenh\u00e4user.&hellip;<\/p>\n","protected":false},"author":1,"featured_media":0,"parent":0,"menu_order":0,"comment_status":"closed","ping_status":"closed","template":"","meta":{"_seopress_robots_primary_cat":""},"_links":{"self":[{"href":"https:\/\/www.granalacant.com\/de\/wp-json\/wp\/v2\/pages\/79"}],"collection":[{"href":"https:\/\/www.granalacant.com\/de\/wp-json\/wp\/v2\/pages"}],"about":[{"href":"https:\/\/www.granalacant.com\/de\/wp-json\/wp\/v2\/types\/page"}],"author":[{"embeddable":true,"href":"https:\/\/www.granalacant.com\/de\/wp-json\/wp\/v2\/users\/1"}],"replies":[{"embeddable":true,"href":"https:\/\/www.granalacant.com\/de\/wp-json\/wp\/v2\/comments?post=79"}],"version-history":[{"count":19,"href":"https:\/\/www.granalacant.com\/de\/wp-json\/wp\/v2\/pages\/79\/revisions"}],"predecessor-version":[{"id":371,"href":"https:\/\/www.granalacant.com\/de\/wp-json\/wp\/v2\/pages\/79\/revisions\/371"}],"wp:attachment":[{"href":"https:\/\/www.granalacant.com\/de\/wp-json\/wp\/v2\/media?parent=79"}],"curies":[{"name":"wp","href":"https:\/\/api.w.org\/{rel}","templated":true}]}}