{"id":84,"date":"2021-07-02T18:57:20","date_gmt":"2021-07-02T16:57:20","guid":{"rendered":"https:\/\/www.granalacant.com\/?page_id=247"},"modified":"2022-04-30T10:46:57","modified_gmt":"2022-04-30T08:46:57","slug":"playa-del-carabassi","status":"publish","type":"page","link":"https:\/\/www.granalacant.com\/de\/playa-del-carabassi\/","title":{"rendered":"Playa Carabass\u00ed \u26f1\ufe0f feinster Sandstrand"},"content":{"rendered":"<p>Gran Alacant hat Zugang zu zwei der besten und sch\u00f6nsten Str\u00e4nde an der Costa Blanca.<\/p>\n<p><strong>Der Playa del Carabassi &#8211; ein nat\u00fcrlicher, sandiger und leicht abfallender Strand<\/strong><\/p>\n<p><img decoding=\"async\" loading=\"lazy\" class=\"aligncenter wp-image-262 size-full\" src=\"https:\/\/www.granalacant.com\/de\/wp-content\/uploads\/2022\/01\/playa-del-carabassi-1.jpg\" alt=\"Playa del Carabass\u00ed Gran Alacant\" width=\"800\" height=\"580\" srcset=\"https:\/\/www.granalacant.com\/de\/wp-content\/uploads\/2022\/01\/playa-del-carabassi-1.jpg 800w, https:\/\/www.granalacant.com\/de\/wp-content\/uploads\/2022\/01\/playa-del-carabassi-1-300x218.jpg 300w, https:\/\/www.granalacant.com\/de\/wp-content\/uploads\/2022\/01\/playa-del-carabassi-1-768x557.jpg 768w\" sizes=\"(max-width: 800px) 100vw, 800px\" \/><\/p>\n<p>Zu Fu\u00df kann man die folgenden Str\u00e4nde erreichen, den Playa del Carabassi und den Playa del Saladar (Richtung Los Arenals del Sol). Beide Str\u00e4nde sind nat\u00fcrliche Sandstr\u00e4nde, die zum Sonnenbaden und Entspannen einladen. Von Mai bis Oktober kann man im Meer schwimmen gehen. Der Strand liegt ca. 20 Minuten von Alicante entfernt und hat feinen, hellen Sand und kristallklares Wasser, das zum Schwimmen einl\u00e4dt. Der Strand verf\u00fcgt \u00fcber zahlreiche Einrichtungen wie Duschen, Strandbars und Umkleidekabinen, so dass Sie sich gut vorbereiten k\u00f6nnen, bevor Sie sich ins Wasser st\u00fcrzen!<\/p>\n<p>Der n\u00e4chstgelegene Strand, den Sie von Gran Alacant erreichen k\u00f6nnen ist der Strand <strong>El Carabass\u00ed<\/strong>, der von Gran Alacant aus zu Fu\u00df zu erreichen ist und nur etwa 17 km vom Zentrum Alicantes entfernt liegt und direkt an den Strand Los Arenales del Sol anschlie\u00dft. Zusammen bilden die beiden Str\u00e4nde eine L\u00e4nge von knapp 3 km!<\/p>\n<p>Im Gegensatz zum Strand von Saladar ist dieser Strand nicht bebaut und hat keine Promenade. Er liegt direkt unter dem gleichnamigen kleinen Felsen und verf\u00fcgt \u00fcber ein sch\u00f6nes D\u00fcnensystem.<\/p>\n<p>Um an den Strand zu gelangen, muss man ein System von Holzwegen durchqueren, die zum Schutz des sch\u00f6nen \u00d6kosystems der D\u00fcnen angelegt wurden. Der hinter Teil (Richtung Santa Pola) ist ein FKK Strand (Playa Nudista), an dem man sich auch ganz nackt bewegen darf.<\/p>\n<p><strong>Baden am Strand:<\/strong><\/p>\n<p>Der Strand ist in der Saison von Life-Guards, einer Badeaufsicht bewacht. Die Zonen, in denen man schwimmen kann sind mit gelben Bojen markiert und ausreichend breit gesteckt. Bitte beachten Sie, dass Sie bei hochgezogener roter oder schwarzer Flagge NICHT ins Wasser d\u00fcrfen. Nur wenn die Fahne die Farben &#8222;gelb&#8220; und &#8222;gr\u00fcn&#8220; zeigt ist das Baden erlaubt! Die rote Flagge kommt an diesem Strand meist dann vor, wenn es sehr windig ist.<br \/>\nZwischen ca. 10:00 Uhr und 20:00 Uhr befindet sich in der Badesaison eine Badeaufsicht am Playa Carabassi. In diesem Zeitraum signalisiert eine Flagge am Strand den Gefahrenstatus. <span style=\"color: green;\">GR\u00dcN<\/span> = &#8222;alles Ok&#8220;, <mark>GELB<\/mark> = &#8222;Vorsicht&#8220;, <span style=\"color: red;\">ROT<\/span> = &#8222;Baden verboten&#8220;.<\/p>\n<blockquote>Aktuell <em>(02.05.2026 - 13 Uhr)<\/em> ist <strong>keine Flagge<\/strong> am Carabassi Strand gehisst. Keine Flagge bedeutet - Baden auf eigene Gefahr, keine Badeaufsicht!<\/blockquote>\n<p><strong>Parkpl\u00e4tze in der N\u00e4he des Strandes von Gran Alacant<\/strong><\/p>\n<p>In der N\u00e4he gibt es auch Parkpl\u00e4tze entlang der Stra\u00dfe Av. San Bartolom\u00e9 de Tirajana von Gran Alacant nach Los Arenales sowie an der Stra\u00dfe nach Santa Pola, die ebenfalls zum nahegelegenen Hundestrand f\u00fchrt. F\u00fcr den hinteren Teil des Carabassi-Strandes, den FKK-Teil, gibt es einen eigenen gro\u00dfen Parkplatz.<\/p>\n<p><strong>Gut zu wissen: D\u00fcnen und Naturistenstrand<\/strong><\/p>\n<p>Die D\u00fcnen sind von kleinen Reptilien bev\u00f6lkert, die sich in den B\u00fcschen verstecken, und die typischen mediterranen Pinienb\u00e4ume stehen direkt neben den D\u00fcnen.<\/p>\n<p>Der Sand ist golden und es ist einer der Str\u00e4nde, an denen es eine Weile dauert, bis man ins knietiefe Wasser kommt. Auf dem Meeresgrund findet man kleine Felsen mit Meeresbewohnern und an manchen Stellen auch Fische. Es lohnt sich auf jeden Fall, eine Taucherbrille mitzunehmen.<\/p>\n<p>Dies ist einer der sch\u00f6nsten Str\u00e4nde in ganz Spanien und mit der blauen Flagge (Bandera Azul) ausgezeichnet, welche f\u00fcr einen gewissen Standard in Sachen Hygiene, Sauberkeit und \u00dcberwachung steht.<\/p>\n<p>Dieser Strand ist mit mehreren anderen Str\u00e4nden verbunden, was die Erkundung verschiedener Gebiete in der N\u00e4he zu einem gro\u00dfen Abenteuer macht. Wenn Sie jedoch einen einfacheren Weg f\u00fcr die R\u00fcckreise suchen, ist dies vielleicht nicht die beste Wahl, da es nicht viele M\u00f6glichkeiten in der N\u00e4he oder entlang der Str\u00e4nde gibt.<\/p>\n<p><strong>Lieben Sie die Natur? Besuchen Sie das Naturschutzgebiet Clot de Galvany neben dem Strand<\/strong><\/p>\n<p>Clot de Galvany ist ein Feuchtgebiet, in dem rund 200 Pflanzen- und Tierarten leben. Mit einer gro\u00dfen Population von V\u00f6geln, Schmetterlingen und Libellen ist es nicht verwunderlich, dass Clot de Galvany eines der wichtigsten Feuchtgebiete Valencias ist. Es ist au\u00dferdem mit den Pinienw\u00e4ldern und D\u00fcnen von Playa del Carabass\u00ed verbunden, die sich hervorragend zum Wandern eignen. Sie k\u00f6nnen diese wundersch\u00f6ne Gegend mit Ihrer Familie oder Ihren Freunden erkunden!<\/p>\n<p>Das Naturschutzgebiet ist ideal zum Spazierengehen, Joggen oder Radfahren. Das Gebiet verf\u00fcgt auch \u00fcber einen Picknickplatz, der vor allem sonntags von vielen Menschen genutzt wird, um nur wenige Meter vom Meer entfernt einen Tag auf dem Land zu verbringen.<\/p>\n<p>Dieses gesch\u00fctzte Feuchtgebiet, das sich \u00fcber das Gebiet der ehemaligen <a href=\"https:\/\/nolesolvidamos.blogspot.com\/2012\/11\/linea-defensiva-de-el-clot-del-galvany.html\" target=\"_blank\" rel=\"noopener\">Bunker und Sch\u00fctzengr\u00e4ben<\/a> (Kasematten) in Richtung Balsares mit seinen Teichen erstreckt, ist mit den Kiefernw\u00e4ldern und D\u00fcnen von El Carabass\u00ed verbunden. Entlang seiner Wege findet man Teiche, Aleppo-Kiefern, Steineichen, Olivenb\u00e4ume und eine Vielzahl von aromatischen Str\u00e4uchern wie Thymian, Lavendel und Rosmarin. Der braune Porr\u00f3n, die graue Krickente und die wei\u00dfk\u00f6pfige Malvasia sind nur einige der Tiere, die diesen Ort als Heimat bezeichnen. Wenn Sie auf der Suche nach einem neuen Abenteuer sind, besuchen Sie noch heute den Gran Alacant Play del Carabass\u00ed &amp; Clot de Galvany!<\/p>\n<p>Weiterf\u00fchrende Links:<\/p>\n<ul>\n<li><a href=\"https:\/\/www.comunitatvalenciana.com\/de\/alacant-alicante\/alacant-alicante\/strande\/playa-del-saladar\" target=\"_blank\" rel=\"noopener\">Playa del Saladar<\/a><\/li>\n<li><a href=\"https:\/\/www.comunitatvalenciana.com\/de\/alacant-alicante\/elx-elche\/strande\/el-carabassi\" target=\"_blank\" rel=\"noopener\">Playa del Carabassi<\/a><\/li>\n<li><a href=\"https:\/\/fishing-app.gpsnauticalcharts.com\/i-boating-fishing-web-app\/fishing-marine-charts-navigation.html#13.15\/38.2242\/-0.4970\" target=\"_blank\" rel=\"noopener\">Wassertiefenkarte f\u00fcr die K\u00fcstenregion<\/a> (in Feet, kann auf Meter umgestellt werden)<\/li>\n<\/ul>\n","protected":false},"excerpt":{"rendered":"<p>Gran Alacant hat Zugang zu zwei der besten und sch\u00f6nsten Str\u00e4nde an der Costa Blanca. Der Playa del Carabassi &#8211; ein nat\u00fcrlicher, sandiger und leicht&hellip;<\/p>\n","protected":false},"author":2,"featured_media":0,"parent":0,"menu_order":0,"comment_status":"closed","ping_status":"closed","template":"","meta":{"_seopress_robots_primary_cat":""},"_links":{"self":[{"href":"https:\/\/www.granalacant.com\/de\/wp-json\/wp\/v2\/pages\/84"}],"collection":[{"href":"https:\/\/www.granalacant.com\/de\/wp-json\/wp\/v2\/pages"}],"about":[{"href":"https:\/\/www.granalacant.com\/de\/wp-json\/wp\/v2\/types\/page"}],"author":[{"embeddable":true,"href":"https:\/\/www.granalacant.com\/de\/wp-json\/wp\/v2\/users\/2"}],"replies":[{"embeddable":true,"href":"https:\/\/www.granalacant.com\/de\/wp-json\/wp\/v2\/comments?post=84"}],"version-history":[{"count":15,"href":"https:\/\/www.granalacant.com\/de\/wp-json\/wp\/v2\/pages\/84\/revisions"}],"predecessor-version":[{"id":285,"href":"https:\/\/www.granalacant.com\/de\/wp-json\/wp\/v2\/pages\/84\/revisions\/285"}],"wp:attachment":[{"href":"https:\/\/www.granalacant.com\/de\/wp-json\/wp\/v2\/media?parent=84"}],"curies":[{"name":"wp","href":"https:\/\/api.w.org\/{rel}","templated":true}]}}