{"id":22,"date":"2021-06-03T16:41:43","date_gmt":"2021-06-03T14:41:43","guid":{"rendered":"https:\/\/www.granalacant.com\/?page_id=129"},"modified":"2022-01-23T22:59:34","modified_gmt":"2022-01-23T20:59:34","slug":"history","status":"publish","type":"page","link":"https:\/\/www.granalacant.com\/dk\/history\/","title":{"rendered":"Gran Alacants historie"},"content":{"rendered":"<p>Gran Alacant er et distrikt i <a href=\"https:\/\/www.santapola.es\/?lang=en\">Santa Pola<\/a> beliggende i provinsen Alicante p\u00e5 Costa Blanca i Spanien. Distriktet ligger ca. 12 minutter med taxa fra den internationale lufthavn Alicante-Elche (<a href=\"https:\/\/www.aena.es\/es\/alicante-elche.html\">ALC<\/a>).<\/p>\n<p><img loading=\"lazy\" decoding=\"async\" class=\"alignnone wp-image-286 size-full\" src=\"https:\/\/www.granalacant.com\/wp-content\/uploads\/2021\/07\/gran-alacant-entry-4.jpg\" alt=\"Gran Alacant\" width=\"800\" height=\"604\" \/><\/p>\n<p>Navnet Gran Alacant fik den f\u00f8rste urbanisering, der blev bygget i den \u00f8verste del af byen omkring \u00e5r 1996. N\u00e5r de blev etableret, blev flere urbaniseringer bygget, og i dag er der over 20 boligomr\u00e5der spredt over de \u00f8vre og nedre omr\u00e5der af Gran Alacant. I 2021 huser 9.601 boliger, 4.921 m\u00e6nd og 4.680 hunner (Kilde: <a href=\"https:\/\/www.ine.es\/nomen2\/index.do?accion=busquedaRapida&amp;subaccion=&amp;numPag=0&amp;ordenAnios=ASC&amp;nombrePoblacion=Gran+Alacant&amp;botonBusquedaRapida=Consultar+selecci%F3n\">ine.es<\/a> Spanien statistiske afdeling). bor der eller ejer \/ lejer et sommerhus. N\u00e5r alle lejligheder og lejeboliger udlejes, tredobles antallet n\u00e6sten til cirka 25.000 personer.<\/p>\n<p>Se Gran Alacant fra 1984 til 2020 i tidsforl\u00f8b:<\/p>\n<p><iframe loading=\"lazy\" src=\"https:\/\/earthengine.google.com\/iframes\/timelapse_player_embed.html#v=38.23123,-0.52846,11.874,latLng&amp;t=2.87&amp;ps=25&amp;bt=19840101&amp;et=20201231&amp;startDwell=0&amp;endDwell=0\" width=\"1080\" height=\"600\" frameborder=\"0\" allowfullscreen=\"allowfullscreen\"><\/iframe><\/p>\n<p>Kvaliteten af satellitbillederne er ikke s\u00e5 god, men man kan se, at den virkelige v\u00e6kst i Gran Alacant fandt sted mellem 1999 og 2002. F\u00f8r 1999 blev der kun bygget nogle f\u00e5 bebyggelser &#8211; et billede fra 1993:<\/p>\n<p><img loading=\"lazy\" decoding=\"async\" class=\"alignnone wp-image-359 size-full\" src=\"https:\/\/www.granalacant.com\/wp-content\/uploads\/2021\/09\/gran-alacant-1993.jpg\" alt=\"Gran Alacant October 1993 \" width=\"1111\" height=\"742\" \/><br \/>\n<em>Source: Institut Cartogr\u00e0fic Valenci\u00e0<\/em><\/p>\n<p>Gran Alacant er generelt et roligt sted, og de bes\u00f8gende er hovedsageligt europ\u00e6ere, der enten bor der eller ejer\/lejer en feriebolig. N\u00e5r alle lejligheder og ejendomme er udlejet, vil antallet n\u00e6sten tredobles til ca. 25.000 personer.<\/p>\n<p>Demografi i Gran Alacant er som s\u00e6dvanlig p\u00e5 turiststeder ca. 16% &gt; 14 \u00e5r og 18% &lt; 65 \u00e5r. 18% af beboerne er udl\u00e6ndinge. I 2019 kom mere end 1.000 udl\u00e6ndinge fra Storbritannien (<a href=\"http:\/\/documentacion.diputacionalicante.es\/4hogares.asp?codigo=03121\">kilde<\/a>).<\/p>\n<p>Der er en bred vifte af barer, restauranter og butikker og GA Center-indk\u00f8bscentret og to fantastiske sandstrande at bes\u00f8ge. Fra april til oktober er klimaet i Gran Alacant fremragende her i Gran Alacant og hele Costa Blanca.<\/p>\n<p>Der er mere end 40 urbaniseringer i Gran Alacant i alt:<\/p>\n\n<table id=\"tablepress-1\" class=\"tablepress tablepress-id-1\">\n<thead>\n<tr class=\"row-1 odd\">\n\t<th class=\"column-1\">Urbanisering<\/th><th class=\"column-2\">bygget fra<\/th><th class=\"column-3\">bygget indtil<\/th><th class=\"column-4\">Antal enheder<\/th><th class=\"column-5\">Kommentarer<\/th>\n<\/tr>\n<\/thead>\n<tbody class=\"row-hover\">\n<tr class=\"row-2 even\">\n\t<td class=\"column-1\">Agua Marina<\/td><td class=\"column-2\">2018<\/td><td class=\"column-3\">2019<\/td><td class=\"column-4\">40<\/td><td class=\"column-5\">Cl. Canaris<\/td>\n<\/tr>\n<tr class=\"row-3 odd\">\n\t<td class=\"column-1\">Amara<\/td><td class=\"column-2\">2022<\/td><td class=\"column-3\">2023<\/td><td class=\"column-4\">120<\/td><td class=\"column-5\"><\/td>\n<\/tr>\n<tr class=\"row-4 even\">\n\t<td class=\"column-1\">Aura<\/td><td class=\"column-2\">2020<\/td><td class=\"column-3\">2021<\/td><td class=\"column-4\">76<\/td><td class=\"column-5\"><\/td>\n<\/tr>\n<tr class=\"row-5 odd\">\n\t<td class=\"column-1\">Altomar I<\/td><td class=\"column-2\">2001<\/td><td class=\"column-3\">2003<\/td><td class=\"column-4\">399<\/td><td class=\"column-5\"><\/td>\n<\/tr>\n<tr class=\"row-6 even\">\n\t<td class=\"column-1\">Altomar II<\/td><td class=\"column-2\">2001<\/td><td class=\"column-3\">2004<\/td><td class=\"column-4\">809<\/td><td class=\"column-5\"><\/td>\n<\/tr>\n<tr class=\"row-7 odd\">\n\t<td class=\"column-1\">Bah\u00eda Playa<\/td><td class=\"column-2\">2018<\/td><td class=\"column-3\">2018<\/td><td class=\"column-4\">62<\/td><td class=\"column-5\"><\/td>\n<\/tr>\n<tr class=\"row-8 even\">\n\t<td class=\"column-1\">Balcones del Mar<\/td><td class=\"column-2\">2006<\/td><td class=\"column-3\">2009<\/td><td class=\"column-4\">120<\/td><td class=\"column-5\"><\/td>\n<\/tr>\n<tr class=\"row-9 odd\">\n\t<td class=\"column-1\">Brisa Mar<\/td><td class=\"column-2\">1991<\/td><td class=\"column-3\">2006<\/td><td class=\"column-4\">482<\/td><td class=\"column-5\"><\/td>\n<\/tr>\n<tr class=\"row-10 even\">\n\t<td class=\"column-1\">Brisas del Faro<\/td><td class=\"column-2\">2001<\/td><td class=\"column-3\">2005<\/td><td class=\"column-4\">293<\/td><td class=\"column-5\"><\/td>\n<\/tr>\n<tr class=\"row-11 odd\">\n\t<td class=\"column-1\">Camarcha Playa<\/td><td class=\"column-2\">2002<\/td><td class=\"column-3\">2002<\/td><td class=\"column-4\">13<\/td><td class=\"column-5\"><\/td>\n<\/tr>\n<tr class=\"row-12 even\">\n\t<td class=\"column-1\">Carabassi<\/td><td class=\"column-2\">1989<\/td><td class=\"column-3\">2004<\/td><td class=\"column-4\">90<\/td><td class=\"column-5\"><\/td>\n<\/tr>\n<tr class=\"row-13 odd\">\n\t<td class=\"column-1\">Costa Hispania A &amp; B<\/td><td class=\"column-2\">1988<\/td><td class=\"column-3\">1990<\/td><td class=\"column-4\">247<\/td><td class=\"column-5\"><\/td>\n<\/tr>\n<tr class=\"row-14 even\">\n\t<td class=\"column-1\">Costa Hispania C<\/td><td class=\"column-2\">1996<\/td><td class=\"column-3\">2001<\/td><td class=\"column-4\">163<\/td><td class=\"column-5\"><\/td>\n<\/tr>\n<tr class=\"row-15 odd\">\n\t<td class=\"column-1\">Don Pueblo<\/td><td class=\"column-2\">1998<\/td><td class=\"column-3\">1998<\/td><td class=\"column-4\">54<\/td><td class=\"column-5\"><\/td>\n<\/tr>\n<tr class=\"row-16 even\">\n\t<td class=\"column-1\">El Faro<\/td><td class=\"column-2\">1990<\/td><td class=\"column-3\">2002<\/td><td class=\"column-4\">188<\/td><td class=\"column-5\"><\/td>\n<\/tr>\n<tr class=\"row-17 odd\">\n\t<td class=\"column-1\">Gran Alacant<\/td><td class=\"column-2\">1984<\/td><td class=\"column-3\">1984<\/td><td class=\"column-4\">363<\/td><td class=\"column-5\"><\/td>\n<\/tr>\n<tr class=\"row-18 even\">\n\t<td class=\"column-1\">Gran Alicante<\/td><td class=\"column-2\">2019<\/td><td class=\"column-3\">2019<\/td><td class=\"column-4\">26<\/td><td class=\"column-5\">Cl. Manuela Molina Segura<\/td>\n<\/tr>\n<tr class=\"row-19 odd\">\n\t<td class=\"column-1\">Gran Vista<\/td><td class=\"column-2\">1987<\/td><td class=\"column-3\">1988<\/td><td class=\"column-4\">474<\/td><td class=\"column-5\"><\/td>\n<\/tr>\n<tr class=\"row-20 even\">\n\t<td class=\"column-1\">Iconic<\/td><td class=\"column-2\">2021<\/td><td class=\"column-3\">2023<\/td><td class=\"column-4\">170<\/td><td class=\"column-5\"><\/td>\n<\/tr>\n<tr class=\"row-21 odd\">\n\t<td class=\"column-1\">Isla de Izaro<\/td><td class=\"column-2\">2005<\/td><td class=\"column-3\">2006<\/td><td class=\"column-4\">99<\/td><td class=\"column-5\">C. Caridad Soler Dura<\/td>\n<\/tr>\n<tr class=\"row-22 even\">\n\t<td class=\"column-1\">Lomas del Carabassi<\/td><td class=\"column-2\">2009<\/td><td class=\"column-3\">2019<\/td><td class=\"column-4\">122<\/td><td class=\"column-5\"><\/td>\n<\/tr>\n<tr class=\"row-23 odd\">\n\t<td class=\"column-1\">Mediterraneo<\/td><td class=\"column-2\">2000<\/td><td class=\"column-3\">2003<\/td><td class=\"column-4\">456<\/td><td class=\"column-5\"><\/td>\n<\/tr>\n<tr class=\"row-24 even\">\n\t<td class=\"column-1\">Mirador del Mediterr\u00e1neo<\/td><td class=\"column-2\">2001<\/td><td class=\"column-3\">2001<\/td><td class=\"column-4\">13<\/td><td class=\"column-5\"><\/td>\n<\/tr>\n<tr class=\"row-25 odd\">\n\t<td class=\"column-1\">Monte Faro<\/td><td class=\"column-2\">2004<\/td><td class=\"column-3\">2007<\/td><td class=\"column-4\">358<\/td><td class=\"column-5\"><\/td>\n<\/tr>\n<tr class=\"row-26 even\">\n\t<td class=\"column-1\">Monte y Mar<\/td><td class=\"column-2\">2003<\/td><td class=\"column-3\">2008<\/td><td class=\"column-4\">1595<\/td><td class=\"column-5\">C. Canarias \/ Av. Escandinavia<\/td>\n<\/tr>\n<tr class=\"row-27 odd\">\n\t<td class=\"column-1\">Monte y Mar 4-4-A<\/td><td class=\"column-2\">2004<\/td><td class=\"column-3\">2008<\/td><td class=\"column-4\">181<\/td><td class=\"column-5\">C. Creta \/ C. Chipre<\/td>\n<\/tr>\n<tr class=\"row-28 even\">\n\t<td class=\"column-1\">Monte y Mar 4-2<\/td><td class=\"column-2\">2000<\/td><td class=\"column-3\">2005<\/td><td class=\"column-4\">575<\/td><td class=\"column-5\">Av. Polonia<\/td>\n<\/tr>\n<tr class=\"row-29 odd\">\n\t<td class=\"column-1\">Monte y Mar 6A 6B<\/td><td class=\"column-2\">1998<\/td><td class=\"column-3\">2007<\/td><td class=\"column-4\">513<\/td><td class=\"column-5\">C. Luxemburgo \/ C. Holandia \/ C. Belgica<\/td>\n<\/tr>\n<tr class=\"row-30 even\">\n\t<td class=\"column-1\">Novabeach<\/td><td class=\"column-2\">2014<\/td><td class=\"column-3\">2014<\/td><td class=\"column-4\">83<\/td><td class=\"column-5\"><\/td>\n<\/tr>\n<tr class=\"row-31 odd\">\n\t<td class=\"column-1\">Novamar I - IV<\/td><td class=\"column-2\">2001<\/td><td class=\"column-3\">2005<\/td><td class=\"column-4\">1065<\/td><td class=\"column-5\"><\/td>\n<\/tr>\n<tr class=\"row-32 even\">\n\t<td class=\"column-1\">Olivo de Oro<\/td><td class=\"column-2\">1999<\/td><td class=\"column-3\">1999<\/td><td class=\"column-4\">31<\/td><td class=\"column-5\">Av. Escandinavia<\/td>\n<\/tr>\n<tr class=\"row-33 odd\">\n\t<td class=\"column-1\">Panorama<\/td><td class=\"column-2\">1983<\/td><td class=\"column-3\">1983<\/td><td class=\"column-4\">160<\/td><td class=\"column-5\">C. Asturias<\/td>\n<\/tr>\n<tr class=\"row-34 even\">\n\t<td class=\"column-1\">Panorama Sea View<\/td><td class=\"column-2\">1983<\/td><td class=\"column-3\">1983<\/td><td class=\"column-4\">281<\/td><td class=\"column-5\">C. Asia \/ c. Oceania<\/td>\n<\/tr>\n<tr class=\"row-35 odd\">\n\t<td class=\"column-1\">Pino Mar<\/td><td class=\"column-2\">1997<\/td><td class=\"column-3\">1997<\/td><td class=\"column-4\">19<\/td><td class=\"column-5\">Av. Mediterraneo<\/td>\n<\/tr>\n<tr class=\"row-36 even\">\n\t<td class=\"column-1\">Puerto Marino \/ Port Mar\u00ed<\/td><td class=\"column-2\">2003<\/td><td class=\"column-3\">2006<\/td><td class=\"column-4\">448<\/td><td class=\"column-5\">C. Finlandia<\/td>\n<\/tr>\n<tr class=\"row-37 odd\">\n\t<td class=\"column-1\">San Sebastian<\/td><td class=\"column-2\">2008<\/td><td class=\"column-3\">2019<\/td><td class=\"column-4\">682<\/td><td class=\"column-5\"><\/td>\n<\/tr>\n<tr class=\"row-38 even\">\n\t<td class=\"column-1\">Santa Pola Life Resort<\/td><td class=\"column-2\">2008<\/td><td class=\"column-3\">2008<\/td><td class=\"column-4\">200<\/td><td class=\"column-5\"><\/td>\n<\/tr>\n<tr class=\"row-39 odd\">\n\t<td class=\"column-1\">Sierra Mar<\/td><td class=\"column-2\">1982<\/td><td class=\"column-3\">1989<\/td><td class=\"column-4\">350<\/td><td class=\"column-5\">Den sidste blok blev bygget i 1989 (Calle Rio *)<\/td>\n<\/tr>\n<tr class=\"row-40 even\">\n\t<td class=\"column-1\">Solero Hills<\/td><td class=\"column-2\">2017<\/td><td class=\"column-3\">2021<\/td><td class=\"column-4\">52<\/td><td class=\"column-5\"><\/td>\n<\/tr>\n<tr class=\"row-41 odd\">\n\t<td class=\"column-1\">Sol y Playa<\/td><td class=\"column-2\">1989<\/td><td class=\"column-3\">1989<\/td><td class=\"column-4\">84<\/td><td class=\"column-5\">C. Rioja<\/td>\n<\/tr>\n<tr class=\"row-42 even\">\n\t<td class=\"column-1\">Sueno Azul<\/td><td class=\"column-2\">1988<\/td><td class=\"column-3\">1988<\/td><td class=\"column-4\">120<\/td><td class=\"column-5\"><\/td>\n<\/tr>\n<tr class=\"row-43 odd\">\n\t<td class=\"column-1\">Sukha<\/td><td class=\"column-2\">2019<\/td><td class=\"column-3\">2021<\/td><td class=\"column-4\">101<\/td><td class=\"column-5\"><\/td>\n<\/tr>\n<tr class=\"row-44 even\">\n\t<td class=\"column-1\">Victoria Playa<\/td><td class=\"column-2\">2002<\/td><td class=\"column-3\">2004<\/td><td class=\"column-4\">127<\/td><td class=\"column-5\"><\/td>\n<\/tr>\n<tr class=\"row-45 odd\">\n\t<td class=\"column-1\">Vista Bahia<\/td><td class=\"column-2\">2003<\/td><td class=\"column-3\">2005<\/td><td class=\"column-4\">85<\/td><td class=\"column-5\">C. Orden Dorico<\/td>\n<\/tr>\n<\/tbody>\n<\/table>\n<!-- #tablepress-1 from cache -->\n","protected":false},"excerpt":{"rendered":"<p>Gran Alacant er et distrikt i Santa Pola beliggende i provinsen Alicante p\u00e5 Costa Blanca i Spanien. Distriktet ligger ca. 12 minutter med taxa fra&hellip;<\/p>\n","protected":false},"author":2,"featured_media":0,"parent":0,"menu_order":0,"comment_status":"closed","ping_status":"closed","template":"","meta":{"footnotes":""},"_links":{"self":[{"href":"https:\/\/www.granalacant.com\/dk\/wp-json\/wp\/v2\/pages\/22"}],"collection":[{"href":"https:\/\/www.granalacant.com\/dk\/wp-json\/wp\/v2\/pages"}],"about":[{"href":"https:\/\/www.granalacant.com\/dk\/wp-json\/wp\/v2\/types\/page"}],"author":[{"embeddable":true,"href":"https:\/\/www.granalacant.com\/dk\/wp-json\/wp\/v2\/users\/2"}],"replies":[{"embeddable":true,"href":"https:\/\/www.granalacant.com\/dk\/wp-json\/wp\/v2\/comments?post=22"}],"version-history":[{"count":11,"href":"https:\/\/www.granalacant.com\/dk\/wp-json\/wp\/v2\/pages\/22\/revisions"}],"predecessor-version":[{"id":97,"href":"https:\/\/www.granalacant.com\/dk\/wp-json\/wp\/v2\/pages\/22\/revisions\/97"}],"wp:attachment":[{"href":"https:\/\/www.granalacant.com\/dk\/wp-json\/wp\/v2\/media?parent=22"}],"curies":[{"name":"wp","href":"https:\/\/api.w.org\/{rel}","templated":true}]}}