{"id":42,"date":"2021-06-15T12:55:23","date_gmt":"2021-06-15T10:55:23","guid":{"rendered":"https:\/\/www.granalacant.com\/dk\/?page_id=42"},"modified":"2021-06-15T12:56:24","modified_gmt":"2021-06-15T10:56:24","slug":"coronavirus-covid-19","status":"publish","type":"page","link":"https:\/\/www.granalacant.com\/dk\/coronavirus-covid-19\/","title":{"rendered":"Forekomst af tilf\u00e6lde af coronavirus (COVID-19) i Gran Alacant \/ Santa Pola"},"content":{"rendered":"<blockquote>Den nuv\u00e6rende koncentrationen af nye smittetilf\u00e6lde per 100.000 indbyggere - ogs\u00e5 kaldet incidensen - i Gran Alacant (Santa Pola) er <b>474<\/b> (<img decoding=\"async\" src=\"https:\/\/www.granalacant.com\/wp-content\/uploads\/2021\/06\/trending-up.jpg\">+222). Dette antal svarer til <b>158<\/b> PCR + tilf\u00e6lde i de sidste 14 dage.<\/blockquote><em>Sidste \u00e6ndring <b>31.03.2022<\/b> fra officiel datakilde: <a rel=\"nofollow\" href=\"http:\/\/coronavirus.san.gva.es\/es\/estadisticas\" target=\"_blank\">coronavirus.san.gva.es\/es\/estadisticas<\/a><\/em><br \/>\n<p><img loading=\"lazy\" decoding=\"async\" class=\"alignnone wp-image-221 size-full\" src=\"https:\/\/www.granalacant.com\/wp-content\/uploads\/2021\/06\/santa-pola-map-incidencia-covid.jpg\" alt=\"Map Incidences of Gran Alacant\" width=\"879\" height=\"477\" \/><\/p>\n","protected":false},"excerpt":{"rendered":"","protected":false},"author":1,"featured_media":0,"parent":0,"menu_order":0,"comment_status":"closed","ping_status":"closed","template":"","meta":{"footnotes":""},"_links":{"self":[{"href":"https:\/\/www.granalacant.com\/dk\/wp-json\/wp\/v2\/pages\/42"}],"collection":[{"href":"https:\/\/www.granalacant.com\/dk\/wp-json\/wp\/v2\/pages"}],"about":[{"href":"https:\/\/www.granalacant.com\/dk\/wp-json\/wp\/v2\/types\/page"}],"author":[{"embeddable":true,"href":"https:\/\/www.granalacant.com\/dk\/wp-json\/wp\/v2\/users\/1"}],"replies":[{"embeddable":true,"href":"https:\/\/www.granalacant.com\/dk\/wp-json\/wp\/v2\/comments?post=42"}],"version-history":[{"count":2,"href":"https:\/\/www.granalacant.com\/dk\/wp-json\/wp\/v2\/pages\/42\/revisions"}],"predecessor-version":[{"id":45,"href":"https:\/\/www.granalacant.com\/dk\/wp-json\/wp\/v2\/pages\/42\/revisions\/45"}],"wp:attachment":[{"href":"https:\/\/www.granalacant.com\/dk\/wp-json\/wp\/v2\/media?parent=42"}],"curies":[{"name":"wp","href":"https:\/\/api.w.org\/{rel}","templated":true}]}}