{"id":54,"date":"2021-07-02T18:57:20","date_gmt":"2021-07-02T16:57:20","guid":{"rendered":"https:\/\/www.granalacant.com\/?page_id=247"},"modified":"2021-08-23T15:33:03","modified_gmt":"2021-08-23T13:33:03","slug":"playa-del-carabassi","status":"publish","type":"page","link":"https:\/\/www.granalacant.com\/dk\/playa-del-carabassi\/","title":{"rendered":"Playa Carabass\u00ed &#x26f1;&#xfe0f; Strand in Gran Alacant"},"content":{"rendered":"<p>Gran Alacant har adgang til to af de bedste og smukkeste strande langs Costa Blanca -kysten.<\/p>\n<p><strong>Playa del Carabassi &#8211; naturlig, sandet og let skr\u00e5nende strand<\/strong><\/p>\n<p>Folk kan n\u00e5 til fods to strande, playa del Carabassi og playa Los Arenals del Sol. Begge strande er naturlige sandstrande, hvor du kan solbade og slappe af. Du kan sv\u00f8mme i havet fra maj til oktober. Beliggende lige uden for Alicante, er det en strand med fint sand og krystalklart vand perfekt til sv\u00f8mning i. Stranden har masser af faciliteter s\u00e5som brusere, restauranter, strandklubber, barer og omkl\u00e6dningsrum, s\u00e5 du kan s\u00f8rge for at v\u00e6re forberedt f\u00f8r du g\u00e5 i vandet!<\/p>\n<p>Den n\u00e6rmeste strand til Gran Alacant er El Carabass\u00ed -stranden, som ligger i g\u00e5afstand fra Gran Alacant og kun cirka 17 km fra centrum af Alicante og forbinder direkte med Los Arenales del Sol -stranden.<\/p>\n<p>I mods\u00e6tning til Los Arenales -stranden har denne strand ingen bygninger bag sig og ingen promenade. Det ligger direkte under den lille sten med samme navn og har et smukt klitsystem.<\/p>\n<p>For at komme til sandet skal du passere gennem et system af tr\u00e6stier, der er bygget for at beskytte klodernes smukke \u00f8kosystem.<\/p>\n<p><strong>Sv\u00f8mning i havet ved Gran Alacant -stranden:<\/strong><\/p>\n<p>Stranden er bevogtet af livreddere i l\u00f8bet af s\u00e6sonen. De zoner, hvor du kan sv\u00f8mme, er markeret med gule b\u00f8jer og er tilstr\u00e6kkeligt brede. Bem\u00e6rk, at du IKKE m\u00e5 komme i vandet, n\u00e5r det r\u00f8de eller sorte flag er oppe. Kun n\u00e5r flaget viser farverne &#8220;gul&#8221; og &#8220;gr\u00f8n&#8221; badning er tilladt! Det r\u00f8de flag vises normalt p\u00e5 denne strand, n\u00e5r det bl\u00e6ser meget.<br \/>\nI bades\u00e6sonen er der en livredder p\u00e5 Playa Carabassi mellem ~10:00 og ~20:00. I l\u00f8bet af denne tid signalerer et flag p\u00e5 stranden farestatus. <span style=\"color: green;\">GR\u00d8N<\/span> = &#8220;alt OK&#8221;, <mark>GUL<\/mark> = &#8220;forsigtighed&#8221;, <span style=\"color: red;\">R\u00d8D<\/span> = &#8220;ingen sv\u00f8mning&#8221;.<\/p>\n<blockquote>Intet flag er i \u00f8jeblikket <em>(09\/05\/2026 - 06h)<\/em> hejst. Intet flag n\u00e6gtet: sv\u00f8m p\u00e5 egen risiko. Ingen livreddere p\u00e5 stranden!<\/blockquote>\n<p><strong>Parkering n\u00e6r stranden i Gran Alacant<\/strong><\/p>\n<p>Der er ogs\u00e5 parkering i n\u00e6rheden langs vejen Av. San Bartolom\u00e9 de Tirajana fra Gran Alacant til Los Arenales, samt p\u00e5 vejen mod Santa Pola, som ogs\u00e5 f\u00f8rer til hundestranden.<\/p>\n<p><strong>Godt at vide: Klitter og naturiststrand<\/strong><\/p>\n<p>El Carabass\u00ed -stranden er ogs\u00e5 en naturiststrand i retning mod Santa Pola. I klitterne s\u00f8ger folk deres intime rum og solbr\u00e6nder deres kroppe i solen i et misundelsesv\u00e6rdigt naturligt milj\u00f8.<\/p>\n<p>Klitterne befolket af sm\u00e5 krybdyr, der gemmer sig i buskene, og typiske middelhavsfyr kan findes lige ved siden af \u200b\u200bklitterne.<\/p>\n<p>Sandet er gyldent, og det er en af \u200b\u200bde strande, hvor det tager et stykke tid at komme ned i kn\u00e6-dybt vand. P\u00e5 havbunden finder du nogle steder sm\u00e5 sten med havliv og fisk. Det er bestemt v\u00e6rd at medbringe et par dykkerbriller.<\/p>\n<p>Dette er en af \u200b\u200bde smukkeste strande i hele Spanien, og det er ogs\u00e5 ganske let at komme til.<\/p>\n<p>Denne strand forbinder med flere andre kystlinjer, hvilket giver et fantastisk eventyr, n\u00e5r man udforsker forskellige omr\u00e5der i n\u00e6rheden; Men hvis du vil have en lettere m\u00e5de at rejse tilbage p\u00e5, er dette muligvis ikke din bedste mulighed, da der ikke er mange muligheder i n\u00e6rheden eller langs kysterne.<\/p>\n<p><strong>Elsker du naturen? Bes\u00f8g naturreservatet Clot de Galvany ved siden af \u200b\u200bstranden<\/strong><\/p>\n<p>Clot de Galvany er et v\u00e5domr\u00e5de, der har omkring 200 typer planter og dyr. Med en h\u00f8j bestand af fugle, sommerfugle og guldsmede er det ikke overraskende, at Clot de Galvany er et af de vigtigste v\u00e5domr\u00e5der i Valencia. Det er ogs\u00e5 forbundet med fyrreskove og klitter i Playa del Carabass\u00ed, som er perfekte til vandreture. Du kan udforske dette smukke omr\u00e5de med din familie eller venner!<\/p>\n<p>Det naturreservat er ideelt til g\u00e5ture, jogging eller cykling. Omr\u00e5det har ogs\u00e5 et picnicomr\u00e5de, der bruges af mange mennesker, normalt om s\u00f8ndagen, til at tilbringe en dag p\u00e5 landet kun f\u00e5 meter fra havet.<\/p>\n<p>Dette beskyttede v\u00e5domr\u00e5de, der str\u00e6kker sig til omr\u00e5det med de tidligere bunkers og skyttegrave mod Balsares med sine damme og er forbundet med fyrreskove og klitter i El Carabass\u00ed. Langs stierne finder du damme, Aleppo -fyrretr\u00e6er, holm egetr\u00e6er, oliventr\u00e6er og en r\u00e6kke aromatiske buske som timian, lavendel og rosmarin. Den brune porr\u00f3n, gr\u00e5bl\u00e5gr\u00e5 og hvidhovedet malvasia er blot nogle af de dyr, der kalder dette sted hjem. Hvis du leder efter et nyt eventyrsted, kan du bes\u00f8ge Gran Alacant Play del Carabass\u00ed &amp; Clot de Galvany i dag!<\/p>\n","protected":false},"excerpt":{"rendered":"<p>Gran Alacant har adgang til to af de bedste og smukkeste strande langs Costa Blanca -kysten. Playa del Carabassi &#8211; naturlig, sandet og let skr\u00e5nende&hellip;<\/p>\n","protected":false},"author":2,"featured_media":0,"parent":0,"menu_order":0,"comment_status":"closed","ping_status":"closed","template":"","meta":{"footnotes":""},"_links":{"self":[{"href":"https:\/\/www.granalacant.com\/dk\/wp-json\/wp\/v2\/pages\/54"}],"collection":[{"href":"https:\/\/www.granalacant.com\/dk\/wp-json\/wp\/v2\/pages"}],"about":[{"href":"https:\/\/www.granalacant.com\/dk\/wp-json\/wp\/v2\/types\/page"}],"author":[{"embeddable":true,"href":"https:\/\/www.granalacant.com\/dk\/wp-json\/wp\/v2\/users\/2"}],"replies":[{"embeddable":true,"href":"https:\/\/www.granalacant.com\/dk\/wp-json\/wp\/v2\/comments?post=54"}],"version-history":[{"count":5,"href":"https:\/\/www.granalacant.com\/dk\/wp-json\/wp\/v2\/pages\/54\/revisions"}],"predecessor-version":[{"id":73,"href":"https:\/\/www.granalacant.com\/dk\/wp-json\/wp\/v2\/pages\/54\/revisions\/73"}],"wp:attachment":[{"href":"https:\/\/www.granalacant.com\/dk\/wp-json\/wp\/v2\/media?parent=54"}],"curies":[{"name":"wp","href":"https:\/\/api.w.org\/{rel}","templated":true}]}}