{"id":31,"date":"2021-06-03T16:41:43","date_gmt":"2021-06-03T14:41:43","guid":{"rendered":"https:\/\/www.granalacant.com\/?page_id=129"},"modified":"2022-01-23T23:11:48","modified_gmt":"2022-01-23T21:11:48","slug":"history","status":"publish","type":"page","link":"https:\/\/www.granalacant.com\/fr\/history\/","title":{"rendered":"Histoire de Gran Alacant"},"content":{"rendered":"<p>Gran Alacant est un district de <a href=\"https:\/\/www.santapola.es\/?lang=en\">Santa Pola<\/a> situ\u00e9 dans la province d&rsquo;Alicante sur la Costa Blanca en Espagne. Le quartier est \u00e0 environ 12 minutes en taxi de l&rsquo;a\u00e9roport international d&rsquo;Alicante-Elche (<a href=\"https:\/\/www.aena.es\/es\/alicante-elche.html\">ALC<\/a>).<\/p>\n<p><img loading=\"lazy\" decoding=\"async\" class=\"alignnone wp-image-286 size-full\" src=\"https:\/\/www.granalacant.com\/wp-content\/uploads\/2021\/07\/gran-alacant-entry-4.jpg\" alt=\"Gran Alacant\" width=\"800\" height=\"604\" \/><\/p>\n<p>Le nom Gran Alacant a \u00e9t\u00e9 donn\u00e9 \u00e0 la premi\u00e8re urbanisation qui a \u00e9t\u00e9 construite dans la partie sup\u00e9rieure de la station autour du ann\u00e9e 1996. Une fois \u00e9tabli, plus d&rsquo;urbanisations ont \u00e9t\u00e9 construites, et aujourd&rsquo;hui il y a plus de 20 zones r\u00e9sidentielles r\u00e9parties sur les zones sup\u00e9rieures et inf\u00e9rieures de Gran Alacant. En 2021, Gran Alacant abrite 9.601 r\u00e9sidentiels, 4.921 hommes et 4.680 femmes (Source: <a href=\"https:\/\/www.ine.es\/nomen2\/index.do?accion=busquedaRapida&amp;subaccion=&amp;numPag=0&amp;ordenAnios=ASC&amp;nombrePoblacion=Gran+Alacant&amp;botonBusquedaRapida=Consultar+selecci%F3n\">ine.es<\/a> Spain service statistique).<\/p>\n<p>D\u00e9couvrez Gran Alacant de 1984 \u00e0 2020 en mode timelapse :<\/p>\n<p><iframe loading=\"lazy\" src=\"https:\/\/earthengine.google.com\/iframes\/timelapse_player_embed.html#v=38.23123,-0.52846,11.874,latLng&amp;t=2.87&amp;ps=25&amp;bt=19840101&amp;et=20201231&amp;startDwell=0&amp;endDwell=0\" width=\"1080\" height=\"600\" frameborder=\"0\" allowfullscreen=\"allowfullscreen\"><\/iframe><\/p>\n<p>La qualit\u00e9 des images satellites fournies n&rsquo;est pas tr\u00e8s bonne, mais vous pouvez voir que la v\u00e9ritable croissance de Gran Alacant a eu lieu entre 1999 et 2002. Avant 1999, seuls quelques \u00e9tablissements ont \u00e9t\u00e9 construits &#8211; une photo de 1993 :<\/p>\n<p><img loading=\"lazy\" decoding=\"async\" class=\"alignnone wp-image-359 size-full\" src=\"https:\/\/www.granalacant.com\/wp-content\/uploads\/2021\/09\/gran-alacant-1993.jpg\" alt=\"Gran Alacant October 1993 \" width=\"1111\" height=\"742\" \/><br \/>\n<em>Source: Institut Cartogr\u00e0fic Valenci\u00e0<\/em><\/p>\n<p>Gran Alacant est g\u00e9n\u00e9ralement un endroit calme et ses visiteurs sont principalement des Europ\u00e9ens qui soit y vivre ou poss\u00e9der\/louer une maison de vacances. Lorsque tous les appartements et propri\u00e9t\u00e9s seront lou\u00e9s, le nombre triplera pour atteindre environ 25 000 personnes.<\/p>\n<p>La d\u00e9mographie \u00e0 Gran Alacant est, comme d&rsquo;habitude dans les lieux touristiques, d&rsquo;environ 16% &gt; 14 ans et 18% &lt; 65 ans. 18% des r\u00e9sidents sont des \u00e9trangers. En 2019, plus de 1 000 \u00e9trangers sont venus du Royaume-Uni (<a href=\"http:\/\/documentacion.diputacionalicante.es\/4hogares.asp?codigo=03121\">source<\/a>).<\/p>\n<p>Il existe un large \u00e9ventail de bars, de restaurants et de boutiques ainsi que le centre commercial GA Center et deux fantastiques plages de sable \u00e0 visiter. D&rsquo;avril \u00e0 octobre, le climat \u00e0 Gran Alacant est excellent ici \u00e0 Gran Alacant et sur toute la Costa Blanca.<\/p>\n<p>Il y a plus de 40 urbanisations \u00e0 Gran Alacant au total :<\/p>\n\n<table id=\"tablepress-1\" class=\"tablepress tablepress-id-1\">\n<thead>\n<tr class=\"row-1 odd\">\n\t<th class=\"column-1\">Urbanisation<\/th><th class=\"column-2\">construit \u00e0 partir<\/th><th class=\"column-3\">construit jusqu'en<\/th><th class=\"column-4\">N\u00b0 d'unit\u00e9s<br \/>\n<\/th><th class=\"column-5\">Commentaires<\/th>\n<\/tr>\n<\/thead>\n<tbody class=\"row-hover\">\n<tr class=\"row-2 even\">\n\t<td class=\"column-1\">Agua Marina<\/td><td class=\"column-2\">2018<\/td><td class=\"column-3\">2019<\/td><td class=\"column-4\">40<\/td><td class=\"column-5\">Cl. Canaris<\/td>\n<\/tr>\n<tr class=\"row-3 odd\">\n\t<td class=\"column-1\">Amara<\/td><td class=\"column-2\">2022<\/td><td class=\"column-3\">2023<\/td><td class=\"column-4\">120<\/td><td class=\"column-5\"><\/td>\n<\/tr>\n<tr class=\"row-4 even\">\n\t<td class=\"column-1\">Aura<\/td><td class=\"column-2\">2020<\/td><td class=\"column-3\">2021<\/td><td class=\"column-4\">76<\/td><td class=\"column-5\"><\/td>\n<\/tr>\n<tr class=\"row-5 odd\">\n\t<td class=\"column-1\">Altomar I<\/td><td class=\"column-2\">2001<\/td><td class=\"column-3\">2003<\/td><td class=\"column-4\">399<\/td><td class=\"column-5\"><\/td>\n<\/tr>\n<tr class=\"row-6 even\">\n\t<td class=\"column-1\">Altomar II<\/td><td class=\"column-2\">2001<\/td><td class=\"column-3\">2004<\/td><td class=\"column-4\">809<\/td><td class=\"column-5\"><\/td>\n<\/tr>\n<tr class=\"row-7 odd\">\n\t<td class=\"column-1\">Bah\u00eda Playa<\/td><td class=\"column-2\">2018<\/td><td class=\"column-3\">2018<\/td><td class=\"column-4\">62<\/td><td class=\"column-5\"><\/td>\n<\/tr>\n<tr class=\"row-8 even\">\n\t<td class=\"column-1\">Balcones del Mar<\/td><td class=\"column-2\">2006<\/td><td class=\"column-3\">2009<\/td><td class=\"column-4\">120<\/td><td class=\"column-5\"><\/td>\n<\/tr>\n<tr class=\"row-9 odd\">\n\t<td class=\"column-1\">Brisa Mar<\/td><td class=\"column-2\">1991<\/td><td class=\"column-3\">2006<\/td><td class=\"column-4\">482<\/td><td class=\"column-5\"><\/td>\n<\/tr>\n<tr class=\"row-10 even\">\n\t<td class=\"column-1\">Brisas del Faro<\/td><td class=\"column-2\">2001<\/td><td class=\"column-3\">2005<\/td><td class=\"column-4\">293<\/td><td class=\"column-5\"><\/td>\n<\/tr>\n<tr class=\"row-11 odd\">\n\t<td class=\"column-1\">Camarcha Playa<\/td><td class=\"column-2\">2002<\/td><td class=\"column-3\">2002<\/td><td class=\"column-4\">13<\/td><td class=\"column-5\"><\/td>\n<\/tr>\n<tr class=\"row-12 even\">\n\t<td class=\"column-1\">Carabassi<\/td><td class=\"column-2\">1989<\/td><td class=\"column-3\">2004<\/td><td class=\"column-4\">90<\/td><td class=\"column-5\"><\/td>\n<\/tr>\n<tr class=\"row-13 odd\">\n\t<td class=\"column-1\">Costa Hispania A &amp; B<\/td><td class=\"column-2\">1988<\/td><td class=\"column-3\">1990<\/td><td class=\"column-4\">247<\/td><td class=\"column-5\"><\/td>\n<\/tr>\n<tr class=\"row-14 even\">\n\t<td class=\"column-1\">Costa Hispania C<\/td><td class=\"column-2\">1996<\/td><td class=\"column-3\">2001<\/td><td class=\"column-4\">163<\/td><td class=\"column-5\"><\/td>\n<\/tr>\n<tr class=\"row-15 odd\">\n\t<td class=\"column-1\">Don Pueblo<\/td><td class=\"column-2\">1998<\/td><td class=\"column-3\">1998<\/td><td class=\"column-4\">54<\/td><td class=\"column-5\"><\/td>\n<\/tr>\n<tr class=\"row-16 even\">\n\t<td class=\"column-1\">El Faro<\/td><td class=\"column-2\">1990<\/td><td class=\"column-3\">2002<\/td><td class=\"column-4\">188<\/td><td class=\"column-5\"><\/td>\n<\/tr>\n<tr class=\"row-17 odd\">\n\t<td class=\"column-1\">Gran Alacant<\/td><td class=\"column-2\">1984<\/td><td class=\"column-3\">1984<\/td><td class=\"column-4\">363<\/td><td class=\"column-5\"><\/td>\n<\/tr>\n<tr class=\"row-18 even\">\n\t<td class=\"column-1\">Gran Alicante<\/td><td class=\"column-2\">2019<\/td><td class=\"column-3\">2019<\/td><td class=\"column-4\">26<\/td><td class=\"column-5\">Cl. Manuela Molina Segura<\/td>\n<\/tr>\n<tr class=\"row-19 odd\">\n\t<td class=\"column-1\">Gran Vista<\/td><td class=\"column-2\">1987<\/td><td class=\"column-3\">1988<\/td><td class=\"column-4\">474<\/td><td class=\"column-5\"><\/td>\n<\/tr>\n<tr class=\"row-20 even\">\n\t<td class=\"column-1\">Iconic<\/td><td class=\"column-2\">2021<\/td><td class=\"column-3\">2023<\/td><td class=\"column-4\">170<\/td><td class=\"column-5\"><\/td>\n<\/tr>\n<tr class=\"row-21 odd\">\n\t<td class=\"column-1\">Isla de Izaro<\/td><td class=\"column-2\">2005<\/td><td class=\"column-3\">2006<\/td><td class=\"column-4\">99<\/td><td class=\"column-5\">C. Caridad Soler Dura<\/td>\n<\/tr>\n<tr class=\"row-22 even\">\n\t<td class=\"column-1\">Lomas del Carabassi<\/td><td class=\"column-2\">2009<\/td><td class=\"column-3\">2019<\/td><td class=\"column-4\">122<\/td><td class=\"column-5\"><\/td>\n<\/tr>\n<tr class=\"row-23 odd\">\n\t<td class=\"column-1\">Mediterraneo<\/td><td class=\"column-2\">2000<\/td><td class=\"column-3\">2003<\/td><td class=\"column-4\">456<\/td><td class=\"column-5\"><\/td>\n<\/tr>\n<tr class=\"row-24 even\">\n\t<td class=\"column-1\">Mirador del Mediterr\u00e1neo<\/td><td class=\"column-2\">2001<\/td><td class=\"column-3\">2001<\/td><td class=\"column-4\">13<\/td><td class=\"column-5\"><\/td>\n<\/tr>\n<tr class=\"row-25 odd\">\n\t<td class=\"column-1\">Monte Faro<\/td><td class=\"column-2\">2004<\/td><td class=\"column-3\">2007<\/td><td class=\"column-4\">358<\/td><td class=\"column-5\"><\/td>\n<\/tr>\n<tr class=\"row-26 even\">\n\t<td class=\"column-1\">Monte y Mar<\/td><td class=\"column-2\">2003<\/td><td class=\"column-3\">2008<\/td><td class=\"column-4\">1595<\/td><td class=\"column-5\">C. Canarias \/ Av. Escandinavia<\/td>\n<\/tr>\n<tr class=\"row-27 odd\">\n\t<td class=\"column-1\">Monte y Mar 4-4-A<\/td><td class=\"column-2\">2004<\/td><td class=\"column-3\">2008<\/td><td class=\"column-4\">181<\/td><td class=\"column-5\">C. Creta \/ C. Chipre<\/td>\n<\/tr>\n<tr class=\"row-28 even\">\n\t<td class=\"column-1\">Monte y Mar 4-2<\/td><td class=\"column-2\">2000<\/td><td class=\"column-3\">2005<\/td><td class=\"column-4\">575<\/td><td class=\"column-5\">Av. Polonia<\/td>\n<\/tr>\n<tr class=\"row-29 odd\">\n\t<td class=\"column-1\">Monte y Mar 6A 6B<\/td><td class=\"column-2\">1998<\/td><td class=\"column-3\">2007<\/td><td class=\"column-4\">513<\/td><td class=\"column-5\">C. Luxemburgo \/ C. Holandia \/ C. Belgica<\/td>\n<\/tr>\n<tr class=\"row-30 even\">\n\t<td class=\"column-1\">Novabeach<\/td><td class=\"column-2\">2014<\/td><td class=\"column-3\">2014<\/td><td class=\"column-4\">83<\/td><td class=\"column-5\"><\/td>\n<\/tr>\n<tr class=\"row-31 odd\">\n\t<td class=\"column-1\">Novamar I - IV<\/td><td class=\"column-2\">2001<\/td><td class=\"column-3\">2005<\/td><td class=\"column-4\">1065<\/td><td class=\"column-5\"><\/td>\n<\/tr>\n<tr class=\"row-32 even\">\n\t<td class=\"column-1\">Olivo de Oro<\/td><td class=\"column-2\">1999<\/td><td class=\"column-3\">1999<\/td><td class=\"column-4\">31<\/td><td class=\"column-5\">Av. Escandinavia<\/td>\n<\/tr>\n<tr class=\"row-33 odd\">\n\t<td class=\"column-1\">Panorama<\/td><td class=\"column-2\">1983<\/td><td class=\"column-3\">1983<\/td><td class=\"column-4\">160<\/td><td class=\"column-5\">C. Asturias<\/td>\n<\/tr>\n<tr class=\"row-34 even\">\n\t<td class=\"column-1\">Panorama Sea View<\/td><td class=\"column-2\">1983<\/td><td class=\"column-3\">1983<\/td><td class=\"column-4\">281<\/td><td class=\"column-5\">C. Asia \/ c. Oceania<\/td>\n<\/tr>\n<tr class=\"row-35 odd\">\n\t<td class=\"column-1\">Pino Mar<\/td><td class=\"column-2\">1997<\/td><td class=\"column-3\">1997<\/td><td class=\"column-4\">19<\/td><td class=\"column-5\">Av. Mediterraneo<\/td>\n<\/tr>\n<tr class=\"row-36 even\">\n\t<td class=\"column-1\">Puerto Marino \/ Port Mar\u00ed<\/td><td class=\"column-2\">2003<\/td><td class=\"column-3\">2006<\/td><td class=\"column-4\">448<\/td><td class=\"column-5\">C. Finlandia<\/td>\n<\/tr>\n<tr class=\"row-37 odd\">\n\t<td class=\"column-1\">San Sebastian<\/td><td class=\"column-2\">2008<\/td><td class=\"column-3\">2019<\/td><td class=\"column-4\">682<\/td><td class=\"column-5\"><\/td>\n<\/tr>\n<tr class=\"row-38 even\">\n\t<td class=\"column-1\">Santa Pola Life Resort<\/td><td class=\"column-2\">2008<\/td><td class=\"column-3\">2008<\/td><td class=\"column-4\">200<\/td><td class=\"column-5\"><\/td>\n<\/tr>\n<tr class=\"row-39 odd\">\n\t<td class=\"column-1\">Sierra Mar<\/td><td class=\"column-2\">1982<\/td><td class=\"column-3\">1989<\/td><td class=\"column-4\">350<\/td><td class=\"column-5\">Le dernier bloc a \u00e9t\u00e9 construit en 1989 (Calle Rio *)<\/td>\n<\/tr>\n<tr class=\"row-40 even\">\n\t<td class=\"column-1\">Solero Hills<\/td><td class=\"column-2\">2017<\/td><td class=\"column-3\">2021<\/td><td class=\"column-4\">52<\/td><td class=\"column-5\"><\/td>\n<\/tr>\n<tr class=\"row-41 odd\">\n\t<td class=\"column-1\">Sol y Playa<\/td><td class=\"column-2\">1989<\/td><td class=\"column-3\">1989<\/td><td class=\"column-4\">84<\/td><td class=\"column-5\">C. Rioja<\/td>\n<\/tr>\n<tr class=\"row-42 even\">\n\t<td class=\"column-1\">Sueno Azul<\/td><td class=\"column-2\">1988<\/td><td class=\"column-3\">1988<\/td><td class=\"column-4\">120<\/td><td class=\"column-5\"><\/td>\n<\/tr>\n<tr class=\"row-43 odd\">\n\t<td class=\"column-1\">Sukha<\/td><td class=\"column-2\">2019<\/td><td class=\"column-3\">2021<\/td><td class=\"column-4\">101<\/td><td class=\"column-5\"><\/td>\n<\/tr>\n<tr class=\"row-44 even\">\n\t<td class=\"column-1\">Victoria Playa<\/td><td class=\"column-2\">2002<\/td><td class=\"column-3\">2004<\/td><td class=\"column-4\">127<\/td><td class=\"column-5\"><\/td>\n<\/tr>\n<tr class=\"row-45 odd\">\n\t<td class=\"column-1\">Vista Bahia<\/td><td class=\"column-2\">2003<\/td><td class=\"column-3\">2005<\/td><td class=\"column-4\">85<\/td><td class=\"column-5\">C. Orden Dorico<\/td>\n<\/tr>\n<\/tbody>\n<\/table>\n<!-- #tablepress-1 from cache -->\n","protected":false},"excerpt":{"rendered":"<p>Gran Alacant est un district de Santa Pola situ\u00e9 dans la province d&rsquo;Alicante sur la Costa Blanca en Espagne. Le quartier est \u00e0 environ 12&hellip;<\/p>\n","protected":false},"author":2,"featured_media":0,"parent":0,"menu_order":0,"comment_status":"closed","ping_status":"closed","template":"","meta":{"footnotes":""},"_links":{"self":[{"href":"https:\/\/www.granalacant.com\/fr\/wp-json\/wp\/v2\/pages\/31"}],"collection":[{"href":"https:\/\/www.granalacant.com\/fr\/wp-json\/wp\/v2\/pages"}],"about":[{"href":"https:\/\/www.granalacant.com\/fr\/wp-json\/wp\/v2\/types\/page"}],"author":[{"embeddable":true,"href":"https:\/\/www.granalacant.com\/fr\/wp-json\/wp\/v2\/users\/2"}],"replies":[{"embeddable":true,"href":"https:\/\/www.granalacant.com\/fr\/wp-json\/wp\/v2\/comments?post=31"}],"version-history":[{"count":11,"href":"https:\/\/www.granalacant.com\/fr\/wp-json\/wp\/v2\/pages\/31\/revisions"}],"predecessor-version":[{"id":113,"href":"https:\/\/www.granalacant.com\/fr\/wp-json\/wp\/v2\/pages\/31\/revisions\/113"}],"wp:attachment":[{"href":"https:\/\/www.granalacant.com\/fr\/wp-json\/wp\/v2\/media?parent=31"}],"curies":[{"name":"wp","href":"https:\/\/api.w.org\/{rel}","templated":true}]}}