{"id":77,"date":"2021-07-02T18:57:20","date_gmt":"2021-07-02T16:57:20","guid":{"rendered":"https:\/\/www.granalacant.com\/?page_id=247"},"modified":"2021-08-23T19:04:39","modified_gmt":"2021-08-23T17:04:39","slug":"playa-del-carabassi-beach","status":"publish","type":"page","link":"https:\/\/www.granalacant.com\/fr\/playa-del-carabassi-beach\/","title":{"rendered":"Playa Carabass\u00ed &#x26f1;&#xfe0f; Plage"},"content":{"rendered":"<p>Gran Alacant a acc\u00e8s \u00e0 deux des meilleures et des plus belles plages de la c\u00f4te de la Costa Blanca. La plage de Carabassi est la plus proche.<\/p>\n<p><strong>Playa del Carabassi &#8211; plage naturelle, sableuse et en pente douce<\/strong><\/p>\n<p>La plage la plus proche de Gran Alacant est la plage El Carabass\u00ed, qui se trouve \u00e0 distance de marche de Gran Alacant et \u00e0 seulement 17 km environ du centre d&rsquo;Alicante et qui est directement reli\u00e9e \u00e0 la plage Los Arenales del Sol.<\/p>\n<p>Les r\u00e9sidents, les invit\u00e9s et les visiteurs de Gran Alacant peuvent rejoindre la plage de Carabassi \u00e0 pied. La plage de Los Arenales del Sol se trouve \u00e9galement \u00e0 quelques m\u00e8tres de la plage de Carabassi et est gratuite pour tous. Les deux plages sont des plages naturelles de sable o\u00f9 vous pouvez prendre le soleil et vous d\u00e9tendre. Vous pouvez vous baigner dans la mer de mai \u00e0 octobre. Situ\u00e9e juste \u00e0 l&rsquo;ext\u00e9rieur d&rsquo;Alicante, c&rsquo;est une plage avec du sable fin et des eaux cristallines parfaites pour la baignade. La plage dispose de nombreuses installations telles que des douches et des vestiaires, ce qui vous permet de vous pr\u00e9parer avant de vous jeter \u00e0 l&rsquo;eau ! Vous trouverez \u00e9galement des clubs de plage, des restaurants et des bars le long de la plage ou \u00e0 quelques pas en direction de Gran Alacant.<\/p>\n<p>Contrairement \u00e0 la plage de Los Arenales, cette plage n&rsquo;a pas de b\u00e2timents derri\u00e8re elle et pas de promenade. Elle se trouve directement sous le petit rocher du m\u00eame nom et poss\u00e8de un beau syst\u00e8me de dunes de sable.<\/p>\n<p>Pour acc\u00e9der au sable, il faut passer par un syst\u00e8me de chemins en bois construit pour prot\u00e9ger le bel \u00e9cosyst\u00e8me des dunes.<\/p>\n<p><strong>Baignade dans la mer \u00e0 la plage de Gran Alacant :<\/strong><\/p>\n<p>La plage est surveill\u00e9e par des ma\u00eetres-nageurs pendant la saison. Les zones o\u00f9 vous pouvez vous baigner sont marqu\u00e9es par des bou\u00e9es jaunes et sont suffisamment larges. Veuillez noter que vous n&rsquo;\u00eates PAS autoris\u00e9 \u00e0 entrer dans l&rsquo;eau lorsque le drapeau rouge ou noir est lev\u00e9. La baignade n&rsquo;est autoris\u00e9e que lorsque le drapeau affiche les couleurs \u00ab\u00a0jaune\u00a0\u00bb et \u00ab\u00a0vert\u00a0\u00bb ! Le drapeau rouge appara\u00eet g\u00e9n\u00e9ralement sur cette plage lorsqu&rsquo;il y a beaucoup de vent.<br \/>\nPendant la saison baln\u00e9aire, il y a un ma\u00eetre-nageur \u00e0 Playa Carabassi entre 10h00 et 20h00. Pendant cette p\u00e9riode, un drapeau sur la plage signale l&rsquo;\u00e9tat de danger. <span style=\"color: green;\">VERT<\/span> = \u00ab\u00a0tout va bien\u00a0\u00bb, <mark>JAUNE<\/mark> = \u00ab\u00a0attention\u00a0\u00bb, <span style=\"color: red;\">ROUGE<\/span> = \u00ab\u00a0baignade interdite\u00a0\u00bb.<\/p>\n<blockquote>Aucun drapeau n'est hiss\u00e9 pour le moment <em>(02\/05\/2026 - 09h)<\/em>. Si aucun drapeau n'a \u00e9t\u00e9 hiss\u00e9, cela signifie qu'il n'y a pas de sauveteurs sur la plage. Baignade non surveill\u00e9e!<\/blockquote>\n<p><strong>Parking pr\u00e8s de la plage de Gran Alacant<\/strong><\/p>\n<p>Il y a \u00e9galement des parkings \u00e0 proximit\u00e9 le long de la route Av. San Bartolom\u00e9 de Tirajana de Gran Alacant \u00e0 Los Arenales, ainsi que sur la route vers Santa Pola, qui m\u00e8ne \u00e9galement \u00e0 la plage pour chiens.<\/p>\n<p><strong>Bon \u00e0 savoir : Dunes et plage naturiste<\/strong><\/p>\n<p>La plage d&rsquo;El Carabass\u00ed est \u00e9galement une plage naturiste en direction de Santa Pola. Dans les dunes, les gens cherchent leur espace intime et bronzent leur corps au soleil dans un environnement naturel enviable.<\/p>\n<p>Les dunes sont peupl\u00e9es de petits reptiles qui se cachent dans les buissons et on trouve des pins typiquement m\u00e9diterran\u00e9ens juste \u00e0 c\u00f4t\u00e9 des dunes.<\/p>\n<p>Le sable est dor\u00e9 et c&rsquo;est l&rsquo;une de ces plages o\u00f9 il faut un certain temps pour arriver dans l&rsquo;eau jusqu&rsquo;aux genoux. Sur le fond marin, vous trouverez de petits rochers avec de la vie marine et des poissons \u00e0 certains endroits. Cela vaut vraiment la peine d&rsquo;apporter une paire de lunettes de plong\u00e9e.<\/p>\n<p>C&rsquo;est l&rsquo;une des plus belles plages d&rsquo;Espagne, et elle est \u00e9galement tr\u00e8s facile d&rsquo;acc\u00e8s.<\/p>\n<p>Cette plage est reli\u00e9e \u00e0 plusieurs autres rivages, ce qui permet une grande aventure lors de l&rsquo;exploration des diff\u00e9rentes zones proches ; cependant, si vous souhaitez un moyen plus facile de rentrer, ce n&rsquo;est peut-\u00eatre pas la meilleure option car il n&rsquo;y a pas beaucoup d&rsquo;options \u00e0 proximit\u00e9 ou le long de ses rivages.<\/p>\n<p><strong>Vous aimez la nature ? Visitez la r\u00e9serve naturelle Clot de Galvany \u00e0 c\u00f4t\u00e9 de la plage.<\/strong><\/p>\n<p>Le Clot de Galvany est une zone humide qui abrite environ 200 types de plantes et d&rsquo;animaux. Avec une forte population d&rsquo;oiseaux, de papillons et de libellules, il n&rsquo;est pas surprenant que le Clot de Galvany soit l&rsquo;une des zones humides les plus importantes de Valence. Il est \u00e9galement reli\u00e9 aux for\u00eats de pins et aux dunes de Playa del Carabass\u00ed, qui sont parfaites pour la randonn\u00e9e. Vous pouvez explorer cette magnifique r\u00e9gion en famille ou entre amis !<\/p>\n<p>Cette r\u00e9serve naturelle est id\u00e9ale pour la marche, le jogging ou le v\u00e9lo. Elle dispose \u00e9galement d&rsquo;une aire de pique-nique qui est utilis\u00e9e par de nombreuses personnes, g\u00e9n\u00e9ralement le dimanche, pour passer une journ\u00e9e \u00e0 la campagne \u00e0 quelques m\u00e8tres de la mer.<\/p>\n<p>Cette zone humide prot\u00e9g\u00e9e, qui s&rsquo;\u00e9tend jusqu&rsquo;\u00e0 la zone des anciens bunkers et tranch\u00e9es vers Balsares avec ses \u00e9tangs, est reli\u00e9e aux pin\u00e8des et aux dunes d&rsquo;El Carabass\u00ed. Le long de ses sentiers, vous trouverez des \u00e9tangs, des pins d&rsquo;Alep, des ch\u00eanes verts, des oliviers et une vari\u00e9t\u00e9 d&rsquo;arbustes aromatiques comme le thym, la lavande et le romarin. Le porr\u00f3n brun, la sarcelle grise et la malvasie \u00e0 t\u00eate blanche ne sont que quelques-uns des animaux qui ont \u00e9lu domicile dans cet endroit. Si vous \u00eates \u00e0 la recherche d&rsquo;un nouveau lieu d&rsquo;aventure, venez visiter le Gran Alacant Play del Carabass\u00ed &amp; Clot de Galvany d\u00e8s aujourd&rsquo;hui !<\/p>\n","protected":false},"excerpt":{"rendered":"<p>Gran Alacant a acc\u00e8s \u00e0 deux des meilleures et des plus belles plages de la c\u00f4te de la Costa Blanca. La plage de Carabassi est&hellip;<\/p>\n","protected":false},"author":2,"featured_media":0,"parent":0,"menu_order":0,"comment_status":"closed","ping_status":"closed","template":"","meta":{"footnotes":""},"_links":{"self":[{"href":"https:\/\/www.granalacant.com\/fr\/wp-json\/wp\/v2\/pages\/77"}],"collection":[{"href":"https:\/\/www.granalacant.com\/fr\/wp-json\/wp\/v2\/pages"}],"about":[{"href":"https:\/\/www.granalacant.com\/fr\/wp-json\/wp\/v2\/types\/page"}],"author":[{"embeddable":true,"href":"https:\/\/www.granalacant.com\/fr\/wp-json\/wp\/v2\/users\/2"}],"replies":[{"embeddable":true,"href":"https:\/\/www.granalacant.com\/fr\/wp-json\/wp\/v2\/comments?post=77"}],"version-history":[{"count":5,"href":"https:\/\/www.granalacant.com\/fr\/wp-json\/wp\/v2\/pages\/77\/revisions"}],"predecessor-version":[{"id":82,"href":"https:\/\/www.granalacant.com\/fr\/wp-json\/wp\/v2\/pages\/77\/revisions\/82"}],"wp:attachment":[{"href":"https:\/\/www.granalacant.com\/fr\/wp-json\/wp\/v2\/media?parent=77"}],"curies":[{"name":"wp","href":"https:\/\/api.w.org\/{rel}","templated":true}]}}