{"id":26,"date":"2021-06-03T16:41:43","date_gmt":"2021-06-03T14:41:43","guid":{"rendered":"https:\/\/www.granalacant.com\/?page_id=129"},"modified":"2023-07-09T17:21:36","modified_gmt":"2023-07-09T15:21:36","slug":"history","status":"publish","type":"page","link":"https:\/\/www.granalacant.com\/no\/history\/","title":{"rendered":"Gran Alacant"},"content":{"rendered":"<p>Gran Alacant er et distrikt i <a href=\"https:\/\/www.santapola.es\/?lang=en\">Santa Pola<\/a> som ligger i provinsen Alicante p\u00e5 Costa Blanca i Spania. Distriktet ligger omtrent 12 minutter med taxi fra Alicante internasjonale lufthavn (<a href=\"https:\/\/www.aena.es\/es\/alicante-elche.html\">ALC<\/a>).<\/p>\n<p><img loading=\"lazy\" decoding=\"async\" class=\"alignnone wp-image-286 size-full\" src=\"https:\/\/www.granalacant.com\/wp-content\/uploads\/2021\/07\/gran-alacant-entry-4.jpg\" alt=\"Gran Alacant\" width=\"800\" height=\"604\" \/><\/p>\n<p>Navnet Gran Alacant ble gitt til den f\u00f8rste urbaniseringen som ble bygget i den \u00f8vre delen av feriestedet rundt \u00e5r 1996. En gang etablert ble det bygget flere urbanisasjoner, og i dag er det over 20 boligomr\u00e5der spredt over de \u00f8vre og nedre omr\u00e5dene av Gran Alacant. I 2021 bor Gran Alacant 9.601 boliger, 4.920 menn og 4.680 kvinner (Kilde: <a href=\"https:\/\/www.ine.es\/nomen2\/index.do?accion=busquedaRapida&amp;subaccion=&amp;numPag=0&amp;ordenAnios=ASC&amp;nombrePoblacion=Gran+Alacant&amp;botonBusquedaRapida=Consultar+selecci%F3n\">ine.es<\/a> Spania statistiske avdeling).<\/p>\n<p>Sjekk Gran Alacant fra 1984 til 2020 i timelapse -modus:<\/p>\n<p><iframe loading=\"lazy\" src=\"https:\/\/earthengine.google.com\/iframes\/timelapse_player_embed.html#v=38.23123,-0.52846,11.874,latLng&amp;t=2.87&amp;ps=25&amp;bt=19840101&amp;et=20201231&amp;startDwell=0&amp;endDwell=0\" width=\"1080\" height=\"600\" frameborder=\"0\" allowfullscreen=\"allowfullscreen\"><\/iframe><\/p>\n<p>Kvaliteten p\u00e5 satellittbildene som tilbys er ikke s\u00e5 god, men du kan se at den virkelige veksten av Gran Alacant fant sted mellom 1999 og 2002. F\u00f8r 1999 ble det bare bygget noen f\u00e5 bosetninger &#8211; et bilde fra 1993:<\/p>\n<p><img loading=\"lazy\" decoding=\"async\" class=\"alignnone wp-image-359 size-full\" src=\"https:\/\/www.granalacant.com\/wp-content\/uploads\/2021\/09\/gran-alacant-1993.jpg\" alt=\"Gran Alacant October 1993 \" width=\"1111\" height=\"742\" \/><br \/>\n<em>Source: Institut Cartogr\u00e0fic Valenci\u00e0<\/em><\/p>\n<p>Gran Alacant er generelt et rolig sted og de bes\u00f8kende er hovedsakelig europeere som enten bo der eller eie \/ leie et feriehus. N\u00e5r alle leilighetene er leid ut, vil antallet nesten tredobles til omtrent 25.000 personer.<\/p>\n<p>Demografi i Gran Alacant er som vanlig p\u00e5 turiststeder ca. 16% &gt; 14 \u00e5r og 18% &lt; 65 \u00e5r. 18% av innbyggerne er utlendinger. I 2019 kom over 1000 utlendinger fra Storbritannia (<a href=\"http:\/\/documentacion.diputacionalicante.es\/4hogares.asp?codigo=03121\">kilde<\/a>).<\/p>\n<p>Det er et bredt utvalg av barer, restauranter og butikker og GA Center kj\u00f8pesenter og to fantastiske sandstrender \u00e5 bes\u00f8ke. Fra april til oktober er klima i Gran Alacant utmerket her i Gran Alacant og hele Costa Blanca.<\/p>\n<p>Det er mer enn 40 urbanisasjoner i Gran Alacant totalt:<\/p>\n\n<table id=\"tablepress-1\" class=\"tablepress tablepress-id-1\">\n<thead>\n<tr class=\"row-1\">\n\t<th class=\"column-1\">Urbanisering<\/th><th class=\"column-2\">bygget fra<\/th><th class=\"column-3\">Bygget til<\/th><th class=\"column-4\">Antall enheter<\/th><th class=\"column-5\">Kommentarer<\/th>\n<\/tr>\n<\/thead>\n<tbody class=\"row-striping row-hover\">\n<tr class=\"row-2\">\n\t<td class=\"column-1\">Agua Marina<\/td><td class=\"column-2\">2018<\/td><td class=\"column-3\">2019<\/td><td class=\"column-4\">40<\/td><td class=\"column-5\">Cl. Canaris<\/td>\n<\/tr>\n<tr class=\"row-3\">\n\t<td class=\"column-1\">Amara<\/td><td class=\"column-2\">2022<\/td><td class=\"column-3\">2023<\/td><td class=\"column-4\">120<\/td><td class=\"column-5\"><\/td>\n<\/tr>\n<tr class=\"row-4\">\n\t<td class=\"column-1\">Aura<\/td><td class=\"column-2\">2020<\/td><td class=\"column-3\">2021<\/td><td class=\"column-4\">76<\/td><td class=\"column-5\"><\/td>\n<\/tr>\n<tr class=\"row-5\">\n\t<td class=\"column-1\">Altomar I<\/td><td class=\"column-2\">2001<\/td><td class=\"column-3\">2003<\/td><td class=\"column-4\">399<\/td><td class=\"column-5\"><\/td>\n<\/tr>\n<tr class=\"row-6\">\n\t<td class=\"column-1\">Altomar II<\/td><td class=\"column-2\">2001<\/td><td class=\"column-3\">2004<\/td><td class=\"column-4\">809<\/td><td class=\"column-5\"><\/td>\n<\/tr>\n<tr class=\"row-7\">\n\t<td class=\"column-1\">Bah\u00eda Playa<\/td><td class=\"column-2\">2018<\/td><td class=\"column-3\">2018<\/td><td class=\"column-4\">62<\/td><td class=\"column-5\"><\/td>\n<\/tr>\n<tr class=\"row-8\">\n\t<td class=\"column-1\">Balcones del Mar<\/td><td class=\"column-2\">2006<\/td><td class=\"column-3\">2009<\/td><td class=\"column-4\">120<\/td><td class=\"column-5\"><\/td>\n<\/tr>\n<tr class=\"row-9\">\n\t<td class=\"column-1\">Brisa Mar<\/td><td class=\"column-2\">1991<\/td><td class=\"column-3\">2006<\/td><td class=\"column-4\">482<\/td><td class=\"column-5\"><\/td>\n<\/tr>\n<tr class=\"row-10\">\n\t<td class=\"column-1\">Brisas del Faro<\/td><td class=\"column-2\">2001<\/td><td class=\"column-3\">2005<\/td><td class=\"column-4\">293<\/td><td class=\"column-5\"><\/td>\n<\/tr>\n<tr class=\"row-11\">\n\t<td class=\"column-1\">Camarcha Playa<\/td><td class=\"column-2\">2002<\/td><td class=\"column-3\">2002<\/td><td class=\"column-4\">13<\/td><td class=\"column-5\"><\/td>\n<\/tr>\n<tr class=\"row-12\">\n\t<td class=\"column-1\">Carabassi<\/td><td class=\"column-2\">1989<\/td><td class=\"column-3\">2004<\/td><td class=\"column-4\">90<\/td><td class=\"column-5\"><\/td>\n<\/tr>\n<tr class=\"row-13\">\n\t<td class=\"column-1\">Costa Hispania A &amp; B<\/td><td class=\"column-2\">1988<\/td><td class=\"column-3\">1990<\/td><td class=\"column-4\">247<\/td><td class=\"column-5\"><\/td>\n<\/tr>\n<tr class=\"row-14\">\n\t<td class=\"column-1\">Costa Hispania C<\/td><td class=\"column-2\">1996<\/td><td class=\"column-3\">2001<\/td><td class=\"column-4\">163<\/td><td class=\"column-5\"><\/td>\n<\/tr>\n<tr class=\"row-15\">\n\t<td class=\"column-1\">Don Pueblo<\/td><td class=\"column-2\">1998<\/td><td class=\"column-3\">1998<\/td><td class=\"column-4\">54<\/td><td class=\"column-5\"><\/td>\n<\/tr>\n<tr class=\"row-16\">\n\t<td class=\"column-1\">El Faro<\/td><td class=\"column-2\">1990<\/td><td class=\"column-3\">2002<\/td><td class=\"column-4\">188<\/td><td class=\"column-5\"><\/td>\n<\/tr>\n<tr class=\"row-17\">\n\t<td class=\"column-1\">Gran Alacant<\/td><td class=\"column-2\">1984<\/td><td class=\"column-3\">1984<\/td><td class=\"column-4\">363<\/td><td class=\"column-5\"><\/td>\n<\/tr>\n<tr class=\"row-18\">\n\t<td class=\"column-1\">Gran Alicante<\/td><td class=\"column-2\">2019<\/td><td class=\"column-3\">2019<\/td><td class=\"column-4\">26<\/td><td class=\"column-5\">Cl. Manuela Molina Segura<\/td>\n<\/tr>\n<tr class=\"row-19\">\n\t<td class=\"column-1\">Gran Vista<\/td><td class=\"column-2\">1987<\/td><td class=\"column-3\">1988<\/td><td class=\"column-4\">474<\/td><td class=\"column-5\"><\/td>\n<\/tr>\n<tr class=\"row-20\">\n\t<td class=\"column-1\">Iconic<\/td><td class=\"column-2\">2021<\/td><td class=\"column-3\">2023<\/td><td class=\"column-4\">170<\/td><td class=\"column-5\"><\/td>\n<\/tr>\n<tr class=\"row-21\">\n\t<td class=\"column-1\">Isla de Izaro<\/td><td class=\"column-2\">2005<\/td><td class=\"column-3\">2006<\/td><td class=\"column-4\">99<\/td><td class=\"column-5\">C. Caridad Soler Dura<\/td>\n<\/tr>\n<tr class=\"row-22\">\n\t<td class=\"column-1\">Lomas del Carabassi<\/td><td class=\"column-2\">2009<\/td><td class=\"column-3\">2019<\/td><td class=\"column-4\">122<\/td><td class=\"column-5\"><\/td>\n<\/tr>\n<tr class=\"row-23\">\n\t<td class=\"column-1\">Mediterraneo<\/td><td class=\"column-2\">2000<\/td><td class=\"column-3\">2003<\/td><td class=\"column-4\">456<\/td><td class=\"column-5\"><\/td>\n<\/tr>\n<tr class=\"row-24\">\n\t<td class=\"column-1\">Mirador del Mediterr\u00e1neo<\/td><td class=\"column-2\">2001<\/td><td class=\"column-3\">2001<\/td><td class=\"column-4\">13<\/td><td class=\"column-5\"><\/td>\n<\/tr>\n<tr class=\"row-25\">\n\t<td class=\"column-1\">Monte Faro<\/td><td class=\"column-2\">2004<\/td><td class=\"column-3\">2007<\/td><td class=\"column-4\">358<\/td><td class=\"column-5\"><\/td>\n<\/tr>\n<tr class=\"row-26\">\n\t<td class=\"column-1\">Monte y Mar<\/td><td class=\"column-2\">2003<\/td><td class=\"column-3\">2008<\/td><td class=\"column-4\">1595<\/td><td class=\"column-5\">C. Canarias \/ Av. Escandinavia<\/td>\n<\/tr>\n<tr class=\"row-27\">\n\t<td class=\"column-1\">Monte y Mar 4-4-A<\/td><td class=\"column-2\">2004<\/td><td class=\"column-3\">2008<\/td><td class=\"column-4\">181<\/td><td class=\"column-5\">C. Creta \/ C. Chipre<\/td>\n<\/tr>\n<tr class=\"row-28\">\n\t<td class=\"column-1\">Monte y Mar 4-2<\/td><td class=\"column-2\">2000<\/td><td class=\"column-3\">2005<\/td><td class=\"column-4\">575<\/td><td class=\"column-5\">Av. Polonia<\/td>\n<\/tr>\n<tr class=\"row-29\">\n\t<td class=\"column-1\">Monte y Mar 6A 6B<\/td><td class=\"column-2\">1998<\/td><td class=\"column-3\">2007<\/td><td class=\"column-4\">513<\/td><td class=\"column-5\">C. Luxemburgo \/ C. Holandia \/ C. Belgica<\/td>\n<\/tr>\n<tr class=\"row-30\">\n\t<td class=\"column-1\">Novabeach<\/td><td class=\"column-2\">2014<\/td><td class=\"column-3\">2014<\/td><td class=\"column-4\">83<\/td><td class=\"column-5\"><\/td>\n<\/tr>\n<tr class=\"row-31\">\n\t<td class=\"column-1\">Novamar I - IV<\/td><td class=\"column-2\">2001<\/td><td class=\"column-3\">2005<\/td><td class=\"column-4\">1065<\/td><td class=\"column-5\"><\/td>\n<\/tr>\n<tr class=\"row-32\">\n\t<td class=\"column-1\">Olivo de Oro<\/td><td class=\"column-2\">1999<\/td><td class=\"column-3\">1999<\/td><td class=\"column-4\">31<\/td><td class=\"column-5\">Av. Escandinavia<\/td>\n<\/tr>\n<tr class=\"row-33\">\n\t<td class=\"column-1\">Panorama<\/td><td class=\"column-2\">1983<\/td><td class=\"column-3\">1983<\/td><td class=\"column-4\">160<\/td><td class=\"column-5\">C. Asturias<\/td>\n<\/tr>\n<tr class=\"row-34\">\n\t<td class=\"column-1\">Panorama Sea View<\/td><td class=\"column-2\">1983<\/td><td class=\"column-3\">1983<\/td><td class=\"column-4\">281<\/td><td class=\"column-5\">C. Asia \/ c. Oceania<\/td>\n<\/tr>\n<tr class=\"row-35\">\n\t<td class=\"column-1\">Pino Mar<\/td><td class=\"column-2\">1997<\/td><td class=\"column-3\">1997<\/td><td class=\"column-4\">19<\/td><td class=\"column-5\">Av. Mediterraneo<\/td>\n<\/tr>\n<tr class=\"row-36\">\n\t<td class=\"column-1\">Puerto Marino \/ Port Mar\u00ed<\/td><td class=\"column-2\">2003<\/td><td class=\"column-3\">2006<\/td><td class=\"column-4\">448<\/td><td class=\"column-5\">C. Finlandia<\/td>\n<\/tr>\n<tr class=\"row-37\">\n\t<td class=\"column-1\">San Sebastian<\/td><td class=\"column-2\">2008<\/td><td class=\"column-3\">2019<\/td><td class=\"column-4\">682<\/td><td class=\"column-5\"><\/td>\n<\/tr>\n<tr class=\"row-38\">\n\t<td class=\"column-1\">Santa Pola Life Resort<\/td><td class=\"column-2\">2008<\/td><td class=\"column-3\">2008<\/td><td class=\"column-4\">200<\/td><td class=\"column-5\"><\/td>\n<\/tr>\n<tr class=\"row-39\">\n\t<td class=\"column-1\">Sierra Mar<\/td><td class=\"column-2\">1982<\/td><td class=\"column-3\">1989<\/td><td class=\"column-4\">350<\/td><td class=\"column-5\">Den siste blokken ble bygget i 1989 (Calle Rio *)<\/td>\n<\/tr>\n<tr class=\"row-40\">\n\t<td class=\"column-1\">Solero Hills<\/td><td class=\"column-2\">2017<\/td><td class=\"column-3\">2021<\/td><td class=\"column-4\">52<\/td><td class=\"column-5\"><\/td>\n<\/tr>\n<tr class=\"row-41\">\n\t<td class=\"column-1\">Sol y Playa<\/td><td class=\"column-2\">1989<\/td><td class=\"column-3\">1989<\/td><td class=\"column-4\">84<\/td><td class=\"column-5\">C. Rioja<\/td>\n<\/tr>\n<tr class=\"row-42\">\n\t<td class=\"column-1\">Sueno Azul<\/td><td class=\"column-2\">1988<\/td><td class=\"column-3\">1988<\/td><td class=\"column-4\">120<\/td><td class=\"column-5\"><\/td>\n<\/tr>\n<tr class=\"row-43\">\n\t<td class=\"column-1\">Sukha<\/td><td class=\"column-2\">2019<\/td><td class=\"column-3\">2021<\/td><td class=\"column-4\">101<\/td><td class=\"column-5\"><\/td>\n<\/tr>\n<tr class=\"row-44\">\n\t<td class=\"column-1\">Victoria Playa<\/td><td class=\"column-2\">2002<\/td><td class=\"column-3\">2004<\/td><td class=\"column-4\">127<\/td><td class=\"column-5\"><\/td>\n<\/tr>\n<tr class=\"row-45\">\n\t<td class=\"column-1\">Vista Bahia<\/td><td class=\"column-2\">2003<\/td><td class=\"column-3\">2005<\/td><td class=\"column-4\">85<\/td><td class=\"column-5\">C. Orden Dorico<\/td>\n<\/tr>\n<\/tbody>\n<\/table>\n<!-- #tablepress-1 from cache -->\n","protected":false},"excerpt":{"rendered":"<p>Gran Alacant er et distrikt i Santa Pola som ligger i provinsen Alicante p\u00e5 Costa Blanca i Spania. Distriktet ligger omtrent 12 minutter med taxi&hellip;<\/p>\n","protected":false},"author":2,"featured_media":0,"parent":0,"menu_order":0,"comment_status":"closed","ping_status":"closed","template":"","meta":{"footnotes":""},"class_list":["post-26","page","type-page","status-publish","hentry"],"_links":{"self":[{"href":"https:\/\/www.granalacant.com\/no\/wp-json\/wp\/v2\/pages\/26","targetHints":{"allow":["GET"]}}],"collection":[{"href":"https:\/\/www.granalacant.com\/no\/wp-json\/wp\/v2\/pages"}],"about":[{"href":"https:\/\/www.granalacant.com\/no\/wp-json\/wp\/v2\/types\/page"}],"author":[{"embeddable":true,"href":"https:\/\/www.granalacant.com\/no\/wp-json\/wp\/v2\/users\/2"}],"replies":[{"embeddable":true,"href":"https:\/\/www.granalacant.com\/no\/wp-json\/wp\/v2\/comments?post=26"}],"version-history":[{"count":15,"href":"https:\/\/www.granalacant.com\/no\/wp-json\/wp\/v2\/pages\/26\/revisions"}],"predecessor-version":[{"id":147,"href":"https:\/\/www.granalacant.com\/no\/wp-json\/wp\/v2\/pages\/26\/revisions\/147"}],"wp:attachment":[{"href":"https:\/\/www.granalacant.com\/no\/wp-json\/wp\/v2\/media?parent=26"}],"curies":[{"name":"wp","href":"https:\/\/api.w.org\/{rel}","templated":true}]}}