{"id":40,"date":"2021-05-26T18:15:58","date_gmt":"2021-05-26T16:15:58","guid":{"rendered":"https:\/\/www.granalacant.com\/?page_id=94"},"modified":"2021-08-25T15:15:37","modified_gmt":"2021-08-25T13:15:37","slug":"gran-alacant-vaer","status":"publish","type":"page","link":"https:\/\/www.granalacant.com\/no\/gran-alacant-vaer\/","title":{"rendered":"Gran Alacant V\u00e6rvarsel &#x2600;&#xfe0f;"},"content":{"rendered":"<p>Gran Alacant V\u00e6r og 4-dagers v\u00e6rvarsel for Gran Alacant:<\/p>\n<p><iframe loading=\"lazy\" id=\"iframe_aemet_id03121\" src=\"https:\/\/www.aemet.es\/en\/eltiempo\/prediccion\/municipios\/mostrarwidget\/santa-pola-id03121?w=g4p01110001ohmffffffw600z190x4f86d9t95b6e9r1s3n2\" name=\"iframe_aemet_id03121\" width=\"100%\" height=\"200\" frameborder=\"0\" scrolling=\"yes\"><\/iframe><\/p>\n<p>V\u00e6rvarselet for Gran Alacant \/ Santa Pola er en av de mest n\u00f8yaktige fra den offisielle Spania-v\u00e6ravdelingen. Stasjonen ligger p\u00e5 Alicante lufthavn, omtrent 10 minutter fra Gran Alacant. For \u00e5 sjekke v\u00e6ret i dag p\u00e5 en databas per time, <a href=\"http:\/\/www.aemet.es\/en\/eltiempo\/prediccion\/municipios\/horas\/santa-pola-id03121\" target=\"_blank\" rel=\"noopener\">klikk bare her<\/a>.<\/p>\n<h3>Vanntemperaturene og prognosen for Gran Alacant-strendene (Playa del Carabass\u00ed og Playa n\u00e6r Los Arenales)<\/h3>\n\n<p>Den n\u00e5v\u00e6rende fargen p\u00e5 flagget p\u00e5 Gran Alacant -stranden finner du <a href=\"https:\/\/www.granalacant.com\/no\/playa-del-carabassi-beach\/\"><mark>her<\/mark><\/a>. Hvis dette er r\u00f8dt, f\u00e5r du ikke slippe ut i vannet!<\/p>\n<h3>Private v\u00e6rstasjoner i Gran Alacant (WeatherCloud)<\/h3>\n<p><img loading=\"lazy\" decoding=\"async\" class=\"alignnone size-medium wp-image-215\" src=\"https:\/\/www.granalacant.com\/wp-content\/uploads\/2021\/06\/local-weather-stations-gran-alacant-300x261.jpg\" alt=\"v\u00e6rstasjoner i Gran Alacant\" width=\"300\" height=\"261\" \/><\/p>\n<ol>\n<li>Disse dataene er samlet av en privat v\u00e6rstasjon i Gran Alacant (Don Pueblo @ oppe p\u00e5 bakken):<a href=\"https:\/\/app.weathercloud.net\/d4957070083\"><img decoding=\"async\" src=\"https:\/\/app.weathercloud.net\/device\/sticker\/4957070083\" \/><\/a><\/li>\n<li>En annen v\u00e6rstasjon i Los Arenales del Sol (n\u00e6r stranden):<br \/>\n<a href=\"https:\/\/app.weathercloud.net\/d5401284707\"><img decoding=\"async\" src=\"https:\/\/app.weathercloud.net\/device\/sticker\/5401284707\" \/><\/a><\/li>\n<\/ol>\n<h3>Gran Alacant Webcam \/ VideoCam \/ V\u00e6rkamera<br \/>\n(Strand @ Los Arenales del Sol \/ Playa del Carabass\u00ed)<\/h3>\n<p><a href=\"https:\/\/windy.com\/webcams\/1562931662\" target=\"_blank\" rel=\"noopener\" name=\"windy-webcam-timelapse-player\" data-id=\"1562931662\" data-play=\"day\">Alicante: Valenza &#8211; Arenals del Sol<\/a><script async type=\"text\/javascript\" src=\"https:\/\/webcams.windy.com\/webcams\/public\/embed\/script\/player.js\"><\/script><\/p>\n<h3>Gran Alacant m\u00e5nedlige klimadiagram<\/h3>\n<p><img loading=\"lazy\" decoding=\"async\" class=\"alignleft wp-image-100 size-full\" src=\"https:\/\/www.granalacant.com\/wp-content\/uploads\/2021\/05\/climate-graph-gran-alacant.jpg\" alt=\"Climate Graph Gran Alacant\" width=\"677\" height=\"604\" \/><\/p>\n<h3>Gran Alacant n\u00e5v\u00e6rende vind- og luftstr\u00f8mskart<\/h3>\n<p><iframe loading=\"lazy\" src=\"https:\/\/embed.windy.com\/embed2.html?lat=38.246&amp;lon=-0.536&amp;detailLat=38.246&amp;detailLon=-0.536&amp;width=650&amp;height=450&amp;zoom=9&amp;level=surface&amp;overlay=wind&amp;product=ecmwf&amp;menu=&amp;message=&amp;marker=&amp;calendar=now&amp;pressure=&amp;type=map&amp;location=coordinates&amp;detail=&amp;metricWind=default&amp;metricTemp=default&amp;radarRange=-1\" width=\"650\" height=\"450\" frameborder=\"0\"><\/iframe><\/p>\n<h3>Gran Alacant vindstatistikk<\/h3>\n<p><script src=\"https:\/\/www.windfinder.com\/widget\/statistics\/js\/gran_alacant_santa_pola?unit_wind=kmh&#038;unit_temperature=c\"><\/script><noscript><a rel=\"nofollow\" href=\"https:\/\/www.windfinder.com\/statistics\/gran_alacant_santa_pola?utm_source=statistics&#038;utm_medium=web&#038;utm_campaign=homepageweather&#038;utm_content=noscript-statistics\">Wind forecast for Gran Alacant\/Santa Pola<\/a> provided by <a rel=\"nofollow\" href=\"https:\/\/www.windfinder.com?utm_source=statistics&#038;utm_medium=web&#038;utm_campaign=homepageweather&#038;utm_content=noscript-logo\">windfinder.com<\/a><\/noscript><\/p>\n<h3>Vinddata &amp; V\u00e6rvarsel for Gran Alacant \/ Spania<\/h3>\n<p><script src=\"https:\/\/www.windfinder.com\/widget\/forecast\/js\/gran_alacant_santa_pola?unit_wave=m&#038;unit_rain=mm&#038;unit_temperature=c&#038;unit_wind=kmh&#038;days=4&#038;show_day=0\"><\/script><noscript><a rel=\"nofollow\" href=\"https:\/\/www.windfinder.com\/forecast\/gran_alacant_santa_pola?utm_source=forecast&#038;utm_medium=web&#038;utm_campaign=homepageweather&#038;utm_content=noscript-forecast\">Wind forecast for Gran Alacant and Santa Pola<\/a> provided by <a rel=\"nofollow\" href=\"https:\/\/www.windfinder.com?utm_source=forecast&#038;utm_medium=web&#038;utm_campaign=homepageweather&#038;utm_content=noscript-logo\">windfinder.com<\/a><\/noscript><\/p>\n","protected":false},"excerpt":{"rendered":"<p>Gran Alacant V\u00e6r og 4-dagers v\u00e6rvarsel for Gran Alacant: V\u00e6rvarselet for Gran Alacant \/ Santa Pola er en av de mest n\u00f8yaktige fra den offisielle&hellip;<\/p>\n","protected":false},"author":2,"featured_media":0,"parent":0,"menu_order":0,"comment_status":"closed","ping_status":"closed","template":"","meta":{"footnotes":""},"class_list":["post-40","page","type-page","status-publish","hentry"],"_links":{"self":[{"href":"https:\/\/www.granalacant.com\/no\/wp-json\/wp\/v2\/pages\/40","targetHints":{"allow":["GET"]}}],"collection":[{"href":"https:\/\/www.granalacant.com\/no\/wp-json\/wp\/v2\/pages"}],"about":[{"href":"https:\/\/www.granalacant.com\/no\/wp-json\/wp\/v2\/types\/page"}],"author":[{"embeddable":true,"href":"https:\/\/www.granalacant.com\/no\/wp-json\/wp\/v2\/users\/2"}],"replies":[{"embeddable":true,"href":"https:\/\/www.granalacant.com\/no\/wp-json\/wp\/v2\/comments?post=40"}],"version-history":[{"count":8,"href":"https:\/\/www.granalacant.com\/no\/wp-json\/wp\/v2\/pages\/40\/revisions"}],"predecessor-version":[{"id":85,"href":"https:\/\/www.granalacant.com\/no\/wp-json\/wp\/v2\/pages\/40\/revisions\/85"}],"wp:attachment":[{"href":"https:\/\/www.granalacant.com\/no\/wp-json\/wp\/v2\/media?parent=40"}],"curies":[{"name":"wp","href":"https:\/\/api.w.org\/{rel}","templated":true}]}}