{"id":62,"date":"2021-06-20T21:19:21","date_gmt":"2021-06-20T19:19:21","guid":{"rendered":"https:\/\/www.granalacant.com\/?page_id=237"},"modified":"2025-03-27T22:20:20","modified_gmt":"2025-03-27T20:20:20","slug":"gran-alacant-hus-boliger","status":"publish","type":"page","link":"https:\/\/www.granalacant.com\/no\/gran-alacant-hus-boliger\/","title":{"rendered":"Boliger i Gran Alacant \/ Alicante"},"content":{"rendered":"<p>Eiendomsbransjen og virksomheten med alle typer eiendommer er viktig for \u00f8konomien i <strong>Gran Alacant<\/strong>. P\u00e5 grunn av den raske veksten i distriktet siden 1990-tallet, da over 10.000 nye boenheter ble solgt i mer enn 40 urbanisasjoner, hovedsakelig <strong>boliger<\/strong> og <strong>feriehus leiligheter<\/strong> mellom 60 og 120 kvm, kan man beregne at salget av nye bygninger alene m\u00e5 ha gjennomsnittlig rundt 400 enheter per \u00e5r de siste 20 \u00e5rene.<\/p>\n<p>I tillegg oppbevares et feriehus vanligvis bare i en periode p\u00e5 omtrent 5 til 10 \u00e5r f\u00f8r det selges igjen. Det kan derfor ansl\u00e5s at rundt 700 eiendommer kj\u00f8pes og selges \u00e5rlig bare i Gran Alacant. I 2021 ble om lag 31,5 prosent av alle eiendomstransaksjoner i Alicante-regionen gjort med utlendinger. Denne andelen er absolutt mye h\u00f8yere i Gran Alacant, fordi de fleste eiendommene her er feriehus og leiligheter. Generelt er if\u00f8lge <a href=\"https:\/\/www.registradores.org\/principal\/revista\/otros\/guideAIpp\/html5\/index.html?page=1&amp;noflash\" target=\"_blank\" rel=\"noopener\">Colegio de Registradores<\/a> (offisiell portal for den spanske eiendomsbransjen) Alicante-provinsen nummer 3 i Spania n\u00e5r det gjelder antall kj\u00f8p og salg av eiendom.<\/p>\n<p><img loading=\"lazy\" decoding=\"async\" class=\"wp-image-581 size-full aligncenter\" src=\"https:\/\/www.granalacant.com\/wp-content\/uploads\/2022\/09\/masa-costruction.png\" alt=\"Masa Construction Gran Alacant\" width=\"600\" height=\"384\" \/><\/p>\n<p><strong>Gran Alacant fortsetter \u00e5 vokse!<\/strong><br \/>\nPlanene i tingboken (Sede Electr\u00f3nica del Catastro), er det for tiden bygningsomr\u00e5der i Gran Alacant som indikerer et volum p\u00e5 ca. 3000 nye hus (per 2021)! S\u00e5 lenge bankenes renter holder seg p\u00e5 det n\u00e5v\u00e6rende lave niv\u00e5et og pantel\u00e5nene dermed er overkommelige, st\u00e5r ingenting i veien for videre vekst p\u00e5 Costa Blanca.<\/p>\n<p>Med den raske veksten og det h\u00f8ye antallet utenlandske investorer, eiendommen sektor i Gran Alacant har ogs\u00e5 spesielle vilk\u00e5r for kj\u00f8p og salg av eiendom. Mange utenlandske huseiere og flateiere bruker eiendomsmeglere som snakker eiernes morsm\u00e5l godt eller kommer fra hjemlandet. P\u00e5 grunn av at mange skandinaver og briter eier eiendom i Gran Alacant, er eiendomsmeglere med hovedkontor i disse nordiske landene sterkt involvert i salg av tilgjengelige eiendommer i Gran Alacant. Selvf\u00f8lgelig er det ogs\u00e5 eiendomsmeglere i Gran Alacant som har lokale kontorer eller en filial av morselskapet direkte i Gran Alacant \/ Alicante.<\/p>\n<p>Disse byr\u00e5ene tar seg vanligvis av alle formaliteter knyttet til kj\u00f8pet av eiendommen og ordner vanligvis ogs\u00e5 selskaper for lovlig r\u00e5dgivning og notarial gjennomf\u00f8ring av kj\u00f8pet samt registrering og omregistrering av vann, str\u00f8m og gass. Utlendinger som ikke er registrert i Spania og \u00f8nsker \u00e5 kj\u00f8pe en spansk eiendom, trenger ogs\u00e5 et spansk NIE-nummer, som kan s\u00f8kes p\u00e5 det spanske konsulatet i det respektive landet.<\/p>\n<p>Vi har samlet en oversikt over Gran Alacant eiendomsmeglere og lokal eiendom byr\u00e5er for deg i denne listen. De fleste nybygg og nybygg i Gran Alacant er bygget eller markedsf\u00f8rt av f\u00f8lgende selskaper og utviklere MASA (f.eks. Vision), TM Grupo (f.eks. Novamar), ASA Grupo (f.eks. Bahia), Nara (f.eks. Sukah), Taylor Wimpey og Espacio ( f.eks. Merdian) i Gran Alacant.<\/p>\n<p><strong>Kj\u00f8pe eiendommer i Gran Alacant?<\/strong><br \/>\nHvis du planlegger \u00e5 kj\u00f8pe et hus eller en leilighet i Gran Alacant, kan du velge mellom f\u00f8lgende eiendomsoppf\u00f8ringer:<\/p>\n<p>&#8211; Kj\u00f8pe hus i Gran Alacant<br \/>\n&#8211; Leilighetskj\u00f8p i Gran Alacant<br \/>\n&#8211; <a href=\"https:\/\/alicante-property.no\/\" target=\"_blank\" rel=\"noopener\">Boliger i Alicante<\/a><\/p>\n<p>Leie \/ utleie i Gran Alacant?<br \/>\nHvis du planlegger \u00e5 leie en fritidseiendom, kan du velge mellom f\u00f8lgende alternativer:<\/p>\n<p>&#8211; Feriehus til leie i Gran Alacant<br \/>\n&#8211; Leie leiligheter i Gran Alacant<\/p>\n<p>Salg av eiendommer i Gran Alacant? i Gran Alacant og du er p\u00e5 utkikk etter en eiendomsmegler, velg ett av disse alternativene:<\/p>\n<p>&#8211; Selg et hus i Gran Alacant<br \/>\n&#8211; Leilighet til salgs i Gran Alacant<\/p>\n<p>Hvis du har noen forslag eller tips om ny utvikling jeg n Gran Alacant eller nye eiendomsoppf\u00f8ringer, send oss \u200b\u200ben e-post p\u00e5 <a href=\"mailto:info@granalacant.com\">info@granalacant.com<\/a>.<\/p>\n","protected":false},"excerpt":{"rendered":"<p>Eiendomsbransjen og virksomheten med alle typer eiendommer er viktig for \u00f8konomien i Gran Alacant. P\u00e5 grunn av den raske veksten i distriktet siden 1990-tallet, da&hellip;<\/p>\n","protected":false},"author":2,"featured_media":0,"parent":0,"menu_order":0,"comment_status":"closed","ping_status":"closed","template":"","meta":{"footnotes":""},"class_list":["post-62","page","type-page","status-publish","hentry"],"_links":{"self":[{"href":"https:\/\/www.granalacant.com\/no\/wp-json\/wp\/v2\/pages\/62","targetHints":{"allow":["GET"]}}],"collection":[{"href":"https:\/\/www.granalacant.com\/no\/wp-json\/wp\/v2\/pages"}],"about":[{"href":"https:\/\/www.granalacant.com\/no\/wp-json\/wp\/v2\/types\/page"}],"author":[{"embeddable":true,"href":"https:\/\/www.granalacant.com\/no\/wp-json\/wp\/v2\/users\/2"}],"replies":[{"embeddable":true,"href":"https:\/\/www.granalacant.com\/no\/wp-json\/wp\/v2\/comments?post=62"}],"version-history":[{"count":8,"href":"https:\/\/www.granalacant.com\/no\/wp-json\/wp\/v2\/pages\/62\/revisions"}],"predecessor-version":[{"id":156,"href":"https:\/\/www.granalacant.com\/no\/wp-json\/wp\/v2\/pages\/62\/revisions\/156"}],"wp:attachment":[{"href":"https:\/\/www.granalacant.com\/no\/wp-json\/wp\/v2\/media?parent=62"}],"curies":[{"name":"wp","href":"https:\/\/api.w.org\/{rel}","templated":true}]}}