{"id":80,"date":"2021-07-02T18:57:20","date_gmt":"2021-07-02T16:57:20","guid":{"rendered":"https:\/\/www.granalacant.com\/?page_id=247"},"modified":"2021-08-25T15:12:11","modified_gmt":"2021-08-25T13:12:11","slug":"playa-del-carabassi-beach","status":"publish","type":"page","link":"https:\/\/www.granalacant.com\/no\/playa-del-carabassi-beach\/","title":{"rendered":"Playa Carabass\u00ed &#x26f1;&#xfe0f; Gran Alacant -stranden"},"content":{"rendered":"<p>Gran Alacant har tilgang til to av de beste og vakreste strendene langs Costa Blanca -kysten. Carabassi -stranden er den n\u00e6rmeste.<\/p>\n<p><strong>Playa del Carabassi &#8211; naturlig, sandstrand og svakt skr\u00e5nende strand<\/strong><\/p>\n<p>Den n\u00e6rmeste stranden til Gran Alacant er El Carabass\u00ed -stranden, som ligger i gangavstand fra Gran Alacant og bare ca 17 km fra sentrum av Alicante og har direkte forbindelse til Los Arenales del Sol -stranden.<\/p>\n<p>Innbyggere, gjester og bes\u00f8kende p\u00e5 Gran Alacant kan n\u00e5 Carabassi -stranden til fots. Los Arenals del Sol -stranden ligger bare noen f\u00e5 meter ved siden av Carabassi -stranden og er gratis for alle. Begge strendene er naturlige sandstrender hvor du kan sole deg og slappe av. Du kan bade i sj\u00f8en fra mai til oktober. Ligger like utenfor Alicante, og det er en strand med fin sand og krystallklart vann perfekt for bading. Stranden har mange fasiliteter som dusj og garderober, slik at du kan s\u00f8rge for \u00e5 v\u00e6re forberedt f\u00f8r du g\u00e5r i vannet! Det er ogs\u00e5 strandklubber, restauranter og barer tilgjengelig langs stranden eller bare noen f\u00e5 skritt i retning til Gran Alacant.<\/p>\n<p>I motsetning til Los Arenales -stranden har denne stranden ingen bygninger bak seg og ingen promenade. Den ligger rett under den lille steinen med samme navn og har et vakkert sanddynesystem.<\/p>\n<p>For \u00e5 komme til sanden m\u00e5 du passere gjennom et system med trebaner som er bygd for \u00e5 beskytte sanddynenes vakre \u00f8kosystem.<\/p>\n<p><strong>Sv\u00f8mming i sj\u00f8en p\u00e5 Gran Alacant -stranden:<\/strong><\/p>\n<p>Stranden er bevoktet av badevakter i l\u00f8pet av sesongen. Sonene der du kan sv\u00f8mme er merket med gule b\u00f8yer og er tilstrekkelig brede. V\u00e6r oppmerksom p\u00e5 at du IKKE har adgang til vannet n\u00e5r det r\u00f8de eller svarte flagget er oppe. Bare n\u00e5r flagget viser fargene &laquo;gul&raquo; og &laquo;gr\u00f8nn&raquo; bading er tillatt! Det r\u00f8de flagget vises vanligvis p\u00e5 denne stranden n\u00e5r det bl\u00e5ser veldig.<br \/>\nI badesesongen er det badevakt p\u00e5 Playa Carabassi mellom kl. 10.00 og 20.00. I l\u00f8pet av denne tiden signaliserer et flagg p\u00e5 stranden farestatusen. <span style=\"color: green;\">GREEN<\/span> = &laquo;alt OK&raquo;, <mark>GUL<\/mark> = &laquo;forsiktig&raquo;, <span style=\"color: red;\">R\u00d8D<\/span> = &laquo;ikke sv\u00f8mming&raquo;.<\/p>\n<blockquote><\/blockquote>\n<p><strong>Parkering n\u00e6r stranden i Gran Alacant<\/strong><\/p>\n<p>Det er ogs\u00e5 parkering i n\u00e6rheten langs veien Av. San Bartolom\u00e9 de Tirajana fra Gran Alacant til Los Arenales, samt p\u00e5 veien mot Santa Pola, som ogs\u00e5 f\u00f8rer til hundestranden.<\/p>\n<p><strong>Godt \u00e5 vite: sanddyner og naturiststrand<\/strong><\/p>\n<p>El Carabass\u00ed -stranden er ogs\u00e5 en naturiststrand i retning Santa Pola. I sanddynene s\u00f8ker folk sitt intime rom og solbrenner kroppen i solen i et misunnelsesverdig naturmilj\u00f8.<\/p>\n<p>Sanddynene befolket av sm\u00e5 krypdyr som gjemmer seg i buskene, og typiske middelhavs furutr\u00e6r kan bli funnet rett ved siden av sanddynene.<\/p>\n<p>Sanden er gylden, og det er en av de strendene der det tar litt tid \u00e5 komme seg ned i kne-dypt vann. P\u00e5 havbunnen finner du sm\u00e5 steiner med marint liv og fisk noen steder. Det er definitivt verdt \u00e5 ta med et par dykkerbriller.<\/p>\n<p>Dette er en av de vakreste strendene i hele Spania, og det er ogs\u00e5 ganske lett \u00e5 f\u00e5 ogs\u00e5.<\/p>\n<p>Denne stranden kobles til flere andre strandlinjer, noe som gir et flott eventyr n\u00e5r du utforsker forskjellige omr\u00e5der i n\u00e6rheten; Men hvis du vil ha en enklere m\u00e5te \u00e5 reise tilbake p\u00e5, er dette kanskje ikke det beste alternativet, da det ikke er mange alternativer i n\u00e6rheten eller langs bredden.<\/p>\n<p><strong>Elsker du naturen? Bes\u00f8k naturreservatet Clot de Galvany ved siden av stranden<\/strong><\/p>\n<p>Clot de Galvany er et v\u00e5tmark som har rundt 200 typer planter og dyr. Med en h\u00f8y bestand av fugler, sommerfugler og \u00f8yenstikkere, er det ingen overraskelse at Clot de Galvany er et av de viktigste v\u00e5tmarkene i Valencia. Det er ogs\u00e5 koblet til furuskogene og sanddynene i Playa del Carabass\u00ed, som er perfekte for fotturer. Du kan utforske dette vakre omr\u00e5det med familie eller venner!<\/p>\n<p>Det naturreservatet er ideelt for turg\u00e5ing, jogging eller sykling. Omr\u00e5det har ogs\u00e5 et rasteplass som brukes av mange mennesker, vanligvis p\u00e5 s\u00f8ndager, til \u00e5 tilbringe en dag p\u00e5 landet bare noen f\u00e5 meter fra sj\u00f8en.<\/p>\n<p>Dette beskyttede v\u00e5tmarket, som strekker seg til omr\u00e5det til de tidligere bunkers og gr\u00f8fter mot Balsares med dammer og er forbundet med furuskogene og sanddynene i El Carabass\u00ed. Langs stiene finner du dammer, Aleppo -furuer, holm eik, oliventr\u00e6r og en rekke aromatiske busker som timian, lavendel og rosmarin. Den brune porr\u00f3n, gr\u00e5bl\u00e5gr\u00f8nn og malvasia med hvit hode er bare noen av dyrene som kaller dette stedet hjem. Hvis du leter etter et nytt eventyrsted, kan du bes\u00f8ke Gran Alacant Play del Carabass\u00ed &amp; Clot de Galvany i dag!<\/p>\n","protected":false},"excerpt":{"rendered":"<p>Gran Alacant har tilgang til to av de beste og vakreste strendene langs Costa Blanca -kysten. Carabassi -stranden er den n\u00e6rmeste. Playa del Carabassi &#8211;&hellip;<\/p>\n","protected":false},"author":2,"featured_media":0,"parent":0,"menu_order":0,"comment_status":"closed","ping_status":"closed","template":"","meta":{"footnotes":""},"class_list":["post-80","page","type-page","status-publish","hentry"],"_links":{"self":[{"href":"https:\/\/www.granalacant.com\/no\/wp-json\/wp\/v2\/pages\/80","targetHints":{"allow":["GET"]}}],"collection":[{"href":"https:\/\/www.granalacant.com\/no\/wp-json\/wp\/v2\/pages"}],"about":[{"href":"https:\/\/www.granalacant.com\/no\/wp-json\/wp\/v2\/types\/page"}],"author":[{"embeddable":true,"href":"https:\/\/www.granalacant.com\/no\/wp-json\/wp\/v2\/users\/2"}],"replies":[{"embeddable":true,"href":"https:\/\/www.granalacant.com\/no\/wp-json\/wp\/v2\/comments?post=80"}],"version-history":[{"count":3,"href":"https:\/\/www.granalacant.com\/no\/wp-json\/wp\/v2\/pages\/80\/revisions"}],"predecessor-version":[{"id":83,"href":"https:\/\/www.granalacant.com\/no\/wp-json\/wp\/v2\/pages\/80\/revisions\/83"}],"wp:attachment":[{"href":"https:\/\/www.granalacant.com\/no\/wp-json\/wp\/v2\/media?parent=80"}],"curies":[{"name":"wp","href":"https:\/\/api.w.org\/{rel}","templated":true}]}}