{"id":44,"date":"2021-06-16T19:27:08","date_gmt":"2021-06-16T17:27:08","guid":{"rendered":"https:\/\/www.granalacant.com\/pl\/?page_id=44"},"modified":"2021-07-09T22:01:42","modified_gmt":"2021-07-09T20:01:42","slug":"pogoda-gran-alacant","status":"publish","type":"page","link":"https:\/\/www.granalacant.com\/pl\/pogoda-gran-alacant\/","title":{"rendered":"Pogoda w Gran Alacant"},"content":{"rendered":"<p>Pogoda w Gran Alacant i 4 dni prognoza pogody dla Gran Alacant \/ Costa Blanca (ES):<\/p>\n<p><iframe loading=\"lazy\" id=\"iframe_aemet_id03121\" src=\"https:\/\/www.aemet.es\/en\/eltiempo\/prediccion\/municipios\/mostrarwidget\/santa-pola-id03121?w=g4p01110001ohmffffffw600z190x4f86d9t95b6e9r1s3n2\" name=\"iframe_aemet_id03121\" width=\"100%\" height=\"200\" frameborder=\"0\" scrolling=\"yes\"><\/iframe><\/p>\n<p>Prognoza pogody Narodowego Instytutu Meteorologicznego w Hiszpanii dla Gran Alacant \/ Santa Pola jest jedn\u0105 z najdok\u0142adniejszych, jakie mo\u017cna uzyska\u0107 online. Stacja meteorologiczna znajduje si\u0119 bezpo\u015brednio przy lotnisku w Alicante, oko\u0142o 10 minut od Gran Alacant. Aby sprawdzi\u0107 pogod\u0119 na dzi\u015b w przegl\u0105dzie godzinowym, wystarczy klikn\u0105\u0107 <a href=\"http:\/\/www.aemet.es\/en\/eltiempo\/prediccion\/municipios\/horas\/santa-pola-id03121\">tutaj<\/a>.<\/p>\n<h3>Aktualne temperatury wody i prognozy dla pla\u017cy w Gran Alacant (Playa del Carabass\u00ed &amp; Playa Cerca de Los Arenales)<\/h3>\n<ul><li>Dzisiaj,  13.05.2026 temperatura wody w morzu wynosi  <b>18 C\u00b0<\/b>.<\/li><li>W dniu 14.05.2026 temperatura wody w morzu wynosi\u0107  <b>19 C\u00b0<\/b>.<\/li><li>W dniu 15.05.2026 temperatura wody w morzu wynosi\u0107  <b>19 C\u00b0<\/b>.<\/li><\/ul>\n<h3>WeatherCloud &#8211; Stacje pogodowe w Gran Alacant i okolice<\/h3>\n<p><img decoding=\"async\" loading=\"lazy\" class=\"alignnone size-medium wp-image-215\" src=\"https:\/\/www.granalacant.com\/wp-content\/uploads\/2021\/06\/local-weather-stations-gran-alacant-300x261.jpg\" alt=\"Stacje pogodowe w Gran Alacant i okolice\" width=\"300\" height=\"261\" \/><\/p>\n<ol>\n<li>Ta prywatna stacja pogodowa zbiera dane w Gran Alacant (w dzielnicy Don Pueblo na szczycie g\u00f3ry):<br \/>\n<a href=\"https:\/\/app.weathercloud.net\/d4957070083\"><img decoding=\"async\" src=\"https:\/\/app.weathercloud.net\/device\/sticker\/4957070083\" \/><\/a><\/li>\n<li>Kolejna stacja meteorologiczna znajduje si\u0119 na pla\u017cy w Los Arenales del Sol:<br \/>\n<a href=\"https:\/\/app.weathercloud.net\/d5401284707\"><img decoding=\"async\" src=\"https:\/\/app.weathercloud.net\/device\/sticker\/5401284707\" \/><\/a><\/li>\n<li>Trzecia stacja do rejestracji pogody znajduje si\u0119 w pobli\u017cu centrum handlowego Gran Alacant:<br \/>\n<a href=\"https:\/\/app.weathercloud.net\/d3119145282\"><img decoding=\"async\" src=\"https:\/\/app.weathercloud.net\/device\/sticker\/3119145282\" \/><\/a><\/li>\n<\/ol>\n<h3>Wykres klimatyczny Gran Alacant<\/h3>\n<p><img decoding=\"async\" loading=\"lazy\" class=\"alignleft wp-image-100 size-full\" src=\"https:\/\/www.granalacant.com\/wp-content\/uploads\/2021\/05\/climate-graph-gran-alacant.jpg\" alt=\"Klimat Gran Alacantlacant\" width=\"677\" height=\"604\" \/><\/p>\n<h3>Gran Alacant Webcam \/ Live-Cam\/ Kamera pogodowa<br \/>\n(Na pla\u017cy w Los Arenales del Sol \/ Playa del Carabass\u00ed)<\/h3>\n<p><a href=\"https:\/\/www.algarapictures.com\/webcam\" target=\"_blank\" rel=\"nofollow noopener\"><img decoding=\"async\" loading=\"lazy\" class=\"alignnone wp-image-276 size-full\" src=\"https:\/\/www.granalacant.com\/wp-content\/uploads\/2021\/07\/webcam-gran-alacant-beach-los-arenales.jpg\" alt=\"Webcam Gran Alacant BEach Los Arenales\" width=\"798\" height=\"496\" \/><\/a><\/p>\n<h3>Gran Alacant aktualny wiatr i mapa pr\u0105d\u00f3w wiatrowych<\/h3>\n<p><iframe loading=\"lazy\" src=\"https:\/\/embed.windy.com\/embed2.html?lat=38.246&amp;lon=-0.536&amp;detailLat=38.246&amp;detailLon=-0.536&amp;width=650&amp;height=450&amp;zoom=9&amp;level=surface&amp;overlay=wind&amp;product=ecmwf&amp;menu=&amp;message=&amp;marker=&amp;calendar=now&amp;pressure=&amp;type=map&amp;location=coordinates&amp;detail=&amp;metricWind=default&amp;metricTemp=default&amp;radarRange=-1\" width=\"650\" height=\"450\" frameborder=\"0\"><\/iframe><\/p>\n<h3>Statystyki wiatru Gran Alacant<\/h3>\n<p><script src=\"https:\/\/www.windfinder.com\/widget\/statistics\/js\/gran_alacant_santa_pola?unit_wind=kmh&#038;unit_temperature=c\"><\/script><noscript><a rel=\"nofollow\" href=\"https:\/\/www.windfinder.com\/statistics\/gran_alacant_santa_pola?utm_source=statistics&#038;utm_medium=web&#038;utm_campaign=homepageweather&#038;utm_content=noscript-statistics\">Wind forecast for Gran Alacant\/Santa Pola<\/a> provided by <a rel=\"nofollow\" href=\"https:\/\/www.windfinder.com?utm_source=statistics&#038;utm_medium=web&#038;utm_campaign=homepageweather&#038;utm_content=noscript-logo\">windfinder.com<\/a><\/noscript><\/p>\n<h3>Dane wiatrowe i prognoza pogody dla Gran Alacant w Hiszpanii<\/h3>\n<p><script src=\"https:\/\/www.windfinder.com\/widget\/forecast\/js\/gran_alacant_santa_pola?unit_wave=m&#038;unit_rain=mm&#038;unit_temperature=c&#038;unit_wind=kmh&#038;days=4&#038;show_day=0\"><\/script><\/p>\n","protected":false},"excerpt":{"rendered":"<p>Pogoda w Gran Alacant i 4 dni prognoza pogody dla Gran Alacant \/ Costa Blanca (ES): Prognoza pogody Narodowego Instytutu Meteorologicznego w Hiszpanii dla Gran&hellip;<\/p>\n","protected":false},"author":1,"featured_media":0,"parent":0,"menu_order":0,"comment_status":"closed","ping_status":"closed","template":"","meta":[],"_links":{"self":[{"href":"https:\/\/www.granalacant.com\/pl\/wp-json\/wp\/v2\/pages\/44"}],"collection":[{"href":"https:\/\/www.granalacant.com\/pl\/wp-json\/wp\/v2\/pages"}],"about":[{"href":"https:\/\/www.granalacant.com\/pl\/wp-json\/wp\/v2\/types\/page"}],"author":[{"embeddable":true,"href":"https:\/\/www.granalacant.com\/pl\/wp-json\/wp\/v2\/users\/1"}],"replies":[{"embeddable":true,"href":"https:\/\/www.granalacant.com\/pl\/wp-json\/wp\/v2\/comments?post=44"}],"version-history":[{"count":3,"href":"https:\/\/www.granalacant.com\/pl\/wp-json\/wp\/v2\/pages\/44\/revisions"}],"predecessor-version":[{"id":59,"href":"https:\/\/www.granalacant.com\/pl\/wp-json\/wp\/v2\/pages\/44\/revisions\/59"}],"wp:attachment":[{"href":"https:\/\/www.granalacant.com\/pl\/wp-json\/wp\/v2\/media?parent=44"}],"curies":[{"name":"wp","href":"https:\/\/api.w.org\/{rel}","templated":true}]}}