{"id":43,"date":"2021-06-16T19:14:18","date_gmt":"2021-06-16T17:14:18","guid":{"rendered":"https:\/\/www.granalacant.com\/se\/?page_id=43"},"modified":"2021-07-09T22:02:30","modified_gmt":"2021-07-09T20:02:30","slug":"vaeder-gran-alacant","status":"publish","type":"page","link":"https:\/\/www.granalacant.com\/se\/vaeder-gran-alacant\/","title":{"rendered":"V\u00e4der i Gran Alacant"},"content":{"rendered":"<p>V\u00e4der i Gran Alacant och 4 dagars v\u00e4derprognos f\u00f6r Gran Alacant \/ Costa Blanca (ES):<\/p>\n<p><iframe loading=\"lazy\" id=\"iframe_aemet_id03121\" src=\"https:\/\/www.aemet.es\/en\/eltiempo\/prediccion\/municipios\/mostrarwidget\/santa-pola-id03121?w=g4p01110001ohmffffffw600z190x4f86d9t95b6e9r1s3n2\" name=\"iframe_aemet_id03121\" width=\"100%\" height=\"200\" frameborder=\"0\" scrolling=\"yes\"><\/iframe><\/p>\n<p>V\u00e4derprognosen f\u00f6r det nationella v\u00e4derinstitutet i Spanien f\u00f6r Gran Alacant \/ Santa Pola \u00e4r en av de mest exakta som du kan fr\u00e5ga online. V\u00e4derstationen ligger direkt p\u00e5 Alicantes flygplats, cirka 10 minuter fr\u00e5n Gran Alacant. F\u00f6r att kontrollera v\u00e4dret f\u00f6r idag i en timme\u00f6versikt, klicka bara <a href=\"http:\/\/www.aemet.es\/en\/eltiempo\/prediccion\/municipios\/horas\/santa-pola-id03121\">h\u00e4r<\/a>.<\/p>\n<h3>Aktuell vattentemperatur och prognos f\u00f6r Gran Alacant-stranden (Playa del Carabass\u00ed &amp; Playa Cerca de Los Arenales)<\/h3>\n<ul><li>Idag, den 14.04.2026 ligger vattentemperaturen i havet  <b>15 C\u00b0<\/b>.<\/li><li>Den 15.04.2026 b\u00f6r vattentemperaturen i havet  vara <b>17 C\u00b0<\/b>.<\/li><li>Den 16.04.2026 b\u00f6r vattentemperaturen i havet  vara <b>18 C\u00b0<\/b>.<\/li><\/ul>\n<h3>WeatherCloud &#8211; V\u00e4derstationer i Gran Alacant och dess omgivningar<\/h3>\n<p><img loading=\"lazy\" decoding=\"async\" class=\"alignnone size-medium wp-image-215\" src=\"https:\/\/www.granalacant.com\/wp-content\/uploads\/2021\/06\/local-weather-stations-gran-alacant-300x261.jpg\" alt=\"V\u00e4derstationer i Gran Alacant och dess omgivningar\" width=\"300\" height=\"261\" \/><\/p>\n<ol>\n<li>Denna privata v\u00e4derstation samlar in data i Gran Alacant (i omr\u00e5det Don Pueblo @ p\u00e5 toppen av berget):<a href=\"https:\/\/app.weathercloud.net\/d4957070083\"><img decoding=\"async\" src=\"https:\/\/app.weathercloud.net\/device\/sticker\/4957070083\" alt=\"V\u00e4der i Gran Alacant\" \/><\/a><\/li>\n<li>En annan v\u00e4derstation ligger nere p\u00e5 stranden i Los Arenales del Sol:<br \/>\n<a href=\"https:\/\/app.weathercloud.net\/d5401284707\"><img decoding=\"async\" src=\"https:\/\/app.weathercloud.net\/device\/sticker\/5401284707\" alt=\"V\u00e4derleksrapport f\u00f6r Gran Alacant\" \/><\/a><\/li>\n<li>Och en tredje station f\u00f6r att spela in v\u00e4dret ligger n\u00e4ra k\u00f6pcentret Gran Alacant:<a href=\"https:\/\/app.weathercloud.net\/d3119145282\"><img decoding=\"async\" src=\"https:\/\/app.weathercloud.net\/device\/sticker\/3119145282\" \/><\/a><\/li>\n<\/ol>\n<h3>Gran Alacant klimatbord<\/h3>\n<p><img loading=\"lazy\" decoding=\"async\" class=\"alignleft wp-image-100 size-full\" src=\"https:\/\/www.granalacant.com\/wp-content\/uploads\/2021\/05\/climate-graph-gran-alacant.jpg\" alt=\"Gran Alacant klimatbord\" width=\"677\" height=\"604\" \/><\/p>\n<h3>Gran Alacant Webcam \/ Live-Cam\/ V\u00e4derkamera<br \/>\n(P\u00e5 stranden i Los Arenales del Sol \/ Playa del Carabass\u00ed)<\/h3>\n<p><a href=\"https:\/\/www.algarapictures.com\/webcam\" target=\"_blank\" rel=\"nofollow noopener\"><img loading=\"lazy\" decoding=\"async\" class=\"alignnone wp-image-276 size-full\" src=\"https:\/\/www.granalacant.com\/wp-content\/uploads\/2021\/07\/webcam-gran-alacant-beach-los-arenales.jpg\" alt=\"Webcam Gran Alacant BEach Los Arenales\" width=\"798\" height=\"496\" \/><\/a><\/p>\n<h3>Gran Alacant nuvarande vind- och vindfl\u00f6deskarta<\/h3>\n<p><iframe loading=\"lazy\" src=\"https:\/\/embed.windy.com\/embed2.html?lat=38.246&amp;lon=-0.536&amp;detailLat=38.246&amp;detailLon=-0.536&amp;width=650&amp;height=450&amp;zoom=9&amp;level=surface&amp;overlay=wind&amp;product=ecmwf&amp;menu=&amp;message=&amp;marker=&amp;calendar=now&amp;pressure=&amp;type=map&amp;location=coordinates&amp;detail=&amp;metricWind=default&amp;metricTemp=default&amp;radarRange=-1\" width=\"650\" height=\"450\" frameborder=\"0\"><\/iframe><\/p>\n<h3>Gran Alacant vindstatistik<\/h3>\n<p><script src=\"https:\/\/www.windfinder.com\/widget\/statistics\/js\/gran_alacant_santa_pola?unit_wind=kmh&#038;unit_temperature=c\"><\/script><noscript><a rel=\"nofollow\" href=\"https:\/\/www.windfinder.com\/statistics\/gran_alacant_santa_pola?utm_source=statistics&#038;utm_medium=web&#038;utm_campaign=homepageweather&#038;utm_content=noscript-statistics\">Wind forecast for Gran Alacant\/Santa Pola<\/a> provided by <a rel=\"nofollow\" href=\"https:\/\/www.windfinder.com?utm_source=statistics&#038;utm_medium=web&#038;utm_campaign=homepageweather&#038;utm_content=noscript-logo\">windfinder.com<\/a><\/noscript><\/p>\n<h3>Vinddata och v\u00e4derprognoser f\u00f6r Gran Alacant, Spanien<\/h3>\n<p><script src=\"https:\/\/www.windfinder.com\/widget\/forecast\/js\/gran_alacant_santa_pola?unit_wave=m&#038;unit_rain=mm&#038;unit_temperature=c&#038;unit_wind=kmh&#038;days=4&#038;show_day=0\"><\/script><\/p>\n","protected":false},"excerpt":{"rendered":"<p>V\u00e4der i Gran Alacant och 4 dagars v\u00e4derprognos f\u00f6r Gran Alacant \/ Costa Blanca (ES): V\u00e4derprognosen f\u00f6r det nationella v\u00e4derinstitutet i Spanien f\u00f6r Gran Alacant&hellip;<\/p>\n","protected":false},"author":1,"featured_media":0,"parent":0,"menu_order":0,"comment_status":"closed","ping_status":"closed","template":"","meta":{"footnotes":""},"_links":{"self":[{"href":"https:\/\/www.granalacant.com\/se\/wp-json\/wp\/v2\/pages\/43"}],"collection":[{"href":"https:\/\/www.granalacant.com\/se\/wp-json\/wp\/v2\/pages"}],"about":[{"href":"https:\/\/www.granalacant.com\/se\/wp-json\/wp\/v2\/types\/page"}],"author":[{"embeddable":true,"href":"https:\/\/www.granalacant.com\/se\/wp-json\/wp\/v2\/users\/1"}],"replies":[{"embeddable":true,"href":"https:\/\/www.granalacant.com\/se\/wp-json\/wp\/v2\/comments?post=43"}],"version-history":[{"count":3,"href":"https:\/\/www.granalacant.com\/se\/wp-json\/wp\/v2\/pages\/43\/revisions"}],"predecessor-version":[{"id":59,"href":"https:\/\/www.granalacant.com\/se\/wp-json\/wp\/v2\/pages\/43\/revisions\/59"}],"wp:attachment":[{"href":"https:\/\/www.granalacant.com\/se\/wp-json\/wp\/v2\/media?parent=43"}],"curies":[{"name":"wp","href":"https:\/\/api.w.org\/{rel}","templated":true}]}}